{"id":1026,"date":"2017-06-20T22:34:01","date_gmt":"2017-06-20T21:34:01","guid":{"rendered":"http:\/\/cercleape.com\/?page_id=1026"},"modified":"2017-06-20T22:34:01","modified_gmt":"2017-06-20T21:34:01","slug":"les-defis","status":"publish","type":"page","link":"https:\/\/www.cercleape.com\/?page_id=1026","title":{"rendered":"Les d\u00e9fis"},"content":{"rendered":"<p>Retrouver les th\u00e9matiques qui seront abord\u00e9es lors du hackathon mais chut, \u00a0ne pas trop en dire, un peu de suspense pour octobre tout de m\u00eame\u00a0\ud83d\ude0a\u00a0.<\/p>\n<p><strong>Envie de vous inscrire ? Cliquer <a href=\"https:\/\/www.eventbrite.com\/e\/billets-hackathon-apprendre-ensemble-a-lere-du-digital-37531713365\" target=\"_blank\" rel=\"noopener\">ici<\/a><\/strong><\/p>\n<ul>\n<li>\n<h3>1. Comment capitaliser et d\u00e9velopper ses comp\u00e9tences au sein d&rsquo;une communaut\u00e9 \u00e9tendue ?<\/h3>\n<\/li>\n<\/ul>\n<p><a href=\"https:\/\/www.eventbrite.com\/e\/billets-hackathon-apprendre-ensemble-a-lere-du-digital-37531713365\" target=\"_blank\" rel=\"noopener\"><img loading=\"lazy\" decoding=\"async\" class=\"alignnone size-full wp-image-1757\" src=\"https:\/\/www.cercleape.com\/wp-content\/uploads\/2017\/09\/1_dc3a9fis-du-hackathon.png\" alt=\"1_D\u00e9fis du Hackathon\" width=\"2560\" height=\"1440\" srcset=\"https:\/\/www.cercleape.com\/wp-content\/uploads\/2017\/09\/1_dc3a9fis-du-hackathon.png 2560w, https:\/\/www.cercleape.com\/wp-content\/uploads\/2017\/09\/1_dc3a9fis-du-hackathon-300x169.png 300w, https:\/\/www.cercleape.com\/wp-content\/uploads\/2017\/09\/1_dc3a9fis-du-hackathon-1024x576.png 1024w, https:\/\/www.cercleape.com\/wp-content\/uploads\/2017\/09\/1_dc3a9fis-du-hackathon-768x432.png 768w, https:\/\/www.cercleape.com\/wp-content\/uploads\/2017\/09\/1_dc3a9fis-du-hackathon-1536x864.png 1536w, https:\/\/www.cercleape.com\/wp-content\/uploads\/2017\/09\/1_dc3a9fis-du-hackathon-2048x1152.png 2048w, https:\/\/www.cercleape.com\/wp-content\/uploads\/2017\/09\/1_dc3a9fis-du-hackathon-1568x882.png 1568w\" sizes=\"auto, (max-width: 2560px) 100vw, 2560px\" \/><\/a><\/p>\n<ul>\n<li>\n<h3>2. Comment mettre l&rsquo;humour au coeur de la formation \u00e0 distance ?<\/h3>\n<\/li>\n<\/ul>\n<div id='gallery-1' class='gallery galleryid-1026 gallery-columns-3 gallery-size-thumbnail'><figure class='gallery-item'>\n\t\t\t<div class='gallery-icon landscape'>\n\t\t\t\t<a href='https:\/\/www.cercleape.com\/?attachment_id=1361'><img loading=\"lazy\" decoding=\"async\" width=\"150\" height=\"150\" src=\"https:\/\/www.cercleape.com\/wp-content\/uploads\/2017\/07\/dc3a9fi2-lhumour-au-coeur-de-la-trans-formation-digitale-150x150.jpg\" class=\"attachment-thumbnail size-thumbnail\" alt=\"\" \/><\/a>\n\t\t\t<\/div><\/figure><figure class='gallery-item'>\n\t\t\t<div class='gallery-icon landscape'>\n\t\t\t\t<a href='https:\/\/www.cercleape.com\/?attachment_id=1758'><img loading=\"lazy\" decoding=\"async\" width=\"150\" height=\"150\" src=\"https:\/\/www.cercleape.com\/wp-content\/uploads\/2017\/09\/2_dc3a9fis-du-hackathon-150x150.png\" class=\"attachment-thumbnail size-thumbnail\" alt=\"\" \/><\/a>\n\t\t\t<\/div><\/figure>\n\t\t<\/div>\n\n<ul>\n<li>\n<h3>3. Comment cr\u00e9er ensemble un kit pour hackathon \u00e0 distance gamifi\u00e9.<\/h3>\n<\/li>\n<\/ul>\n<div id='gallery-2' class='gallery galleryid-1026 gallery-columns-3 gallery-size-thumbnail'><figure class='gallery-item'>\n\t\t\t<div class='gallery-icon portrait'>\n\t\t\t\t<a href='https:\/\/www.cercleape.com\/?attachment_id=1351'><img loading=\"lazy\" decoding=\"async\" width=\"150\" height=\"150\" src=\"https:\/\/www.cercleape.com\/wp-content\/uploads\/2017\/07\/dc3a9fi3_kit-hackathon-c3a0-distance2-150x150.jpg\" class=\"attachment-thumbnail size-thumbnail\" alt=\"\" \/><\/a>\n\t\t\t<\/div><\/figure><figure class='gallery-item'>\n\t\t\t<div class='gallery-icon landscape'>\n\t\t\t\t<a href='https:\/\/www.cercleape.com\/?attachment_id=1759'><img loading=\"lazy\" decoding=\"async\" width=\"150\" height=\"150\" src=\"https:\/\/www.cercleape.com\/wp-content\/uploads\/2017\/09\/3_dc3a9fis-du-hackathon-150x150.png\" class=\"attachment-thumbnail size-thumbnail\" alt=\"\" \/><\/a>\n\t\t\t<\/div><\/figure>\n\t\t<\/div>\n\n<ul>\n<li>\n<h3>4. Comment introduire et d\u00e9velopper collectivement les relations interpersonnelles et interg\u00e9n\u00e9rationnelles dans l&rsquo;entreprise en utilisant la r\u00e9alit\u00e9 virtuelle ?<\/h3>\n<\/li>\n<\/ul>\n<div id='gallery-3' class='gallery galleryid-1026 gallery-columns-3 gallery-size-thumbnail'><figure class='gallery-item'>\n\t\t\t<div class='gallery-icon landscape'>\n\t\t\t\t<a href='https:\/\/www.cercleape.com\/?attachment_id=1350'><img loading=\"lazy\" decoding=\"async\" width=\"150\" height=\"150\" src=\"https:\/\/www.cercleape.com\/wp-content\/uploads\/2017\/07\/dc3a9fi2_softskill2-150x150.jpg\" class=\"attachment-thumbnail size-thumbnail\" alt=\"\" \/><\/a>\n\t\t\t<\/div><\/figure><figure class='gallery-item'>\n\t\t\t<div class='gallery-icon landscape'>\n\t\t\t\t<a href='https:\/\/www.cercleape.com\/?attachment_id=1762'><img loading=\"lazy\" decoding=\"async\" width=\"150\" height=\"150\" src=\"https:\/\/www.cercleape.com\/wp-content\/uploads\/2017\/09\/4_decc81fis-du-hackathon-150x150.png\" class=\"attachment-thumbnail size-thumbnail\" alt=\"\" \/><\/a>\n\t\t\t<\/div><\/figure>\n\t\t<\/div>\n\n<ul>\n<li>\n<h3>5. Comment piloter et collecter la data \u00e0 travers la formation ?<\/h3>\n<\/li>\n<\/ul>\n<div id='gallery-4' class='gallery galleryid-1026 gallery-columns-3 gallery-size-thumbnail'><figure class='gallery-item'>\n\t\t\t<div class='gallery-icon landscape'>\n\t\t\t\t<a href='https:\/\/www.cercleape.com\/?attachment_id=1352'><img loading=\"lazy\" decoding=\"async\" width=\"150\" height=\"150\" src=\"https:\/\/www.cercleape.com\/wp-content\/uploads\/2017\/07\/dc3a9fi4_piloter-et-collecter-la-data3-150x150.jpg\" class=\"attachment-thumbnail size-thumbnail\" alt=\"\" \/><\/a>\n\t\t\t<\/div><\/figure><figure class='gallery-item'>\n\t\t\t<div class='gallery-icon landscape'>\n\t\t\t\t<a href='https:\/\/www.cercleape.com\/?attachment_id=1763'><img loading=\"lazy\" decoding=\"async\" width=\"150\" height=\"150\" src=\"https:\/\/www.cercleape.com\/wp-content\/uploads\/2017\/09\/5_decc81fis-du-hackathon-150x150.png\" class=\"attachment-thumbnail size-thumbnail\" alt=\"\" \/><\/a>\n\t\t\t<\/div><\/figure>\n\t\t<\/div>\n\n<ul>\n<li>\n<h3>6. Comment aider mon organisation \u00e0 devenir une organisation apprenante et engag\u00e9e ?<\/h3>\n<\/li>\n<\/ul>\n<div id='gallery-5' class='gallery galleryid-1026 gallery-columns-3 gallery-size-thumbnail'><figure class='gallery-item'>\n\t\t\t<div class='gallery-icon landscape'>\n\t\t\t\t<a href='https:\/\/www.cercleape.com\/?attachment_id=1353'><img loading=\"lazy\" decoding=\"async\" width=\"150\" height=\"150\" src=\"https:\/\/www.cercleape.com\/wp-content\/uploads\/2017\/07\/dc3a9fi5_entreprise-apprenante-et-engagc3a9e3-150x150.jpg\" class=\"attachment-thumbnail size-thumbnail\" alt=\"\" \/><\/a>\n\t\t\t<\/div><\/figure><figure class='gallery-item'>\n\t\t\t<div class='gallery-icon landscape'>\n\t\t\t\t<a href='https:\/\/www.cercleape.com\/?attachment_id=1764'><img loading=\"lazy\" decoding=\"async\" width=\"150\" height=\"150\" src=\"https:\/\/www.cercleape.com\/wp-content\/uploads\/2017\/09\/6_decc81fis-du-hackathon-150x150.png\" class=\"attachment-thumbnail size-thumbnail\" alt=\"\" \/><\/a>\n\t\t\t<\/div><\/figure>\n\t\t<\/div>\n\n<p>&nbsp;<\/p>\n<ul>\n<li>\n<h3>7. Comment vivre et faire vivre une int\u00e9gration immersive et collaborative dans mon organisation ?<\/h3>\n<\/li>\n<\/ul>\n<div id='gallery-6' class='gallery galleryid-1026 gallery-columns-3 gallery-size-thumbnail'><figure class='gallery-item'>\n\t\t\t<div class='gallery-icon portrait'>\n\t\t\t\t<a href='https:\/\/www.cercleape.com\/?attachment_id=1355'><img loading=\"lazy\" decoding=\"async\" width=\"150\" height=\"150\" src=\"https:\/\/www.cercleape.com\/wp-content\/uploads\/2017\/07\/dc3a9fi9-intc3a9gration-immersive-et-collaborative1-150x150.jpg\" class=\"attachment-thumbnail size-thumbnail\" alt=\"\" \/><\/a>\n\t\t\t<\/div><\/figure><figure class='gallery-item'>\n\t\t\t<div class='gallery-icon landscape'>\n\t\t\t\t<a href='https:\/\/www.cercleape.com\/?attachment_id=1767'><img loading=\"lazy\" decoding=\"async\" width=\"150\" height=\"150\" src=\"https:\/\/www.cercleape.com\/wp-content\/uploads\/2017\/09\/9_decc81fis-du-hackathon-150x150.png\" class=\"attachment-thumbnail size-thumbnail\" alt=\"\" \/><\/a>\n\t\t\t<\/div><\/figure>\n\t\t<\/div>\n\n<ul>\n<li>\n<h3>8. Comment faciliter des dynamiques de coop\u00e9ration, d\u2019action et de capitalisation du savoir ? Quel serait l\u2019apport du digital dans la p\u00e9dagogie ?<\/h3>\n<\/li>\n<\/ul>\n<div id='gallery-7' class='gallery galleryid-1026 gallery-columns-3 gallery-size-thumbnail'><figure class='gallery-item'>\n\t\t\t<div class='gallery-icon landscape'>\n\t\t\t\t<a href='https:\/\/www.cercleape.com\/?attachment_id=1356'><img loading=\"lazy\" decoding=\"async\" width=\"150\" height=\"150\" src=\"https:\/\/www.cercleape.com\/wp-content\/uploads\/2017\/07\/dc3a9fi10-apprentissage-de-groupe-par-la-rc3a9alitc3a9-virtuelle1-150x150.jpg\" class=\"attachment-thumbnail size-thumbnail\" alt=\"\" \/><\/a>\n\t\t\t<\/div><\/figure><figure class='gallery-item'>\n\t\t\t<div class='gallery-icon landscape'>\n\t\t\t\t<a href='https:\/\/www.cercleape.com\/?attachment_id=1768'><img loading=\"lazy\" decoding=\"async\" width=\"150\" height=\"150\" src=\"https:\/\/www.cercleape.com\/wp-content\/uploads\/2017\/09\/10_decc81fis-du-hackathon-150x150.png\" class=\"attachment-thumbnail size-thumbnail\" alt=\"\" \/><\/a>\n\t\t\t<\/div><\/figure>\n\t\t<\/div>\n\n<ul>\n<li>\n<h3>9. Comment ne pas (se) former aux m\u00e9tiers d\u2019hier ?<\/h3>\n<\/li>\n<\/ul>\n<div id='gallery-8' class='gallery galleryid-1026 gallery-columns-3 gallery-size-thumbnail'><figure class='gallery-item'>\n\t\t\t<div class='gallery-icon landscape'>\n\t\t\t\t<a href='https:\/\/www.cercleape.com\/?attachment_id=1357'><img loading=\"lazy\" decoding=\"async\" width=\"150\" height=\"150\" src=\"https:\/\/www.cercleape.com\/wp-content\/uploads\/2017\/07\/dc3a9fi11-apprendre-les-mc3a9tiers-dhier1-150x150.jpg\" class=\"attachment-thumbnail size-thumbnail\" alt=\"\" \/><\/a>\n\t\t\t<\/div><\/figure><figure class='gallery-item'>\n\t\t\t<div class='gallery-icon landscape'>\n\t\t\t\t<a href='https:\/\/www.cercleape.com\/?attachment_id=1769'><img loading=\"lazy\" decoding=\"async\" width=\"150\" height=\"150\" src=\"https:\/\/www.cercleape.com\/wp-content\/uploads\/2017\/09\/11_decc81fis-du-hackathon-150x150.png\" class=\"attachment-thumbnail size-thumbnail\" alt=\"\" \/><\/a>\n\t\t\t<\/div><\/figure>\n\t\t<\/div>\n\n<ul>\n<li>\n<h3>10. Comment apprendre en situation de handicap gr\u00e2ce \u00e0 la 3D ?<\/h3>\n<\/li>\n<\/ul>\n<div id='gallery-9' class='gallery galleryid-1026 gallery-columns-3 gallery-size-thumbnail'><figure class='gallery-item'>\n\t\t\t<div class='gallery-icon landscape'>\n\t\t\t\t<a href='https:\/\/www.cercleape.com\/?attachment_id=1365'><img loading=\"lazy\" decoding=\"async\" width=\"150\" height=\"150\" src=\"https:\/\/www.cercleape.com\/wp-content\/uploads\/2017\/08\/dc3a9fi13-utilisation-de-la-3d-150x150.jpg\" class=\"attachment-thumbnail size-thumbnail\" alt=\"\" \/><\/a>\n\t\t\t<\/div><\/figure><figure class='gallery-item'>\n\t\t\t<div class='gallery-icon landscape'>\n\t\t\t\t<a href='https:\/\/www.cercleape.com\/?attachment_id=1770'><img loading=\"lazy\" decoding=\"async\" width=\"150\" height=\"150\" src=\"https:\/\/www.cercleape.com\/wp-content\/uploads\/2017\/09\/13_decc81fis-du-hackathon-150x150.png\" class=\"attachment-thumbnail size-thumbnail\" alt=\"\" \/><\/a>\n\t\t\t<\/div><\/figure>\n\t\t<\/div>\n\n<ul>\n<li>\n<h3>11. Comment permettre aux apprenant de piloter leur parcours d&rsquo;apprentissage individuel avec une application ou un robot ?<\/h3>\n<\/li>\n<\/ul>\n<div id='gallery-10' class='gallery galleryid-1026 gallery-columns-3 gallery-size-thumbnail'><figure class='gallery-item'>\n\t\t\t<div class='gallery-icon portrait'>\n\t\t\t\t<a href='https:\/\/www.cercleape.com\/?attachment_id=1699'><img loading=\"lazy\" decoding=\"async\" width=\"150\" height=\"150\" src=\"https:\/\/www.cercleape.com\/wp-content\/uploads\/2017\/09\/dc3a9fi14-piloter-parcours-individuel-apprentissage_robot-150x150.jpg\" class=\"attachment-thumbnail size-thumbnail\" alt=\"\" \/><\/a>\n\t\t\t<\/div><\/figure><figure class='gallery-item'>\n\t\t\t<div class='gallery-icon landscape'>\n\t\t\t\t<a href='https:\/\/www.cercleape.com\/?attachment_id=1771'><img loading=\"lazy\" decoding=\"async\" width=\"150\" height=\"150\" src=\"https:\/\/www.cercleape.com\/wp-content\/uploads\/2017\/09\/14_decc81fis-du-hackathon-150x150.png\" class=\"attachment-thumbnail size-thumbnail\" alt=\"\" \/><\/a>\n\t\t\t<\/div><\/figure>\n\t\t<\/div>\n\n","protected":false},"excerpt":{"rendered":"<p>Retrouver les th\u00e9matiques qui seront abord\u00e9es lors du hackathon mais chut, \u00a0ne pas trop en dire, un peu de suspense &hellip; <\/p>\n","protected":false},"author":3,"featured_media":1756,"parent":173,"menu_order":0,"comment_status":"closed","ping_status":"closed","template":"","meta":{"footnotes":""},"class_list":["post-1026","page","type-page","status-publish","has-post-thumbnail","hentry"],"_links":{"self":[{"href":"https:\/\/www.cercleape.com\/index.php?rest_route=\/wp\/v2\/pages\/1026","targetHints":{"allow":["GET"]}}],"collection":[{"href":"https:\/\/www.cercleape.com\/index.php?rest_route=\/wp\/v2\/pages"}],"about":[{"href":"https:\/\/www.cercleape.com\/index.php?rest_route=\/wp\/v2\/types\/page"}],"author":[{"embeddable":true,"href":"https:\/\/www.cercleape.com\/index.php?rest_route=\/wp\/v2\/users\/3"}],"replies":[{"embeddable":true,"href":"https:\/\/www.cercleape.com\/index.php?rest_route=%2Fwp%2Fv2%2Fcomments&post=1026"}],"version-history":[{"count":0,"href":"https:\/\/www.cercleape.com\/index.php?rest_route=\/wp\/v2\/pages\/1026\/revisions"}],"up":[{"embeddable":true,"href":"https:\/\/www.cercleape.com\/index.php?rest_route=\/wp\/v2\/pages\/173"}],"wp:featuredmedia":[{"embeddable":true,"href":"https:\/\/www.cercleape.com\/index.php?rest_route=\/wp\/v2\/media\/1756"}],"wp:attachment":[{"href":"https:\/\/www.cercleape.com\/index.php?rest_route=%2Fwp%2Fv2%2Fmedia&parent=1026"}],"curies":[{"name":"wp","href":"https:\/\/api.w.org\/{rel}","templated":true}]}}