{"id":1492,"date":"2017-09-12T10:48:03","date_gmt":"2017-09-12T09:48:03","guid":{"rendered":"https:\/\/cercleape.wordpress.com\/?page_id=1492"},"modified":"2017-09-12T10:48:03","modified_gmt":"2017-09-12T09:48:03","slug":"le-lieu","status":"publish","type":"page","link":"https:\/\/www.cercleape.com\/?page_id=1492","title":{"rendered":"Le lieu"},"content":{"rendered":"<p>Le hackathon est accueilli par l&rsquo;un ses partenaires, l&rsquo;IFCAM, l&rsquo;universit\u00e9 du Cr\u00e9dit Agricole. Il aura lieu au sein de l&rsquo;immeuble Silvae qui accueille les tous nouveaux locaux du Campus.<\/p>\n<p>A Silvae, l\u2019IFCAM dispose des\u00a0<strong>salles<\/strong>, spacieuses, vari\u00e9es, modulaires, adapt\u00e9es aux\u00a0<strong>m\u00e9thodes p\u00e9dagogiques modernes et dot\u00e9es d\u2019\u00e9quipement audiovisuels et multim\u00e9dias performants<\/strong>, favorisant l\u2019usage du digital en pr\u00e9sentiel.<\/p>\n<p>De quoi favoriser un environnement propice \u00e0 l&rsquo;intelligence collective.<\/p>\n<p><strong>Y ALLER<\/strong><\/p>\n<p><strong>IFCAM<\/strong><br \/>\n51 avenue Jean Jaur\u00e8s<br \/>\n92120 Montrouge<\/p>\n<p>[googlemaps https:\/\/www.google.com\/maps\/embed?pb=!1m18!1m12!1m3!1d2627.1744428531433!2d2.3117182156729053!3d48.81673297928353!2m3!1f0!2f0!3f0!3m2!1i1024!2i768!4f13.1!3m3!1m2!1s0x47e670ff5f4a4703%3A0xf71c4d773e10cdbd!2s51+Av.+Jean+Jaur%C3%A8s%2C+92120+Montrouge!5e0!3m2!1sfr!2sfr!4v1505551100503&amp;w=600&amp;h=450]<\/p>\n<p class=\"title\"><span style=\"text-decoration:underline;\"><strong>Venir en voiture :<\/strong><\/span><\/p>\n<div class=\"full-content\">\n<div class=\"full-content\">\n<p><strong>Par le p\u00e9riph\u00e9rique<\/strong>\u00a0: le Campus est rapidement accessible depuis la Porte d\u2019Orl\u00e9ans et la Porte de Ch\u00e2tillon.<\/p>\n<p><strong>Par les autoroutes<\/strong> : les autoroutes A86, A6, A10 et A11 sont tr\u00e8s proches du Campus.<\/p>\n<p>Par la nationale\u00a0: la RN20 (avenue Aristide Briand) assure une liaison<br \/>\navec l\u2019A86 \u00e0 la hauteur d\u2019Antony.<\/p>\n<p><strong>Parking<\/strong><\/p>\n<p>Parking Verdier-R\u00e9publique &#8211; Montrouge (6 mn \u00e0 pied)<br \/>\nParking couvert payant<br \/>\n27 Avenue Verdier<br \/>\n01 46 55 28 52<\/p>\n<p>Parking Gabriel P\u00e9ri &#8211; Montrouge (8 mn \u00e0 pied)<br \/>\nParking couvert payant<br \/>\n33 Rue Gabriel P\u00e9ri<br \/>\n01 46 55 28 52<br \/>\nOuvert 24h\/24<\/p>\n<p>Parking Henri Ginoux (9 mn \u00e0 pied )<br \/>\nParking couvert payant<br \/>\n93 Avenue Henri Ginoux<br \/>\n01 46 55 28 52<\/p>\n<p><span style=\"text-decoration:underline;\"><strong>Venir en m\u00e9tro<\/strong><\/span><\/p>\n<p><strong>Ligne 4<\/strong>\u00a0&#8211; Porte de Clignancourt \/ Mairie de Montrouge<\/p>\n<\/div>\n<\/div>\n<div class=\"full-content\">\n<div class=\"full-content\">\n<p>&#8211;&gt; Station Mairie de Montrouge \u00e0 240 m\u00e8tres (3mn \u00e0 pied).<\/p>\n<p><strong>Ligne 13<\/strong>\u00a0&#8211; Saint-Denis Universit\u00e9 &#8211; Asni\u00e8res- Gennevilliers \/ Ch\u00e2tillon-Montrouge<br \/>\n&#8211;&gt; Station Ch\u00e2tillon-Montrouge \u00e0 1,1 km (15mn \u00e0 pied).<\/p>\n<p><span style=\"text-decoration:underline;\"><strong>Venir en bus<\/strong><\/span><\/p>\n<\/div>\n<\/div>\n<p><strong>Bus N\u00b068<\/strong> &#8211; Place de Clichy \/ Ch\u00e2tillon Montrouge<br \/>\n&#8211;&gt; Arr\u00eats Place des Etats-Unis \u00e0 10mn et Jean Jaur\u00e8s \u00e0 250m<\/p>\n<p><strong>Bus N\u00b0126<\/strong> &#8211; Parc de Saint-Cloud \/ Porte d&rsquo;Orl\u00e9ans<br \/>\n&#8211;&gt; Arr\u00eats Radiguey \u00e0 30m et Mairie de Montrouge \u00e0 500m<\/p>\n<div class=\"full-content\">\n<div><strong>Bus N\u00b0128<\/strong> &#8211; Porte d&rsquo;Orl\u00e9ans \/ Robinson RER<br \/>\n&#8211;&gt; Arr\u00eat Mairie de Montrouge \u00e0 500m<\/div>\n<div><\/div>\n<div><strong>Bus 476<\/strong> &#8211; SQYBUS<br \/>\n&#8211;&gt; Arr\u00eats maie de Montrouge et Gabriel Peri, jusqu&rsquo;\u00e0 Saint-Quentin-en-Yvelines \u00e0 500m<\/div>\n<div><\/div>\n<div><strong>Bus N\u00b0187 \/ 188 \/ 197 \/ 297<\/strong><br \/>\n&#8211;&gt; Arr\u00eat Gabriel Peri \u00e0 1km<\/div>\n<\/div>\n<div><\/div>\n<div><\/div>\n<div><\/div>\n<div>\n<div id='gallery-1' class='gallery galleryid-1492 gallery-columns-3 gallery-size-thumbnail'><figure class='gallery-item'>\n\t\t\t<div class='gallery-icon landscape'>\n\t\t\t\t<a href='https:\/\/www.cercleape.com\/?attachment_id=1524'><img loading=\"lazy\" decoding=\"async\" width=\"150\" height=\"150\" src=\"https:\/\/www.cercleape.com\/wp-content\/uploads\/2017\/09\/photos-ifcam-1-150x150.jpg\" class=\"attachment-thumbnail size-thumbnail\" alt=\"\" \/><\/a>\n\t\t\t<\/div><\/figure><figure class='gallery-item'>\n\t\t\t<div class='gallery-icon landscape'>\n\t\t\t\t<a href='https:\/\/www.cercleape.com\/?attachment_id=1526'><img loading=\"lazy\" decoding=\"async\" width=\"150\" height=\"150\" src=\"https:\/\/www.cercleape.com\/wp-content\/uploads\/2017\/09\/photos-ifcam-3-150x150.jpg\" class=\"attachment-thumbnail size-thumbnail\" alt=\"\" \/><\/a>\n\t\t\t<\/div><\/figure><figure class='gallery-item'>\n\t\t\t<div class='gallery-icon landscape'>\n\t\t\t\t<a href='https:\/\/www.cercleape.com\/?attachment_id=1525'><img loading=\"lazy\" decoding=\"async\" width=\"150\" height=\"150\" src=\"https:\/\/www.cercleape.com\/wp-content\/uploads\/2017\/09\/photos-ifcam-2-150x150.jpg\" class=\"attachment-thumbnail size-thumbnail\" alt=\"\" \/><\/a>\n\t\t\t<\/div><\/figure><figure class='gallery-item'>\n\t\t\t<div class='gallery-icon landscape'>\n\t\t\t\t<a href='https:\/\/www.cercleape.com\/?attachment_id=1457'><img loading=\"lazy\" decoding=\"async\" width=\"150\" height=\"150\" src=\"https:\/\/www.cercleape.com\/wp-content\/uploads\/2017\/09\/img_4420-150x150.jpg\" class=\"attachment-thumbnail size-thumbnail\" alt=\"\" \/><\/a>\n\t\t\t<\/div><\/figure><figure class='gallery-item'>\n\t\t\t<div class='gallery-icon landscape'>\n\t\t\t\t<a href='https:\/\/www.cercleape.com\/?attachment_id=1456'><img loading=\"lazy\" decoding=\"async\" width=\"150\" height=\"150\" src=\"https:\/\/www.cercleape.com\/wp-content\/uploads\/2017\/09\/img_4419-150x150.jpg\" class=\"attachment-thumbnail size-thumbnail\" alt=\"\" \/><\/a>\n\t\t\t<\/div><\/figure><figure class='gallery-item'>\n\t\t\t<div class='gallery-icon landscape'>\n\t\t\t\t<a href='https:\/\/www.cercleape.com\/?attachment_id=1455'><img loading=\"lazy\" decoding=\"async\" width=\"150\" height=\"150\" src=\"https:\/\/www.cercleape.com\/wp-content\/uploads\/2017\/09\/img_4400-150x150.jpg\" class=\"attachment-thumbnail size-thumbnail\" alt=\"\" \/><\/a>\n\t\t\t<\/div><\/figure><figure class='gallery-item'>\n\t\t\t<div class='gallery-icon landscape'>\n\t\t\t\t<a href='https:\/\/www.cercleape.com\/?attachment_id=1454'><img loading=\"lazy\" decoding=\"async\" width=\"150\" height=\"150\" src=\"https:\/\/www.cercleape.com\/wp-content\/uploads\/2017\/09\/img_4409-150x150.jpg\" class=\"attachment-thumbnail size-thumbnail\" alt=\"\" \/><\/a>\n\t\t\t<\/div><\/figure>\n\t\t<\/div>\n\n<\/div>\n<p>\u00a0<\/p>\n","protected":false},"excerpt":{"rendered":"<p>Le hackathon est accueilli par l&rsquo;un ses partenaires, l&rsquo;IFCAM, l&rsquo;universit\u00e9 du Cr\u00e9dit Agricole. Il aura lieu au sein de l&rsquo;immeuble &hellip; <\/p>\n","protected":false},"author":3,"featured_media":1639,"parent":173,"menu_order":0,"comment_status":"closed","ping_status":"closed","template":"","meta":{"footnotes":""},"class_list":["post-1492","page","type-page","status-publish","has-post-thumbnail","hentry"],"_links":{"self":[{"href":"https:\/\/www.cercleape.com\/index.php?rest_route=\/wp\/v2\/pages\/1492","targetHints":{"allow":["GET"]}}],"collection":[{"href":"https:\/\/www.cercleape.com\/index.php?rest_route=\/wp\/v2\/pages"}],"about":[{"href":"https:\/\/www.cercleape.com\/index.php?rest_route=\/wp\/v2\/types\/page"}],"author":[{"embeddable":true,"href":"https:\/\/www.cercleape.com\/index.php?rest_route=\/wp\/v2\/users\/3"}],"replies":[{"embeddable":true,"href":"https:\/\/www.cercleape.com\/index.php?rest_route=%2Fwp%2Fv2%2Fcomments&post=1492"}],"version-history":[{"count":0,"href":"https:\/\/www.cercleape.com\/index.php?rest_route=\/wp\/v2\/pages\/1492\/revisions"}],"up":[{"embeddable":true,"href":"https:\/\/www.cercleape.com\/index.php?rest_route=\/wp\/v2\/pages\/173"}],"wp:featuredmedia":[{"embeddable":true,"href":"https:\/\/www.cercleape.com\/index.php?rest_route=\/wp\/v2\/media\/1639"}],"wp:attachment":[{"href":"https:\/\/www.cercleape.com\/index.php?rest_route=%2Fwp%2Fv2%2Fmedia&parent=1492"}],"curies":[{"name":"wp","href":"https:\/\/api.w.org\/{rel}","templated":true}]}}