{"id":173,"date":"2017-06-16T22:02:52","date_gmt":"2017-06-16T21:02:52","guid":{"rendered":"https:\/\/cercleape.wordpress.com\/?page_id=173"},"modified":"2017-06-16T22:02:52","modified_gmt":"2017-06-16T21:02:52","slug":"hackathon_48h_pour_innover","status":"publish","type":"page","link":"https:\/\/www.cercleape.com\/?page_id=173","title":{"rendered":"Hackathon &#8211; 48 h pour innover"},"content":{"rendered":"<p><strong>Objectif\u00a0<\/strong><\/p>\n<p style=\"text-align:justify;\"><span style=\"font-weight:400;\">L&rsquo;objectif de ce Hackathon est de rassembler des profils et comp\u00e9tences vari\u00e9s pour r\u00e9pondre \u00e0 des probl\u00e9matiques d\u2019entreprises, d\u2019organisations, d\u2019individus et de collectifs et de r\u00e9aliser des prototypes dans un temps limit\u00e9.<\/span><\/p>\n<p style=\"text-align:justify;\">Notre th\u00e9matique \u00ab\u00a0<strong>Apprendre\u00a0ensemble de 3 \u00e0 99 ans \u00e0 l\u2019\u00e8re du digital<\/strong>\u00ab\u00a0.<\/p>\n<p style=\"text-align:justify;\"><span style=\"font-weight:400;\">Les contributions seront <strong>mutualis\u00e9es et largement partageables<\/strong>. Les productions du Hackathon seront libres d\u2019usage (\ufb01lms, vid\u00e9os, prototypes, \u2026) Et potentiellement partag\u00e9es au sein de la communaut\u00e9 du cercle APE, sur les r\u00e9seaux sociaux, sur le site du Hackathon et aupr\u00e8s de tous les relais.<\/span><\/p>\n","protected":false},"excerpt":{"rendered":"<p>Un hackathon, qu&rsquo;est-ce que c&rsquo;est ?<br \/>\nLes d\u00e9fis, les partenaires, le lieu, le programme. Retrouvez tous les \u00e9l\u00e9ments et &#8230; inscrivez-vous, vite !<\/p>\n","protected":false},"author":4,"featured_media":0,"parent":0,"menu_order":0,"comment_status":"closed","ping_status":"closed","template":"","meta":{"footnotes":""},"class_list":["post-173","page","type-page","status-publish","hentry"],"_links":{"self":[{"href":"https:\/\/www.cercleape.com\/index.php?rest_route=\/wp\/v2\/pages\/173","targetHints":{"allow":["GET"]}}],"collection":[{"href":"https:\/\/www.cercleape.com\/index.php?rest_route=\/wp\/v2\/pages"}],"about":[{"href":"https:\/\/www.cercleape.com\/index.php?rest_route=\/wp\/v2\/types\/page"}],"author":[{"embeddable":true,"href":"https:\/\/www.cercleape.com\/index.php?rest_route=\/wp\/v2\/users\/4"}],"replies":[{"embeddable":true,"href":"https:\/\/www.cercleape.com\/index.php?rest_route=%2Fwp%2Fv2%2Fcomments&post=173"}],"version-history":[{"count":0,"href":"https:\/\/www.cercleape.com\/index.php?rest_route=\/wp\/v2\/pages\/173\/revisions"}],"wp:attachment":[{"href":"https:\/\/www.cercleape.com\/index.php?rest_route=%2Fwp%2Fv2%2Fmedia&parent=173"}],"curies":[{"name":"wp","href":"https:\/\/api.w.org\/{rel}","templated":true}]}}