{"id":174,"date":"2016-10-14T21:02:55","date_gmt":"2016-10-14T20:02:55","guid":{"rendered":"https:\/\/cercleape.wordpress.com\/?page_id=174"},"modified":"2016-10-14T21:02:55","modified_gmt":"2016-10-14T20:02:55","slug":"les-coulisses-du-cercle","status":"publish","type":"page","link":"https:\/\/www.cercleape.com\/?page_id=174","title":{"rendered":"Coulisses"},"content":{"rendered":"<p>14 octobre 2016, c&rsquo;est parti !<\/p>\n<p style=\"text-align:justify;\">Un sondage doodle a \u00e9t\u00e9 lanc\u00e9 afin de recenser les personnes int\u00e9ress\u00e9es par cette belle aventure qu&rsquo;est l&rsquo;organisation d&rsquo;un Hackathon.<\/p>\n<p style=\"text-align:justify;\">Premier rendez-vous ce vendredi 14 octobre.\u00a0S&rsquo;ensuivront bien d&rsquo;autres rencontres, que vous retrouverez dans \u00ab\u00a0<a href=\"https:\/\/cercleape.com\/nos-rdv\/\" rel=\"noopener\">nos rendez-vous\u00a0\u00bb<\/a>.<\/p>\n<p style=\"text-align:justify;\">Et puis comme le convivial, la bonne humeur et l&rsquo;esprit de partage sont nos caract\u00e9ristiques nous baptisons ce moment \u00ab\u00a0Happy Hour Hackathon\u00a0\u00bb \ud83d\ude0a qui deviendra #HHH sur Twitter.<\/p>\n<p style=\"text-align:justify;\">Dans l&rsquo;esprit d&rsquo;apprendre ensemble, nous avons voulu partager avec vous, chers lecteurs, \u00a0un aper\u00e7u de cette pr\u00e9paration. A travers ces pages, vous allez d\u00e9couvrir les coulisses de la pr\u00e9paration d&rsquo;un hackathon hors les murs, que ce soit les rencontres de l&rsquo;\u00e9quipe d&rsquo;organisation ou bien celles avec nos partenaires.<\/p>\n<p>&nbsp;<\/p>\n<p>&nbsp;<\/p>\n","protected":false},"excerpt":{"rendered":"<p>14 octobre 2016, c&rsquo;est parti ! Un sondage doodle a \u00e9t\u00e9 lanc\u00e9 afin de recenser les personnes int\u00e9ress\u00e9es par cette &hellip; <\/p>\n","protected":false},"author":4,"featured_media":296,"parent":0,"menu_order":0,"comment_status":"closed","ping_status":"closed","template":"","meta":{"footnotes":""},"class_list":["post-174","page","type-page","status-publish","has-post-thumbnail","hentry"],"_links":{"self":[{"href":"https:\/\/www.cercleape.com\/index.php?rest_route=\/wp\/v2\/pages\/174","targetHints":{"allow":["GET"]}}],"collection":[{"href":"https:\/\/www.cercleape.com\/index.php?rest_route=\/wp\/v2\/pages"}],"about":[{"href":"https:\/\/www.cercleape.com\/index.php?rest_route=\/wp\/v2\/types\/page"}],"author":[{"embeddable":true,"href":"https:\/\/www.cercleape.com\/index.php?rest_route=\/wp\/v2\/users\/4"}],"replies":[{"embeddable":true,"href":"https:\/\/www.cercleape.com\/index.php?rest_route=%2Fwp%2Fv2%2Fcomments&post=174"}],"version-history":[{"count":0,"href":"https:\/\/www.cercleape.com\/index.php?rest_route=\/wp\/v2\/pages\/174\/revisions"}],"wp:featuredmedia":[{"embeddable":true,"href":"https:\/\/www.cercleape.com\/index.php?rest_route=\/wp\/v2\/media\/296"}],"wp:attachment":[{"href":"https:\/\/www.cercleape.com\/index.php?rest_route=%2Fwp%2Fv2%2Fmedia&parent=174"}],"curies":[{"name":"wp","href":"https:\/\/api.w.org\/{rel}","templated":true}]}}