{"id":1778,"date":"2017-09-08T22:36:13","date_gmt":"2017-09-08T21:36:13","guid":{"rendered":"http:\/\/cercleape.com\/?page_id=1778"},"modified":"2017-09-08T22:36:13","modified_gmt":"2017-09-08T21:36:13","slug":"big-hhh-derniere-ligne-droite","status":"publish","type":"page","link":"https:\/\/www.cercleape.com\/?page_id=1778","title":{"rendered":"Big HHH derni\u00e8re ligne droite !"},"content":{"rendered":"<p style=\"text-align:justify;\">Aujourd&rsquo;hui grande r\u00e9union de 14h \u00e0 20H. Le Hackathon c&rsquo;est dans 5 semaines.<\/p>\n<p style=\"text-align:justify;\">L&rsquo;occasion pour nous de d\u00e9couvrir les tous nouveaux locaux de l&rsquo;IFCAM (Silvae), notre partenaire qui va accueillir le hackathon et qui ont ouverts leur porte lundi.<\/p>\n<figure id=\"attachment_1428\" aria-describedby=\"caption-attachment-1428\" style=\"width: 336px\" class=\"wp-caption aligncenter\"><img loading=\"lazy\" decoding=\"async\" class=\"alignnone  wp-image-1428\" src=\"https:\/\/www.cercleape.com\/wp-content\/uploads\/2017\/09\/img_4358.jpg\" alt=\"IMG_4358\" width=\"336\" height=\"448\" \/><figcaption id=\"caption-attachment-1428\" class=\"wp-caption-text\">Silvae<\/figcaption><\/figure>\n<p><img loading=\"lazy\" decoding=\"async\" class=\"  wp-image-1430 aligncenter\" src=\"https:\/\/www.cercleape.com\/wp-content\/uploads\/2017\/09\/img_4359.jpg\" alt=\"IMG_4359\" width=\"338\" height=\"451\" \/><\/p>\n<p>Waouhhh ! superbe<\/p>\n<p><img loading=\"lazy\" decoding=\"async\" class=\"  wp-image-1438 aligncenter\" src=\"https:\/\/www.cercleape.com\/wp-content\/uploads\/2017\/09\/img_4365.jpg\" alt=\"L'\u00e9quipe organisatrice\" width=\"353\" height=\"265\" \/><\/p>\n<p>Une partie de l&rsquo;\u00e9quipe organisatrice est l\u00e0. Nous reprenons tout le d\u00e9roul\u00e9 et le plaisir de pouvoir \u00e9crire sur les murs.<\/p>\n<p>A 16h00 nous rejoignent facilitateurs, coach et soutien logistique qui viennent renforcer l&rsquo;\u00e9quipe afin d&rsquo;animer le hackathon. Ravis de rejoindre cette belle aventure et d&rsquo;apporter leurs comp\u00e9tences de facilitation en intelligence collective.<\/p>\n<div id='gallery-1' class='gallery galleryid-1778 gallery-columns-3 gallery-size-thumbnail'><figure class='gallery-item'>\n\t\t\t<div class='gallery-icon landscape'>\n\t\t\t\t<a href='https:\/\/www.cercleape.com\/?attachment_id=1442'><img loading=\"lazy\" decoding=\"async\" width=\"150\" height=\"150\" src=\"https:\/\/www.cercleape.com\/wp-content\/uploads\/2017\/09\/img_4382-150x150.jpg\" class=\"attachment-thumbnail size-thumbnail\" alt=\"\" \/><\/a>\n\t\t\t<\/div><\/figure><figure class='gallery-item'>\n\t\t\t<div class='gallery-icon landscape'>\n\t\t\t\t<a href='https:\/\/www.cercleape.com\/?attachment_id=1440'><img loading=\"lazy\" decoding=\"async\" width=\"150\" height=\"150\" src=\"https:\/\/www.cercleape.com\/wp-content\/uploads\/2017\/09\/img_4381-150x150.jpg\" class=\"attachment-thumbnail size-thumbnail\" alt=\"\" \/><\/a>\n\t\t\t<\/div><\/figure><figure class='gallery-item'>\n\t\t\t<div class='gallery-icon landscape'>\n\t\t\t\t<a href='https:\/\/www.cercleape.com\/?attachment_id=1439'><img loading=\"lazy\" decoding=\"async\" width=\"150\" height=\"150\" src=\"https:\/\/www.cercleape.com\/wp-content\/uploads\/2017\/09\/img_4383-150x150.jpg\" class=\"attachment-thumbnail size-thumbnail\" alt=\"\" \/><\/a>\n\t\t\t<\/div><\/figure><figure class='gallery-item'>\n\t\t\t<div class='gallery-icon landscape'>\n\t\t\t\t<a href='https:\/\/www.cercleape.com\/?attachment_id=1444'><img loading=\"lazy\" decoding=\"async\" width=\"150\" height=\"150\" src=\"https:\/\/www.cercleape.com\/wp-content\/uploads\/2017\/09\/img_4395-150x150.jpg\" class=\"attachment-thumbnail size-thumbnail\" alt=\"\" \/><\/a>\n\t\t\t<\/div><\/figure><figure class='gallery-item'>\n\t\t\t<div class='gallery-icon landscape'>\n\t\t\t\t<a href='https:\/\/www.cercleape.com\/?attachment_id=1485'><img loading=\"lazy\" decoding=\"async\" width=\"150\" height=\"150\" src=\"https:\/\/www.cercleape.com\/wp-content\/uploads\/2017\/09\/img_4394-150x150.jpg\" class=\"attachment-thumbnail size-thumbnail\" alt=\"\" \/><\/a>\n\t\t\t<\/div><\/figure>\n\t\t<\/div>\n\n<p>L&rsquo;occasion de visiter les locaux.<\/p>\n<p>De la couleur, du num\u00e9rique, de la lumi\u00e8re, de l&rsquo;espace. Toutes les conditions sont r\u00e9unies pour un superbe hackathon.<\/p>\n<div id='gallery-2' class='gallery galleryid-1778 gallery-columns-3 gallery-size-thumbnail'><figure class='gallery-item'>\n\t\t\t<div class='gallery-icon landscape'>\n\t\t\t\t<a href='https:\/\/www.cercleape.com\/?attachment_id=1458'><img loading=\"lazy\" decoding=\"async\" width=\"150\" height=\"150\" src=\"https:\/\/www.cercleape.com\/wp-content\/uploads\/2017\/09\/img_4415-150x150.jpg\" class=\"attachment-thumbnail size-thumbnail\" alt=\"\" \/><\/a>\n\t\t\t<\/div><\/figure><figure class='gallery-item'>\n\t\t\t<div class='gallery-icon landscape'>\n\t\t\t\t<a href='https:\/\/www.cercleape.com\/?attachment_id=1456'><img loading=\"lazy\" decoding=\"async\" width=\"150\" height=\"150\" src=\"https:\/\/www.cercleape.com\/wp-content\/uploads\/2017\/09\/img_4419-150x150.jpg\" class=\"attachment-thumbnail size-thumbnail\" alt=\"\" \/><\/a>\n\t\t\t<\/div><\/figure><figure class='gallery-item'>\n\t\t\t<div class='gallery-icon landscape'>\n\t\t\t\t<a href='https:\/\/www.cercleape.com\/?attachment_id=1453'><img loading=\"lazy\" decoding=\"async\" width=\"150\" height=\"150\" src=\"https:\/\/www.cercleape.com\/wp-content\/uploads\/2017\/09\/img_4399-150x150.jpg\" class=\"attachment-thumbnail size-thumbnail\" alt=\"\" \/><\/a>\n\t\t\t<\/div><\/figure><figure class='gallery-item'>\n\t\t\t<div class='gallery-icon landscape'>\n\t\t\t\t<a href='https:\/\/www.cercleape.com\/?attachment_id=1454'><img loading=\"lazy\" decoding=\"async\" width=\"150\" height=\"150\" src=\"https:\/\/www.cercleape.com\/wp-content\/uploads\/2017\/09\/img_4409-150x150.jpg\" class=\"attachment-thumbnail size-thumbnail\" alt=\"\" \/><\/a>\n\t\t\t<\/div><\/figure><figure class='gallery-item'>\n\t\t\t<div class='gallery-icon landscape'>\n\t\t\t\t<a href='https:\/\/www.cercleape.com\/?attachment_id=1457'><img loading=\"lazy\" decoding=\"async\" width=\"150\" height=\"150\" src=\"https:\/\/www.cercleape.com\/wp-content\/uploads\/2017\/09\/img_4420-150x150.jpg\" class=\"attachment-thumbnail size-thumbnail\" alt=\"\" \/><\/a>\n\t\t\t<\/div><\/figure><figure class='gallery-item'>\n\t\t\t<div class='gallery-icon landscape'>\n\t\t\t\t<a href='https:\/\/www.cercleape.com\/?attachment_id=1455'><img loading=\"lazy\" decoding=\"async\" width=\"150\" height=\"150\" src=\"https:\/\/www.cercleape.com\/wp-content\/uploads\/2017\/09\/img_4400-150x150.jpg\" class=\"attachment-thumbnail size-thumbnail\" alt=\"\" \/><\/a>\n\t\t\t<\/div><\/figure>\n\t\t<\/div>\n\n<p>Retrouvez les \u00e9changes de la soir\u00e9e \u00e0 travers les tweets \u00e9chang\u00e9s en cliquant sur l&rsquo;image.<\/p>\n<p><a href=\"https:\/\/storify.com\/IsaBaraille\/big-hhh-cercleape-prepartion-du-hackathon-apprendr\" target=\"_blank\" rel=\"noopener\"><img loading=\"lazy\" decoding=\"async\" class=\" size-full wp-image-1707 aligncenter\" src=\"https:\/\/www.cercleape.com\/wp-content\/uploads\/2017\/09\/storify-big-hhh.png\" alt=\"Storify Big HHH\" width=\"277\" height=\"629\" srcset=\"https:\/\/www.cercleape.com\/wp-content\/uploads\/2017\/09\/storify-big-hhh.png 277w, https:\/\/www.cercleape.com\/wp-content\/uploads\/2017\/09\/storify-big-hhh-132x300.png 132w\" sizes=\"auto, (max-width: 277px) 100vw, 277px\" \/><\/a><\/p>\n","protected":false},"excerpt":{"rendered":"<p>Aujourd&rsquo;hui grande r\u00e9union de 14h \u00e0 20H. Le Hackathon c&rsquo;est dans 5 semaines. L&rsquo;occasion pour nous de d\u00e9couvrir les tous &hellip; <\/p>\n","protected":false},"author":3,"featured_media":0,"parent":174,"menu_order":0,"comment_status":"closed","ping_status":"closed","template":"","meta":{"footnotes":""},"class_list":["post-1778","page","type-page","status-publish","hentry"],"_links":{"self":[{"href":"https:\/\/www.cercleape.com\/index.php?rest_route=\/wp\/v2\/pages\/1778","targetHints":{"allow":["GET"]}}],"collection":[{"href":"https:\/\/www.cercleape.com\/index.php?rest_route=\/wp\/v2\/pages"}],"about":[{"href":"https:\/\/www.cercleape.com\/index.php?rest_route=\/wp\/v2\/types\/page"}],"author":[{"embeddable":true,"href":"https:\/\/www.cercleape.com\/index.php?rest_route=\/wp\/v2\/users\/3"}],"replies":[{"embeddable":true,"href":"https:\/\/www.cercleape.com\/index.php?rest_route=%2Fwp%2Fv2%2Fcomments&post=1778"}],"version-history":[{"count":0,"href":"https:\/\/www.cercleape.com\/index.php?rest_route=\/wp\/v2\/pages\/1778\/revisions"}],"up":[{"embeddable":true,"href":"https:\/\/www.cercleape.com\/index.php?rest_route=\/wp\/v2\/pages\/174"}],"wp:attachment":[{"href":"https:\/\/www.cercleape.com\/index.php?rest_route=%2Fwp%2Fv2%2Fmedia&parent=1778"}],"curies":[{"name":"wp","href":"https:\/\/api.w.org\/{rel}","templated":true}]}}