{"id":185,"date":"2021-06-27T14:26:00","date_gmt":"2021-06-27T12:26:00","guid":{"rendered":"http:\/\/cercleape.com\/?page_id=185"},"modified":"2026-03-23T12:30:31","modified_gmt":"2026-03-23T11:30:31","slug":"une-equipe-hors-du-commun","status":"publish","type":"page","link":"https:\/\/www.cercleape.com\/?page_id=185","title":{"rendered":"Les membres du bureau"},"content":{"rendered":"<p>Au sein du Cercle APE, vous retrouvez formateurs, ing\u00e9nieurs p\u00e9dagogiques, acteurs du changement, coachs, consultants, d\u00e9sireux d&rsquo;investir sur leurs comp\u00e9tences collaboratives et d&rsquo;apprendre en r\u00e9ciprocit\u00e9.<\/p>\r\n<p><span style=\"font-weight: 400;\">L&rsquo;intention de notre cercle d&rsquo;apprentissage est d&rsquo;apprendre ensemble et librement.<\/span><\/p>\r\n<p>Une association est constitu\u00e9e (2015) et les membres du bureau (2025\/2026) sont :<\/p>\r\n\r\n<p class=\"has-text-align-center\"><a href=\"https:\/\/digipad.app\/p\/952107\/7f06a00e3ffda\">https:\/\/digipad.app\/p\/952107\/7f06a00e3ffda<\/a><\/p>\r\n\r\n\r\n\r\n<p>\u200b<\/p>\r\n<table border=\"0\">\r\n<tbody>\r\n<tr>\r\n<td class=\"has-text-align-center\" data-align=\"center\"><a href=\"https:\/\/www.cercleape.com\/wp-content\/uploads\/2026\/03\/20260321_Carte_LucileM_001.jpg\"><img loading=\"lazy\" decoding=\"async\" class=\"aligncenter size-medium wp-image-7229\" src=\"https:\/\/www.cercleape.com\/wp-content\/uploads\/2026\/03\/20260321_Carte_LucileM_001-206x300.jpg\" alt=\"\" width=\"206\" height=\"300\" srcset=\"https:\/\/www.cercleape.com\/wp-content\/uploads\/2026\/03\/20260321_Carte_LucileM_001-206x300.jpg 206w, https:\/\/www.cercleape.com\/wp-content\/uploads\/2026\/03\/20260321_Carte_LucileM_001-103x150.jpg 103w, https:\/\/www.cercleape.com\/wp-content\/uploads\/2026\/03\/20260321_Carte_LucileM_001.jpg 416w\" sizes=\"auto, (max-width: 206px) 100vw, 206px\" \/><\/a><\/td>\r\n<td class=\"has-text-align-center\" data-align=\"center\"><a href=\"https:\/\/www.cercleape.com\/wp-content\/uploads\/2026\/03\/20260321_Carte_JeanV_001.jpg\"><img loading=\"lazy\" decoding=\"async\" class=\"aligncenter size-medium wp-image-7228\" src=\"https:\/\/www.cercleape.com\/wp-content\/uploads\/2026\/03\/20260321_Carte_JeanV_001-206x300.jpg\" alt=\"\" width=\"206\" height=\"300\" srcset=\"https:\/\/www.cercleape.com\/wp-content\/uploads\/2026\/03\/20260321_Carte_JeanV_001-206x300.jpg 206w, https:\/\/www.cercleape.com\/wp-content\/uploads\/2026\/03\/20260321_Carte_JeanV_001-103x150.jpg 103w, https:\/\/www.cercleape.com\/wp-content\/uploads\/2026\/03\/20260321_Carte_JeanV_001.jpg 416w\" sizes=\"auto, (max-width: 206px) 100vw, 206px\" \/><\/a><\/td>\r\n<td class=\"has-text-align-center\" data-align=\"center\"><a href=\"https:\/\/www.cercleape.com\/wp-content\/uploads\/2026\/03\/20260321_Carte_MathildeP_001.jpg\"><img loading=\"lazy\" decoding=\"async\" class=\"aligncenter size-medium wp-image-7225\" src=\"https:\/\/www.cercleape.com\/wp-content\/uploads\/2026\/03\/20260321_Carte_MathildeP_001-206x300.jpg\" alt=\"\" width=\"206\" height=\"300\" srcset=\"https:\/\/www.cercleape.com\/wp-content\/uploads\/2026\/03\/20260321_Carte_MathildeP_001-206x300.jpg 206w, https:\/\/www.cercleape.com\/wp-content\/uploads\/2026\/03\/20260321_Carte_MathildeP_001-103x150.jpg 103w, https:\/\/www.cercleape.com\/wp-content\/uploads\/2026\/03\/20260321_Carte_MathildeP_001.jpg 416w\" sizes=\"auto, (max-width: 206px) 100vw, 206px\" \/><\/a><\/td>\r\n<\/tr>\r\n<tr>\r\n<td class=\"has-text-align-center\" data-align=\"center\"><a href=\"https:\/\/www.cercleape.com\/wp-content\/uploads\/2026\/03\/20260321_Carte_AnneD_002.jpg\"><img loading=\"lazy\" decoding=\"async\" class=\"aligncenter size-medium wp-image-7237\" src=\"https:\/\/www.cercleape.com\/wp-content\/uploads\/2026\/03\/20260321_Carte_AnneD_002-206x300.jpg\" alt=\"\" width=\"206\" height=\"300\" srcset=\"https:\/\/www.cercleape.com\/wp-content\/uploads\/2026\/03\/20260321_Carte_AnneD_002-206x300.jpg 206w, https:\/\/www.cercleape.com\/wp-content\/uploads\/2026\/03\/20260321_Carte_AnneD_002-103x150.jpg 103w, https:\/\/www.cercleape.com\/wp-content\/uploads\/2026\/03\/20260321_Carte_AnneD_002.jpg 416w\" sizes=\"auto, (max-width: 206px) 100vw, 206px\" \/><\/a><\/td>\r\n<td class=\"has-text-align-center\" data-align=\"center\"><a href=\"https:\/\/www.cercleape.com\/wp-content\/uploads\/2026\/03\/20260321_Carte_FabienB_001.jpg\"><img loading=\"lazy\" decoding=\"async\" class=\"aligncenter size-medium wp-image-7227\" src=\"https:\/\/www.cercleape.com\/wp-content\/uploads\/2026\/03\/20260321_Carte_FabienB_001-206x300.jpg\" alt=\"\" width=\"206\" height=\"300\" srcset=\"https:\/\/www.cercleape.com\/wp-content\/uploads\/2026\/03\/20260321_Carte_FabienB_001-206x300.jpg 206w, https:\/\/www.cercleape.com\/wp-content\/uploads\/2026\/03\/20260321_Carte_FabienB_001-103x150.jpg 103w, https:\/\/www.cercleape.com\/wp-content\/uploads\/2026\/03\/20260321_Carte_FabienB_001.jpg 416w\" sizes=\"auto, (max-width: 206px) 100vw, 206px\" \/><\/a><\/td>\r\n<td class=\"has-text-align-center\" data-align=\"center\">\u00a0<\/td>\r\n<\/tr>\r\n<\/tbody>\r\n<\/table>\r\n<p><\/p>\r\n<p>&nbsp;<\/p>\r\n<p>&nbsp;<\/p>\r\n<p>&nbsp;<\/p>\r\n\r\n<p>&nbsp;<\/p>\r\n\r\n\r\n\r\n<p>&nbsp;<\/p>\r\n","protected":false},"excerpt":{"rendered":"<p>Au sein du Cercle APE, vous retrouvez formateurs, ing\u00e9nieurs p\u00e9dagogiques, acteurs du changement, coachs, consultants, d\u00e9sireux d&rsquo;investir sur leurs comp\u00e9tences &hellip; <\/p>\n","protected":false},"author":4,"featured_media":0,"parent":0,"menu_order":0,"comment_status":"closed","ping_status":"closed","template":"","meta":{"footnotes":""},"class_list":["post-185","page","type-page","status-publish","hentry"],"_links":{"self":[{"href":"https:\/\/www.cercleape.com\/index.php?rest_route=\/wp\/v2\/pages\/185","targetHints":{"allow":["GET"]}}],"collection":[{"href":"https:\/\/www.cercleape.com\/index.php?rest_route=\/wp\/v2\/pages"}],"about":[{"href":"https:\/\/www.cercleape.com\/index.php?rest_route=\/wp\/v2\/types\/page"}],"author":[{"embeddable":true,"href":"https:\/\/www.cercleape.com\/index.php?rest_route=\/wp\/v2\/users\/4"}],"replies":[{"embeddable":true,"href":"https:\/\/www.cercleape.com\/index.php?rest_route=%2Fwp%2Fv2%2Fcomments&post=185"}],"version-history":[{"count":18,"href":"https:\/\/www.cercleape.com\/index.php?rest_route=\/wp\/v2\/pages\/185\/revisions"}],"predecessor-version":[{"id":7238,"href":"https:\/\/www.cercleape.com\/index.php?rest_route=\/wp\/v2\/pages\/185\/revisions\/7238"}],"wp:attachment":[{"href":"https:\/\/www.cercleape.com\/index.php?rest_route=%2Fwp%2Fv2%2Fmedia&parent=185"}],"curies":[{"name":"wp","href":"https:\/\/api.w.org\/{rel}","templated":true}]}}