{"id":1867,"date":"2017-10-05T15:50:58","date_gmt":"2017-10-05T14:50:58","guid":{"rendered":"http:\/\/cercleape.com\/?page_id=1867"},"modified":"2017-10-05T15:50:58","modified_gmt":"2017-10-05T14:50:58","slug":"faq","status":"publish","type":"page","link":"https:\/\/www.cercleape.com\/?page_id=1867","title":{"rendered":"FAQ"},"content":{"rendered":"<p><strong>A quelle heure dois-je arriver au hackathon ?<\/strong><br \/>\n<span style=\"font-weight:400;\">Le samedi 14 octobre \u00e0 8h30.<\/span><\/p>\n<p><strong>Pour manger, comment \u00e7a se passe ?<\/strong><\/p>\n<p><span style=\"font-weight:400;\">Tout est pr\u00e9vu, petit d\u00e9jeuner, d\u00e9jeuner, d\u00eener et des collations disponibles tout au long du we.<\/span><\/p>\n<p><strong>Et pour dormir ?<\/strong><\/p>\n<p><span style=\"font-weight:400;\">Le principe du hackathon c&rsquo;est de cogiter toute la nuit \u2026<\/span><\/p>\n<p><span style=\"font-weight:400;\">Vous pouvez bien s\u00fbr vous accorder des pauses et\u00a0<\/span><span style=\"font-weight:400;\">\u00a0qui ont absolument besoin de faire une pause sommeil \u00e0 leur domicile, peuvent le faire. A caler avec votre \u00e9quipe<\/span><\/p>\n<p><strong>Qu&rsquo;est-ce que j&rsquo;apporte ?<\/strong><\/p>\n<p><span style=\"font-weight:400;\">T\u00e9l\u00e9phone et chargeur pour Twitter, Ordinateur \/ Tablette, pour travailler, votre sac de couchage, coussin et \u00e9ventuellement un tapis de sol pour vous reposer \u00e0 minima, \u00a0le kit de survie de toilette (lingettes, brosse \u00e0 dent &#8230; )<\/span><\/p>\n<p><strong>J&rsquo;ai plein d&rsquo;argent, je ne sais pas quoi en faire<\/strong><\/p>\n<p><span style=\"font-weight:400;\">Faire un don par le biais de <\/span><a href=\"https:\/\/www.helloasso.com\/associations\/cercleape-apprendre-ensemble\/collectes\/hackathon-apprendre-ensemble-de-3-a-99-ans-a-l-ere-du-numerique\"><span style=\"font-weight:400;\">Hello Asso<\/span><\/a><span style=\"font-weight:400;\"> ou encore acheter le livre \u00e9crit en mode sprint book par l\u2019\u00e9quipe \u201cosons le cercle d\u2019apprentissage\u201d.<\/span><\/p>\n","protected":false},"excerpt":{"rendered":"<p>A quelle heure dois-je arriver au hackathon ? Le samedi 14 octobre \u00e0 8h30. Pour manger, comment \u00e7a se passe &hellip; <\/p>\n","protected":false},"author":2,"featured_media":0,"parent":173,"menu_order":0,"comment_status":"closed","ping_status":"closed","template":"","meta":{"footnotes":""},"class_list":["post-1867","page","type-page","status-publish","hentry"],"_links":{"self":[{"href":"https:\/\/www.cercleape.com\/index.php?rest_route=\/wp\/v2\/pages\/1867","targetHints":{"allow":["GET"]}}],"collection":[{"href":"https:\/\/www.cercleape.com\/index.php?rest_route=\/wp\/v2\/pages"}],"about":[{"href":"https:\/\/www.cercleape.com\/index.php?rest_route=\/wp\/v2\/types\/page"}],"author":[{"embeddable":true,"href":"https:\/\/www.cercleape.com\/index.php?rest_route=\/wp\/v2\/users\/2"}],"replies":[{"embeddable":true,"href":"https:\/\/www.cercleape.com\/index.php?rest_route=%2Fwp%2Fv2%2Fcomments&post=1867"}],"version-history":[{"count":0,"href":"https:\/\/www.cercleape.com\/index.php?rest_route=\/wp\/v2\/pages\/1867\/revisions"}],"up":[{"embeddable":true,"href":"https:\/\/www.cercleape.com\/index.php?rest_route=\/wp\/v2\/pages\/173"}],"wp:attachment":[{"href":"https:\/\/www.cercleape.com\/index.php?rest_route=%2Fwp%2Fv2%2Fmedia&parent=1867"}],"curies":[{"name":"wp","href":"https:\/\/api.w.org\/{rel}","templated":true}]}}