{"id":2184,"date":"2017-10-24T21:36:39","date_gmt":"2017-10-24T20:36:39","guid":{"rendered":"http:\/\/cercleape.com\/?page_id=2184"},"modified":"2017-10-24T21:36:39","modified_gmt":"2017-10-24T20:36:39","slug":"les-prix","status":"publish","type":"page","link":"https:\/\/www.cercleape.com\/?page_id=2184","title":{"rendered":"Les gagnants"},"content":{"rendered":"<p>Apr\u00e8s 2 heures de pitch des \u00e9quipes, beaucoup d&rsquo;\u00e9motion, le jury s&rsquo;est r\u00e9uni et a d\u00e9cern\u00e9 les prix.<\/p>\n<p>&#8211; Le prix de <strong>l\u2019innovation collaborative<\/strong> a \u00e9t\u00e9 d\u00e9cern\u00e9<br \/>\no <strong>Prix N\u00b01<\/strong> : D\u00e9fi 5 : Une solution pour accompagner les organisations dans la<br \/>\ncartographie de mont\u00e9e en comp\u00e9tences de leurs collaborateurs dans leur<br \/>\nenvironnement.<br \/>\no <strong>Prix N\u00b02<\/strong> : D\u00e9fi 4 : Comment d\u00e9velopper l\u2019empathie envers les patients et sa<br \/>\nfamille chez un soignant en \u00e9tant dans un syst\u00e8me en totale immersion.<br \/>\no <strong>Prix N\u00b0 3<\/strong> : D\u00e9fi 6 : Comment susciter et organiser la participation des personnes<br \/>\n\u00e0 la solution dont ils besoin dans leur activit\u00e9.<\/p>\n<p>&#8211; Le prix c<strong>oup de c\u0153ur du cercle APE<\/strong> est attribu\u00e9 au d\u00e9fi 2&amp;3 : Ma mallette de magicien<br \/>\npour g\u00e9n\u00e9rer des \u00e9motions au service de l&rsquo;apprentissage distanciel pour mieux impliquer l&rsquo;apprenant.<br \/>\n&#8211; Le prix <strong>coup de c\u0153ur de l\u2019IFCAM<\/strong> revient au d\u00e9fi 4 : Comment d\u00e9velopper l\u2019empathie<br \/>\nenvers les patients et sa famille chez un soignant en \u00e9tant dans un syst\u00e8me en totale immersion.<br \/>\n&#8211; Le prix <strong>Start-up<\/strong> est remport\u00e9 par UPTALE Exp\u00e9riences p\u00e9dagogiques r\u00e9elles et gamifi\u00e9es en\u00a0360\u00b0\/R\u00e9alit\u00e9 Virtuelle pour la Formation et la Communication https:\/\/www.uptale.io\/<br \/>\n&#8211; Le prix du <strong>meilleur pitch<\/strong> va \u00e0 D\u00e9fi 2&amp;3 : Ma mallette de magicien pour g\u00e9n\u00e9rer des \u00e9motions\u00a0au service de l\u2019apprentissage distanciel pour mieux impliquer l\u2019apprenant.<\/p>\n","protected":false},"excerpt":{"rendered":"<p>Apr\u00e8s 2 heures de pitch des \u00e9quipes, beaucoup d&rsquo;\u00e9motion, le jury s&rsquo;est r\u00e9uni et a d\u00e9cern\u00e9 les prix. &#8211; Le &hellip; <\/p>\n","protected":false},"author":2,"featured_media":0,"parent":1972,"menu_order":0,"comment_status":"closed","ping_status":"closed","template":"","meta":{"footnotes":""},"class_list":["post-2184","page","type-page","status-publish","hentry"],"_links":{"self":[{"href":"https:\/\/www.cercleape.com\/index.php?rest_route=\/wp\/v2\/pages\/2184","targetHints":{"allow":["GET"]}}],"collection":[{"href":"https:\/\/www.cercleape.com\/index.php?rest_route=\/wp\/v2\/pages"}],"about":[{"href":"https:\/\/www.cercleape.com\/index.php?rest_route=\/wp\/v2\/types\/page"}],"author":[{"embeddable":true,"href":"https:\/\/www.cercleape.com\/index.php?rest_route=\/wp\/v2\/users\/2"}],"replies":[{"embeddable":true,"href":"https:\/\/www.cercleape.com\/index.php?rest_route=%2Fwp%2Fv2%2Fcomments&post=2184"}],"version-history":[{"count":0,"href":"https:\/\/www.cercleape.com\/index.php?rest_route=\/wp\/v2\/pages\/2184\/revisions"}],"up":[{"embeddable":true,"href":"https:\/\/www.cercleape.com\/index.php?rest_route=\/wp\/v2\/pages\/1972"}],"wp:attachment":[{"href":"https:\/\/www.cercleape.com\/index.php?rest_route=%2Fwp%2Fv2%2Fmedia&parent=2184"}],"curies":[{"name":"wp","href":"https:\/\/api.w.org\/{rel}","templated":true}]}}