{"id":2273,"date":"2018-04-21T20:44:05","date_gmt":"2018-04-21T19:44:05","guid":{"rendered":"https:\/\/cercleape.wordpress.com\/?page_id=2273"},"modified":"2018-04-21T20:44:05","modified_gmt":"2018-04-21T19:44:05","slug":"13-avril-cest-parti","status":"publish","type":"page","link":"https:\/\/www.cercleape.com\/?page_id=2273","title":{"rendered":"Et en 2018, ce sera &#8230;"},"content":{"rendered":"<h3>RDV du 02 f\u00e9vrier 2018<\/h3>\n<p>Apr\u00e8s une p\u00e9riode de pause post-hackathon, la #Team du Cercle APE a plaisir \u00e0 se retrouver .<\/p>\n<p>2017 fut consacr\u00e9e \u00e0 l&rsquo;organisation du hackathon sur la th\u00e9matique \u00ab\u00a0apprendre ensemble \u00e0 l&rsquo;\u00e8re du digital\u00a0\u00bb, quelle suite en 2018 ? Dans quelle aventure favorisant \u00ab\u00a0l&rsquo;apprendre ensemble\u00a0\u00bb s&rsquo;engager ?<\/p>\n<p>C&rsquo;est parti pour une s\u00e9ance de brainstorming, qui a envie de faire quoi ? Les id\u00e9es fusent tout azimut avec une belle liste de projets possibles pour 2018.<\/p>\n<p>Reste \u00e0 choisir lequel. Aller, laissons nous du temps pour finaliser notre r\u00e9flexion.<\/p>\n<p><img loading=\"lazy\" decoding=\"async\" class=\"  wp-image-2267 aligncenter\" src=\"https:\/\/www.cercleape.com\/wp-content\/uploads\/2018\/04\/img_6936.jpg\" alt=\"IMG_6936.JPG\" width=\"358\" height=\"358\" srcset=\"https:\/\/www.cercleape.com\/wp-content\/uploads\/2018\/04\/img_6936.jpg 1125w, https:\/\/www.cercleape.com\/wp-content\/uploads\/2018\/04\/img_6936-300x300.jpg 300w, https:\/\/www.cercleape.com\/wp-content\/uploads\/2018\/04\/img_6936-1024x1024.jpg 1024w, https:\/\/www.cercleape.com\/wp-content\/uploads\/2018\/04\/img_6936-150x150.jpg 150w, https:\/\/www.cercleape.com\/wp-content\/uploads\/2018\/04\/img_6936-768x768.jpg 768w\" sizes=\"auto, (max-width: 358px) 100vw, 358px\" \/><\/p>\n<h3>RDV du 23 mars 2018<\/h3>\n<p>Lors de la pr\u00e9c\u00e9dente s\u00e9ance nous avions eu de multiples envie de r\u00e9alisation. Le temps passe, il s&rsquo;agit maintenant de trancher.<\/p>\n<p>Objectif du jour : avoir d\u00e9fini l&rsquo;action que nous allions mener et le timing.<\/p>\n<p>Nous relisons les id\u00e9es \u00e9mises lors de la pr\u00e9c\u00e9dents r\u00e9union et tr\u00e8s vite, nous nous mettons d&rsquo;accord et sur la date : le <strong>09 juin 2018<\/strong> et sur le sujet, mais chut, nous vous en dirons plus en avril !<\/p>\n<p><img loading=\"lazy\" decoding=\"async\" class=\"  wp-image-2288 aligncenter\" src=\"https:\/\/www.cercleape.com\/wp-content\/uploads\/2018\/04\/fullsizerender-4.jpeg\" alt=\"FullSizeRender 4.jpeg\" width=\"360\" height=\"271\" \/><\/p>\n<h3>Rdv du 13 avril, \u00e7a y est !<\/h3>\n<p>Ta tam tam, nous pouvons vous annoncer l&rsquo;\u00e9v\u00e9nement du Cercle APE pour 2018 : nous organisons un <strong>forum ouvert le 09 juin prochain sur Montreuil<\/strong>, notez-le dans vos agendas !<\/p>\n<p>Lors de la pr\u00e9c\u00e9dente rencontre de la Team du CercleAPE, nous avions retenu ce projet et nous sommes maintenant dans les starting block de l&rsquo;organisation.<\/p>\n<p>D&rsquo;abord, un Forum Ouvert, ou Open Forum si vous pr\u00e9f\u00e9rez la langue anglaise, savez-vous ce que c&rsquo;est ?<\/p>\n<p>Envie de vous joindre \u00e0 nous pour la pr\u00e9paration ?<\/p>\n<p>-&gt; Rendez-vous le <strong>04 mai<\/strong> sur Paris en pr\u00e9sentiel ou en distanciel, \u00a0d&rsquo;o\u00f9 vous voulez. Int\u00e9ress\u00e9.e ? Faites-nous signe sur le mail :\u00a0cercleape.asso@gmail.com<\/p>\n<div id='gallery-1' class='gallery galleryid-2273 gallery-columns-3 gallery-size-thumbnail'><figure class='gallery-item'>\n\t\t\t<div class='gallery-icon landscape'>\n\t\t\t\t<a href='https:\/\/www.cercleape.com\/?attachment_id=2294'><img loading=\"lazy\" decoding=\"async\" width=\"150\" height=\"150\" src=\"https:\/\/www.cercleape.com\/wp-content\/uploads\/2018\/04\/img_7635-150x150.jpg\" class=\"attachment-thumbnail size-thumbnail\" alt=\"\" \/><\/a>\n\t\t\t<\/div><\/figure><figure class='gallery-item'>\n\t\t\t<div class='gallery-icon landscape'>\n\t\t\t\t<a href='https:\/\/www.cercleape.com\/?attachment_id=2295'><img loading=\"lazy\" decoding=\"async\" width=\"150\" height=\"150\" src=\"https:\/\/www.cercleape.com\/wp-content\/uploads\/2018\/04\/img_7638-150x150.jpg\" class=\"attachment-thumbnail size-thumbnail\" alt=\"\" \/><\/a>\n\t\t\t<\/div><\/figure>\n\t\t<\/div>\n\n<p>&nbsp;<\/p>\n","protected":false},"excerpt":{"rendered":"<p>RDV du 02 f\u00e9vrier 2018 Apr\u00e8s une p\u00e9riode de pause post-hackathon, la #Team du Cercle APE a plaisir \u00e0 se &hellip; <\/p>\n","protected":false},"author":2,"featured_media":0,"parent":2237,"menu_order":0,"comment_status":"closed","ping_status":"closed","template":"","meta":{"footnotes":""},"class_list":["post-2273","page","type-page","status-publish","hentry"],"_links":{"self":[{"href":"https:\/\/www.cercleape.com\/index.php?rest_route=\/wp\/v2\/pages\/2273","targetHints":{"allow":["GET"]}}],"collection":[{"href":"https:\/\/www.cercleape.com\/index.php?rest_route=\/wp\/v2\/pages"}],"about":[{"href":"https:\/\/www.cercleape.com\/index.php?rest_route=\/wp\/v2\/types\/page"}],"author":[{"embeddable":true,"href":"https:\/\/www.cercleape.com\/index.php?rest_route=\/wp\/v2\/users\/2"}],"replies":[{"embeddable":true,"href":"https:\/\/www.cercleape.com\/index.php?rest_route=%2Fwp%2Fv2%2Fcomments&post=2273"}],"version-history":[{"count":0,"href":"https:\/\/www.cercleape.com\/index.php?rest_route=\/wp\/v2\/pages\/2273\/revisions"}],"up":[{"embeddable":true,"href":"https:\/\/www.cercleape.com\/index.php?rest_route=\/wp\/v2\/pages\/2237"}],"wp:attachment":[{"href":"https:\/\/www.cercleape.com\/index.php?rest_route=%2Fwp%2Fv2%2Fmedia&parent=2273"}],"curies":[{"name":"wp","href":"https:\/\/api.w.org\/{rel}","templated":true}]}}