{"id":2376,"date":"2018-09-06T11:17:08","date_gmt":"2018-09-06T10:17:08","guid":{"rendered":"https:\/\/cercleape.wordpress.com\/?page_id=2376"},"modified":"2018-09-06T11:17:08","modified_gmt":"2018-09-06T10:17:08","slug":"prochain-rdv","status":"publish","type":"page","link":"https:\/\/www.cercleape.com\/?page_id=2376","title":{"rendered":"Prochain RDV"},"content":{"rendered":"<p>Envie de participer \u00e0 la pr\u00e9paration du World Caf\u00e9 ?<\/p>\n<p>Rendez-vous le 14 novembre 2018 au P\u00e8re Tranquille\u00a016 Rue Pierre Lescot, 75001 Paris.<\/p>\n<p><img loading=\"lazy\" decoding=\"async\" class=\"alignnone size-full wp-image-2607\" src=\"https:\/\/www.cercleape.com\/wp-content\/uploads\/2018\/10\/cercle-ape-c3a9tc3a9-2018.png\" alt=\"Cercle APE \u00e9t\u00e9 2018.png\" width=\"800\" height=\"800\" srcset=\"https:\/\/www.cercleape.com\/wp-content\/uploads\/2018\/10\/cercle-ape-c3a9tc3a9-2018.png 800w, https:\/\/www.cercleape.com\/wp-content\/uploads\/2018\/10\/cercle-ape-c3a9tc3a9-2018-300x300.png 300w, https:\/\/www.cercleape.com\/wp-content\/uploads\/2018\/10\/cercle-ape-c3a9tc3a9-2018-150x150.png 150w, https:\/\/www.cercleape.com\/wp-content\/uploads\/2018\/10\/cercle-ape-c3a9tc3a9-2018-768x768.png 768w\" sizes=\"auto, (max-width: 800px) 100vw, 800px\" \/><\/p>\n<p>Et suivez-nous sur Twitter #CercleAPE<\/p>\n<p>&nbsp;<\/p>\n","protected":false},"excerpt":{"rendered":"<p>Envie de participer \u00e0 la pr\u00e9paration du World Caf\u00e9 ? Rendez-vous le 14 novembre 2018 au P\u00e8re Tranquille\u00a016 Rue Pierre &hellip; <\/p>\n","protected":false},"author":2,"featured_media":0,"parent":0,"menu_order":0,"comment_status":"closed","ping_status":"closed","template":"","meta":{"footnotes":""},"class_list":["post-2376","page","type-page","status-publish","hentry"],"_links":{"self":[{"href":"https:\/\/www.cercleape.com\/index.php?rest_route=\/wp\/v2\/pages\/2376","targetHints":{"allow":["GET"]}}],"collection":[{"href":"https:\/\/www.cercleape.com\/index.php?rest_route=\/wp\/v2\/pages"}],"about":[{"href":"https:\/\/www.cercleape.com\/index.php?rest_route=\/wp\/v2\/types\/page"}],"author":[{"embeddable":true,"href":"https:\/\/www.cercleape.com\/index.php?rest_route=\/wp\/v2\/users\/2"}],"replies":[{"embeddable":true,"href":"https:\/\/www.cercleape.com\/index.php?rest_route=%2Fwp%2Fv2%2Fcomments&post=2376"}],"version-history":[{"count":0,"href":"https:\/\/www.cercleape.com\/index.php?rest_route=\/wp\/v2\/pages\/2376\/revisions"}],"wp:attachment":[{"href":"https:\/\/www.cercleape.com\/index.php?rest_route=%2Fwp%2Fv2%2Fmedia&parent=2376"}],"curies":[{"name":"wp","href":"https:\/\/api.w.org\/{rel}","templated":true}]}}