{"id":3055,"date":"2019-01-05T23:22:56","date_gmt":"2019-01-05T22:22:56","guid":{"rendered":"http:\/\/cercleape.com\/?page_id=3055"},"modified":"2019-01-05T23:22:56","modified_gmt":"2019-01-05T22:22:56","slug":"world-cafe-en-videos","status":"publish","type":"page","link":"https:\/\/www.cercleape.com\/?page_id=3055","title":{"rendered":"World caf\u00e9 en vid\u00e9os"},"content":{"rendered":"<p>Retrouver un long r\u00e9sum\u00e9 du world caf\u00e9 du 1er d\u00e9cembre 2018<\/p>\n<p>[youtube https:\/\/www.youtube.com\/watch?v=_ImLadI5m9U&amp;w=560&amp;h=315]<\/p>\n<p>Ou bien un condens\u00e9 par th\u00e9matique :<\/p>\n<ul>\n<li>&#8211; Cartographier les savoirs<\/li>\n<\/ul>\n<p>[youtube https:\/\/www.youtube.com\/watch?v=ejVrlyNBGKw&amp;w=560&amp;h=315]<\/p>\n<ul>\n<li>IA et Chatbot<\/li>\n<\/ul>\n<p>[youtube https:\/\/www.youtube.com\/watch?v=kkfxl8mWCpM&amp;w=560&amp;h=315]<\/p>\n<ul>\n<li>L&rsquo;essaimage<\/li>\n<\/ul>\n<p>[youtube https:\/\/www.youtube.com\/watch?v=tnpEe0pgLqA&amp;w=560&amp;h=315]<\/p>\n<ul>\n<li>Les m\u00e9thodes agiles<\/li>\n<\/ul>\n<p>[youtube https:\/\/www.youtube.com\/watch?v=3JOqUaf8dy8&amp;w=560&amp;h=315]<\/p>\n<ul>\n<li>Le voyage apprenant<\/li>\n<\/ul>\n<p>[youtube https:\/\/www.youtube.com\/watch?v=16JkbM49DmI&amp;w=560&amp;h=315]<\/p>\n<ul>\n<li>Apprendre par les pairs<\/li>\n<\/ul>\n<div><\/div>\n<div><\/div>\n<div>\n<p>[youtube https:\/\/www.youtube.com\/watch?v=sCQqXlosrnQ&amp;w=560&amp;h=315]<\/p>\n<\/div>\n","protected":false},"excerpt":{"rendered":"<p>Retrouver un long r\u00e9sum\u00e9 du world caf\u00e9 du 1er d\u00e9cembre 2018 [youtube https:\/\/www.youtube.com\/watch?v=_ImLadI5m9U&amp;w=560&amp;h=315] Ou bien un condens\u00e9 par th\u00e9matique : &hellip; <\/p>\n","protected":false},"author":3,"featured_media":0,"parent":2587,"menu_order":0,"comment_status":"closed","ping_status":"closed","template":"","meta":{"footnotes":""},"class_list":["post-3055","page","type-page","status-publish","hentry"],"_links":{"self":[{"href":"https:\/\/www.cercleape.com\/index.php?rest_route=\/wp\/v2\/pages\/3055","targetHints":{"allow":["GET"]}}],"collection":[{"href":"https:\/\/www.cercleape.com\/index.php?rest_route=\/wp\/v2\/pages"}],"about":[{"href":"https:\/\/www.cercleape.com\/index.php?rest_route=\/wp\/v2\/types\/page"}],"author":[{"embeddable":true,"href":"https:\/\/www.cercleape.com\/index.php?rest_route=\/wp\/v2\/users\/3"}],"replies":[{"embeddable":true,"href":"https:\/\/www.cercleape.com\/index.php?rest_route=%2Fwp%2Fv2%2Fcomments&post=3055"}],"version-history":[{"count":0,"href":"https:\/\/www.cercleape.com\/index.php?rest_route=\/wp\/v2\/pages\/3055\/revisions"}],"up":[{"embeddable":true,"href":"https:\/\/www.cercleape.com\/index.php?rest_route=\/wp\/v2\/pages\/2587"}],"wp:attachment":[{"href":"https:\/\/www.cercleape.com\/index.php?rest_route=%2Fwp%2Fv2%2Fmedia&parent=3055"}],"curies":[{"name":"wp","href":"https:\/\/api.w.org\/{rel}","templated":true}]}}