{"id":5018,"date":"2020-11-08T14:36:15","date_gmt":"2020-11-08T13:36:15","guid":{"rendered":"https:\/\/cercleape.wordpress.com\/?page_id=5018"},"modified":"2021-06-08T14:19:48","modified_gmt":"2021-06-08T12:19:48","slug":"festival-2021","status":"publish","type":"page","link":"https:\/\/www.cercleape.com\/?page_id=5018","title":{"rendered":"LE FESTIVAL 2021"},"content":{"rendered":"\n<div class=\"wp-block-image\"><figure class=\"aligncenter size-large\"><img loading=\"lazy\" decoding=\"async\" width=\"2481\" height=\"3507\" src=\"https:\/\/www.cercleape.com\/wp-content\/uploads\/2020\/11\/2020_11_affiche_diversit____digital__distance__distrayant___d__clic.....png?w=724\" alt=\"\" class=\"wp-image-5120\" srcset=\"https:\/\/www.cercleape.com\/wp-content\/uploads\/2020\/11\/2020_11_affiche_diversit____digital__distance__distrayant___d__clic.....png 2481w, https:\/\/www.cercleape.com\/wp-content\/uploads\/2020\/11\/2020_11_affiche_diversit____digital__distance__distrayant___d__clic....-212x300.png 212w, https:\/\/www.cercleape.com\/wp-content\/uploads\/2020\/11\/2020_11_affiche_diversit____digital__distance__distrayant___d__clic....-724x1024.png 724w, https:\/\/www.cercleape.com\/wp-content\/uploads\/2020\/11\/2020_11_affiche_diversit____digital__distance__distrayant___d__clic....-768x1086.png 768w, https:\/\/www.cercleape.com\/wp-content\/uploads\/2020\/11\/2020_11_affiche_diversit____digital__distance__distrayant___d__clic....-1087x1536.png 1087w, https:\/\/www.cercleape.com\/wp-content\/uploads\/2020\/11\/2020_11_affiche_diversit____digital__distance__distrayant___d__clic....-1449x2048.png 1449w, https:\/\/www.cercleape.com\/wp-content\/uploads\/2020\/11\/2020_11_affiche_diversit____digital__distance__distrayant___d__clic....-1568x2216.png 1568w\" sizes=\"auto, (max-width: 2481px) 100vw, 2481px\" \/><\/figure><\/div>\n\n\n\n<div class=\"wp-block-columns is-layout-flex wp-container-core-columns-is-layout-9d6595d7 wp-block-columns-is-layout-flex\">\n<div class=\"wp-block-column is-layout-flow wp-block-column-is-layout-flow\" style=\"flex-basis:100%\">\n<figure class=\"wp-block-pullquote\" style=\"border-color:#ffffff\"><blockquote class=\"has-text-color\" style=\"color:#0691e5\"><p><span class=\"has-inline-color has-vivid-cyan-blue-color\">EN 2021 , AVEC LE CERCLE APE FESTOYONS, VOYAGEONS ET APPRENONS !<\/span><\/p><\/blockquote><\/figure>\n\n\n\n<figure class=\"wp-block-embed aligncenter is-type-video is-provider-youtube wp-block-embed-youtube wp-embed-aspect-16-9 wp-has-aspect-ratio\"><div class=\"wp-block-embed__wrapper\">\n<iframe loading=\"lazy\" title=\"Festival 2021 du cercle APE 2021\" width=\"750\" height=\"422\" src=\"https:\/\/www.youtube.com\/embed\/VWR_xyoNvTY?feature=oembed\" frameborder=\"0\" allow=\"accelerometer; autoplay; clipboard-write; encrypted-media; gyroscope; picture-in-picture\" allowfullscreen><\/iframe>\n<\/div><\/figure>\n<\/div>\n<\/div>\n\n\n\n<p>En ao\u00fbt&nbsp;2020, les membres ont r\u00e9fl\u00e9chi&nbsp;sur les activit\u00e9s du #cercleape pour l&rsquo;ann\u00e9e&nbsp;2021. Deux pistes ont \u00e9t\u00e9 ouvertes :<\/p>\n\n\n\n<ul class=\"wp-block-list\"><li>\u00ab\u00a0Le Festival de l&rsquo;Apprendre\u00a0\u00bb (Belote &amp; rebelote) <\/li><\/ul>\n\n\n\n<ul class=\"wp-block-list\"><li>\u00ab\u00a0Le voyage apprenant\u00a0\u00bb (c&rsquo;est nouveau !).&nbsp;Plus d&rsquo;informations sur :&nbsp;<a rel=\"noreferrer noopener\" href=\"https:\/\/urlz.fr\/e2Nm\" target=\"_blank\">https:\/\/urlz.fr\/e2Nm<\/a><\/li><\/ul>\n\n\n\n<p><strong><span class=\"has-inline-color has-vivid-cyan-blue-color\"><span class=\"uppercase\"> EN 2021, Le Festival de l\u2019Apprendre innove !<\/span><\/span><\/strong><\/p>\n\n\n\n<p>Plac\u00e9&nbsp;sous le signe du num\u00e9rique, il sera cette ann\u00e9e encore&nbsp;multi sites, mais le plus souvent&nbsp;en distanciel.<\/p>\n\n\n\n<p>Il met \u00e9galement&nbsp;la reconnaissance des savoirs \u00e0 l\u2019honneur&nbsp;gr\u00e2ce aux <strong>badges <\/strong>con\u00e7us avec nos partenaires du r\u00e9seau B.O.A.T (Badges Ouverts A Tous : <a rel=\"noreferrer noopener\" href=\"https:\/\/bconnexion.fr\/\" target=\"_blank\">https:\/\/bconnexion.fr\/<\/a>).<\/p>\n\n\n\n<blockquote class=\"wp-block-quote has-text-align-center is-style-large is-layout-flow wp-block-quote-is-layout-flow\"><p><strong><a rel=\"noreferrer noopener\" href=\"https:\/\/b-connexion.fr\/app\/gallery\/map\/embed?badge=J%E2%80%99organise%20un%20Festival%20de%20l%E2%80%99apprendre%20en%202021\" target=\"_blank\">Retrouvez ici la carte du badge <\/a><\/strong><\/p><p><strong><a rel=\"noreferrer noopener\" href=\"https:\/\/b-connexion.fr\/app\/gallery\/map\/embed?badge=J%E2%80%99organise%20un%20Festival%20de%20l%E2%80%99apprendre%20en%202021\" target=\"_blank\">\u00ab\u00a0J&rsquo;organise un Festival de l&rsquo;apprendre en 2021 !\u00a0\u00bb<\/a><\/strong><\/p><\/blockquote>\n\n\n\n<p>Toujours autour du 24 janvier 2021, Journ\u00e9e internationale de l\u2019Education, ces festivals&nbsp;donneront aussi le coup d\u2019envoi \u00e0 de nombreux&nbsp;<a rel=\"noreferrer noopener\" href=\"https:\/\/cercleape.com\/le-voyage-apprenant\/\" target=\"_blank\">voyages apprenants<\/a> dont les chroniques viendront nourrir notre app\u00e9tit de savoirs tout au long de l\u2019ann\u00e9e ! D\u00e8s maintenant, un Framacalc&nbsp;est ouvert pour<strong>&nbsp;recueillir&nbsp;les premi\u00e8res initiatives<\/strong>&nbsp;sur la mise en place des #festivaldelapprendre d\u00e9centralis\u00e9s sur le territoire&nbsp;num\u00e9rique :<strong>&nbsp;<a rel=\"noreferrer noopener\" href=\"https:\/\/urlz.fr\/e2xH\" target=\"_blank\">https:\/\/urlz.fr\/e2xH<\/a><\/strong>&nbsp;&nbsp;<\/p>\n\n\n\n<p>Enfin, un&nbsp;<strong>atelier&nbsp;permanent&nbsp;d&rsquo;\u00e9criture en ligne<\/strong>&nbsp;sur le \u00ab\u00a0Plaisir&nbsp;d&rsquo;apprendre\u00a0\u00bb est ouvert dans la continuit\u00e9 :&nbsp;<a rel=\"noreferrer noopener\" href=\"https:\/\/urlz.fr\/bqzW\" target=\"_blank\">https:\/\/urlz.fr\/bqzW<\/a>&nbsp; &nbsp;<\/p>\n\n\n\n\n\n<p><span class=\"uppercase\"><span class=\"has-inline-color has-vivid-cyan-blue-color\"><strong>communiqu\u00e9 de presse du 24 novembre 2020 :<\/strong><\/span><\/span><\/p>\n\n\n\n<p><span class=\"uppercase\"><span class=\"has-inline-color has-vivid-cyan-blue-color\"> <\/span><\/span><a href=\"https:\/\/www.cercleape.com\/wp-content\/uploads\/2020\/11\/com-de-presse-24-nov-2020-cercle-ape-vd.pdf\">https:\/\/www.cercleape.com\/wp-content\/uploads\/2020\/11\/com-de-presse-24-nov-2020-cercle-ape-vd.pdf<\/a><\/p>\n\n\n\n<p> <\/p>\n","protected":false},"excerpt":{"rendered":"<p>EN 2021 , AVEC LE CERCLE APE FESTOYONS, VOYAGEONS ET APPRENONS ! En ao\u00fbt&nbsp;2020, les membres ont r\u00e9fl\u00e9chi&nbsp;sur les activit\u00e9s &hellip; <\/p>\n","protected":false},"author":6,"featured_media":0,"parent":0,"menu_order":0,"comment_status":"closed","ping_status":"closed","template":"","meta":{"footnotes":""},"class_list":["post-5018","page","type-page","status-publish","hentry"],"_links":{"self":[{"href":"https:\/\/www.cercleape.com\/index.php?rest_route=\/wp\/v2\/pages\/5018","targetHints":{"allow":["GET"]}}],"collection":[{"href":"https:\/\/www.cercleape.com\/index.php?rest_route=\/wp\/v2\/pages"}],"about":[{"href":"https:\/\/www.cercleape.com\/index.php?rest_route=\/wp\/v2\/types\/page"}],"author":[{"embeddable":true,"href":"https:\/\/www.cercleape.com\/index.php?rest_route=\/wp\/v2\/users\/6"}],"replies":[{"embeddable":true,"href":"https:\/\/www.cercleape.com\/index.php?rest_route=%2Fwp%2Fv2%2Fcomments&post=5018"}],"version-history":[{"count":1,"href":"https:\/\/www.cercleape.com\/index.php?rest_route=\/wp\/v2\/pages\/5018\/revisions"}],"predecessor-version":[{"id":5751,"href":"https:\/\/www.cercleape.com\/index.php?rest_route=\/wp\/v2\/pages\/5018\/revisions\/5751"}],"wp:attachment":[{"href":"https:\/\/www.cercleape.com\/index.php?rest_route=%2Fwp%2Fv2%2Fmedia&parent=5018"}],"curies":[{"name":"wp","href":"https:\/\/api.w.org\/{rel}","templated":true}]}}