{"id":5033,"date":"2020-11-08T15:19:36","date_gmt":"2020-11-08T14:19:36","guid":{"rendered":"https:\/\/cercleape.wordpress.com\/?page_id=5033"},"modified":"2020-11-08T15:19:36","modified_gmt":"2020-11-08T14:19:36","slug":"le-voyage-apprenant","status":"publish","type":"page","link":"https:\/\/www.cercleape.com\/?page_id=5033","title":{"rendered":"LE VOYAGE APPRENANT   2021"},"content":{"rendered":"\n<p style=\"font-size:18px;\">Le Festival de l&rsquo;apprendre 2021 donnera le coup d&rsquo;envoi \u00e0 de nombreux voyages apprenants !<\/p>\n\n\n\n<p style=\"font-size:18px;\">Participez \u00e0 cette aventure seul ou en collectif ! faites voyager vos savoirs et  partagez vos d\u00e9couvertes : nouvelles rencontres, nouvelles id\u00e9es, fa\u00e7ons de faire et de penser .  <\/p>\n\n\n\n<p style=\"font-size:19px;\"><strong>et n&rsquo;oubliez pas : le voyage commence au coin de la rue  !<\/strong><\/p>\n\n\n\n<p>https:\/\/kifkif.org\/<\/p>\n\n\n\n<p>http:\/\/m.20minutes.fr\/paris\/2430615-20190127-incroyable-93-documentaire-donne-envie-passer-vacances-seine-saint-denis<\/p>\n\n\n\n<p><strong><span class=\"has-inline-color has-vivid-cyan-blue-color\">Le voyage apprenant,  d&rsquo;apr\u00e8s une proposition issue du World Caf\u00e9 aux Grands voisins en 2018 <\/span><\/strong><\/p>\n\n\n\n<figure class=\"wp-block-embed is-type-rich is-provider-youtube wp-block-embed-youtube wp-embed-aspect-16-9 wp-has-aspect-ratio\"><div class=\"wp-block-embed__wrapper\">\n<iframe loading=\"lazy\" title=\"World Cafe\u0301 du Cercle APE - Th\u00e8me  &quot;Voyage apprenant&quot;\" width=\"750\" height=\"422\" src=\"https:\/\/www.youtube.com\/embed\/16JkbM49DmI?feature=oembed\" frameborder=\"0\" allow=\"accelerometer; autoplay; clipboard-write; encrypted-media; gyroscope; picture-in-picture\" allowfullscreen><\/iframe>\n<\/div><\/figure>\n\n\n\n<p><\/p>\n\n\n\n<p style=\"font-size:18px;\"><\/p>\n","protected":false},"excerpt":{"rendered":"<p>Le Festival de l&rsquo;apprendre 2021 donnera le coup d&rsquo;envoi \u00e0 de nombreux voyages apprenants ! Participez \u00e0 cette aventure seul &hellip; <\/p>\n","protected":false},"author":6,"featured_media":0,"parent":0,"menu_order":0,"comment_status":"closed","ping_status":"closed","template":"","meta":{"footnotes":""},"class_list":["post-5033","page","type-page","status-publish","hentry"],"_links":{"self":[{"href":"https:\/\/www.cercleape.com\/index.php?rest_route=\/wp\/v2\/pages\/5033","targetHints":{"allow":["GET"]}}],"collection":[{"href":"https:\/\/www.cercleape.com\/index.php?rest_route=\/wp\/v2\/pages"}],"about":[{"href":"https:\/\/www.cercleape.com\/index.php?rest_route=\/wp\/v2\/types\/page"}],"author":[{"embeddable":true,"href":"https:\/\/www.cercleape.com\/index.php?rest_route=\/wp\/v2\/users\/6"}],"replies":[{"embeddable":true,"href":"https:\/\/www.cercleape.com\/index.php?rest_route=%2Fwp%2Fv2%2Fcomments&post=5033"}],"version-history":[{"count":0,"href":"https:\/\/www.cercleape.com\/index.php?rest_route=\/wp\/v2\/pages\/5033\/revisions"}],"wp:attachment":[{"href":"https:\/\/www.cercleape.com\/index.php?rest_route=%2Fwp%2Fv2%2Fmedia&parent=5033"}],"curies":[{"name":"wp","href":"https:\/\/api.w.org\/{rel}","templated":true}]}}