{"id":5089,"date":"2020-11-16T15:35:19","date_gmt":"2020-11-16T14:35:19","guid":{"rendered":"https:\/\/cercleape.wordpress.com\/?page_id=5089"},"modified":"2024-05-08T20:30:03","modified_gmt":"2024-05-08T18:30:03","slug":"nos-partenaires","status":"publish","type":"page","link":"https:\/\/www.cercleape.com\/?page_id=5089","title":{"rendered":"Nos partenaires"},"content":{"rendered":"\n<p><strong>Futurs en stock<\/strong><\/p>\n\n\n\n<p>Le Cercle APE collabore autour du badge du <em>Voyage Apprenant<\/em> et des Badges d\u2019escale avec <strong><a href=\"https:\/\/www.linkedin.com\/company\/futurs-en-stock\/?originalSubdomain=fr\">Futurs en Stock<\/a><\/strong>\u00a0<\/p>\n\n\n\n<figure class=\"wp-block-image size-full\"><a href=\"https:\/\/www.linkedin.com\/company\/futurs-en-stock\/?originalSubdomain=fr\"><img loading=\"lazy\" decoding=\"async\" width=\"400\" height=\"301\" src=\"https:\/\/www.cercleape.com\/wp-content\/uploads\/2023\/01\/LogoFuturEnStock_pt.png\" alt=\"\" class=\"wp-image-6217\" srcset=\"https:\/\/www.cercleape.com\/wp-content\/uploads\/2023\/01\/LogoFuturEnStock_pt.png 400w, https:\/\/www.cercleape.com\/wp-content\/uploads\/2023\/01\/LogoFuturEnStock_pt-300x226.png 300w\" sizes=\"auto, (max-width: 400px) 100vw, 400px\" \/><\/a><\/figure>\n\n\n\n<h3 class=\"wp-block-heading\"><strong>Les R\u00e9seaux d&rsquo;\u00c9changes R\u00e9ciproques de Savoirs\u00ae adh\u00e9rant \u00e0 Foresco<\/strong><\/h3>\n\n\n\n<p><a href=\"https:\/\/www.rers-asso.org\/trouver-rers.htm\">https:\/\/www.rers-asso.org\/trouver-rers.htm<\/a><\/p>\n\n\n<div class=\"wp-block-image\">\n<figure class=\"alignleft size-large is-resized\"><img loading=\"lazy\" decoding=\"async\" width=\"120\" height=\"90\" src=\"https:\/\/www.cercleape.com\/wp-content\/uploads\/2020\/11\/logo_rers-we2396dea044.jpg?w=120\" alt=\"\" class=\"wp-image-5094\" style=\"width:247px;height:185px\"\/><\/figure>\n<\/div>\n\n\n<p><\/p>\n","protected":false},"excerpt":{"rendered":"<p>Futurs en stock Le Cercle APE collabore autour du badge du Voyage Apprenant et des Badges d\u2019escale avec Futurs en &hellip; <\/p>\n","protected":false},"author":6,"featured_media":0,"parent":0,"menu_order":0,"comment_status":"closed","ping_status":"closed","template":"","meta":{"footnotes":""},"class_list":["post-5089","page","type-page","status-publish","hentry"],"_links":{"self":[{"href":"https:\/\/www.cercleape.com\/index.php?rest_route=\/wp\/v2\/pages\/5089","targetHints":{"allow":["GET"]}}],"collection":[{"href":"https:\/\/www.cercleape.com\/index.php?rest_route=\/wp\/v2\/pages"}],"about":[{"href":"https:\/\/www.cercleape.com\/index.php?rest_route=\/wp\/v2\/types\/page"}],"author":[{"embeddable":true,"href":"https:\/\/www.cercleape.com\/index.php?rest_route=\/wp\/v2\/users\/6"}],"replies":[{"embeddable":true,"href":"https:\/\/www.cercleape.com\/index.php?rest_route=%2Fwp%2Fv2%2Fcomments&post=5089"}],"version-history":[{"count":4,"href":"https:\/\/www.cercleape.com\/index.php?rest_route=\/wp\/v2\/pages\/5089\/revisions"}],"predecessor-version":[{"id":6808,"href":"https:\/\/www.cercleape.com\/index.php?rest_route=\/wp\/v2\/pages\/5089\/revisions\/6808"}],"wp:attachment":[{"href":"https:\/\/www.cercleape.com\/index.php?rest_route=%2Fwp%2Fv2%2Fmedia&parent=5089"}],"curies":[{"name":"wp","href":"https:\/\/api.w.org\/{rel}","templated":true}]}}