{"id":5164,"date":"2020-12-01T20:36:31","date_gmt":"2020-12-01T19:36:31","guid":{"rendered":"https:\/\/cercleape.wordpress.com\/?page_id=5164"},"modified":"2021-06-08T14:33:40","modified_gmt":"2021-06-08T12:33:40","slug":"kit-communication-de-lorganisateur","status":"publish","type":"page","link":"https:\/\/www.cercleape.com\/?page_id=5164","title":{"rendered":"Le Kit de communication"},"content":{"rendered":"\n<h3 class=\"alignfull wp-block-heading\">Vous souhaitez organiser un festival ?<\/h3>\n\n\n\n<h3 class=\"alignfull wp-block-heading\">I<strong>nscrivez ici votre evenement:<\/strong><a href=\"https:\/\/urlz.fr\/e2xH\">  https:\/\/urlz.fr\/e2xH<\/a><\/h3>\n\n\n\n<h3 class=\"alignfull wp-block-heading\">Et communiquez \u00e0 l&rsquo;aide des \u00e9l\u00e9ments ci dessous!<\/h3>\n\n\n\n<p><\/p>\n\n\n\n<h2 class=\"alignfull wp-block-heading\"><strong>LE KIT DE BASE <\/strong><\/h2>\n\n\n\n<div class=\"wp-block-file alignleft\"><a href=\"https:\/\/www.cercleape.com\/wp-content\/uploads\/2020\/12\/cropped-logo-cercleapetransparent-2-1.png\"> <strong><span class=\"has-inline-color has-vivid-cyan-blue-color\">l<\/span><\/strong><span class=\"has-inline-color has-vivid-cyan-blue-color\"><b>e logo du cercle APE<\/b><\/span><br><\/a><\/div>\n\n\n\n<div class=\"wp-block-file alignleft\"><a href=\"https:\/\/www.cercleape.com\/wp-content\/uploads\/2020\/12\/badge-boat-reconnaitre-en-nouvelle-aquitaine-sans-contour-300x242-e1588870384415.png\"><strong><span class=\"has-inline-color has-vivid-cyan-blue-color\">le logo de R\u00e9seau B.O.A.T<\/span><\/strong><br><\/a><\/div>\n\n\n\n<div class=\"wp-block-file alignleft\"><a href=\"https:\/\/www.cercleape.com\/wp-content\/uploads\/2020\/12\/affichefestivalapprendre_2021_kitcom.jpg\"><strong><span class=\"has-inline-color has-vivid-cyan-blue-color\">l<\/span><\/strong><span class=\"has-inline-color has-vivid-cyan-blue-color\"><strong>&lsquo;affiche du festivalapprendre_202<\/strong><\/span>1<\/a><\/div>\n\n\n\n<p><\/p>\n\n\n\n<p><\/p>\n\n\n\n<h2 class=\"alignfull has-text-align-left wp-block-heading\"><strong>DES VISUELS ET DES PICTOS <span class=\"has-inline-color has-black-color\">POUR CR\u00c9ER VOS PROPRES PUBLICATIONS<\/span><\/strong> <\/h2>\n\n\n\n<figure class=\"wp-block-image size-large\"><a href=\"https:\/\/www.cercleape.com\/wp-content\/uploads\/2020\/12\/festivaltitre.jpg\" rel=\"https:\/\/cercleape.com\/festivaltitrepicto\/\"><img loading=\"lazy\" decoding=\"async\" width=\"1229\" height=\"561\" src=\"https:\/\/www.cercleape.com\/wp-content\/uploads\/2020\/12\/festivaltitre.jpg?w=700\" alt=\"\" class=\"wp-image-5177\" srcset=\"https:\/\/www.cercleape.com\/wp-content\/uploads\/2020\/12\/festivaltitre.jpg 1229w, https:\/\/www.cercleape.com\/wp-content\/uploads\/2020\/12\/festivaltitre-300x137.jpg 300w, https:\/\/www.cercleape.com\/wp-content\/uploads\/2020\/12\/festivaltitre-1024x467.jpg 1024w, https:\/\/www.cercleape.com\/wp-content\/uploads\/2020\/12\/festivaltitre-768x351.jpg 768w\" sizes=\"auto, (max-width: 1229px) 100vw, 1229px\" \/><\/a><figcaption><strong><span class=\"has-inline-color has-vivid-cyan-blue-color\">https:\/\/cercleape.com\/festivaltitrepicto\/<\/span><\/strong><\/figcaption><\/figure>\n\n\n\n<div class=\"wp-block-file alignleft\"><a href=\"https:\/\/www.cercleape.com\/wp-content\/uploads\/2020\/12\/festivaltitre.jpg\"><br><br><br><\/a><\/div>\n\n\n\n<p>Les images des badges pour les organisateurs d&rsquo;un <strong>#festivaldelapprendre<\/strong> et pour les participants au <strong>#voyageapprenant<\/strong><\/p>\n\n\n\n<figure class=\"wp-block-image size-large is-resized\"><img loading=\"lazy\" decoding=\"async\" src=\"https:\/\/www.cercleape.com\/wp-content\/uploads\/2020\/12\/badge_organis.png?w=591\" alt=\"\" class=\"wp-image-5285\" width=\"319\" height=\"328\" srcset=\"https:\/\/www.cercleape.com\/wp-content\/uploads\/2020\/12\/badge_organis.png 591w, https:\/\/www.cercleape.com\/wp-content\/uploads\/2020\/12\/badge_organis-292x300.png 292w\" sizes=\"auto, (max-width: 319px) 100vw, 319px\" \/><figcaption>Image du badge organisateur de #festivaldelapprendre<\/figcaption><\/figure>\n\n\n\n<figure class=\"wp-block-image size-large is-resized\"><img loading=\"lazy\" decoding=\"async\" src=\"https:\/\/www.cercleape.com\/wp-content\/uploads\/2020\/12\/badge_voyageur.png?w=600\" alt=\"\" class=\"wp-image-5287\" width=\"331\" height=\"330\" srcset=\"https:\/\/www.cercleape.com\/wp-content\/uploads\/2020\/12\/badge_voyageur.png 600w, https:\/\/www.cercleape.com\/wp-content\/uploads\/2020\/12\/badge_voyageur-300x300.png 300w, https:\/\/www.cercleape.com\/wp-content\/uploads\/2020\/12\/badge_voyageur-150x150.png 150w\" sizes=\"auto, (max-width: 331px) 100vw, 331px\" \/><figcaption>Image du badge \u00ab\u00a0Voyageur apprenant\u00a0\u00bb<\/figcaption><\/figure>\n\n\n\n<figure class=\"wp-block-image alignwide size-large\"><a href=\"https:\/\/www.cercleape.com\/wp-content\/uploads\/2020\/12\/festivaltitrepicto.jpg\" rel=\"https:\/\/cercleape.com\/festivaltitrepicto\/\"><img loading=\"lazy\" decoding=\"async\" width=\"1817\" height=\"573\" src=\"https:\/\/www.cercleape.com\/wp-content\/uploads\/2020\/12\/festivaltitrepicto.jpg?w=700\" alt=\"\" class=\"wp-image-5181\" srcset=\"https:\/\/www.cercleape.com\/wp-content\/uploads\/2020\/12\/festivaltitrepicto.jpg 1817w, https:\/\/www.cercleape.com\/wp-content\/uploads\/2020\/12\/festivaltitrepicto-300x95.jpg 300w, https:\/\/www.cercleape.com\/wp-content\/uploads\/2020\/12\/festivaltitrepicto-1024x323.jpg 1024w, https:\/\/www.cercleape.com\/wp-content\/uploads\/2020\/12\/festivaltitrepicto-768x242.jpg 768w, https:\/\/www.cercleape.com\/wp-content\/uploads\/2020\/12\/festivaltitrepicto-1536x484.jpg 1536w, https:\/\/www.cercleape.com\/wp-content\/uploads\/2020\/12\/festivaltitrepicto-1568x494.jpg 1568w\" sizes=\"auto, (max-width: 1817px) 100vw, 1817px\" \/><\/a><figcaption><strong><span class=\"has-inline-color has-vivid-cyan-blue-color\">https:\/\/cercleape.com\/festivaltitrepicto\/<\/span><\/strong><\/figcaption><\/figure>\n\n\n\n<div class=\"wp-block-image\"><figure class=\"aligncenter\"><a href=\"https:\/\/www.cercleape.com\/wp-content\/uploads\/2020\/12\/picto_twit.jpg\"><img loading=\"lazy\" decoding=\"async\" width=\"520\" height=\"393\" src=\"https:\/\/www.cercleape.com\/wp-content\/uploads\/2020\/12\/picto_twit.jpg\" alt=\"\" class=\"wp-image-5191\" srcset=\"https:\/\/www.cercleape.com\/wp-content\/uploads\/2020\/12\/picto_twit.jpg 520w, https:\/\/www.cercleape.com\/wp-content\/uploads\/2020\/12\/picto_twit-300x227.jpg 300w\" sizes=\"auto, (max-width: 520px) 100vw, 520px\" \/><\/a><figcaption><a href=\"https:\/\/www.cercleape.com\/wp-content\/uploads\/2020\/12\/picto_twit.jpg\"><strong><span class=\"has-inline-color has-vivid-cyan-blue-color\">https:\/\/www.cercleape.com\/wp-content\/uploads\/2020\/12\/picto_twit.jpg<\/span><\/strong><\/a><\/figcaption><\/figure><\/div>\n\n\n\n<div class=\"wp-block-image\"><figure class=\"aligncenter\"><img loading=\"lazy\" decoding=\"async\" width=\"729\" height=\"564\" src=\"https:\/\/www.cercleape.com\/wp-content\/uploads\/2020\/12\/picto_rvchat.jpg\" alt=\"\" class=\"wp-image-5190\" srcset=\"https:\/\/www.cercleape.com\/wp-content\/uploads\/2020\/12\/picto_rvchat.jpg 729w, https:\/\/www.cercleape.com\/wp-content\/uploads\/2020\/12\/picto_rvchat-300x232.jpg 300w\" sizes=\"auto, (max-width: 729px) 100vw, 729px\" \/><\/figure><\/div>\n\n\n\n<div class=\"wp-block-image\"><figure class=\"aligncenter\"><img loading=\"lazy\" decoding=\"async\" width=\"781\" height=\"465\" src=\"https:\/\/www.cercleape.com\/wp-content\/uploads\/2020\/12\/picto_douche.jpg\" alt=\"\" class=\"wp-image-5189\" srcset=\"https:\/\/www.cercleape.com\/wp-content\/uploads\/2020\/12\/picto_douche.jpg 781w, https:\/\/www.cercleape.com\/wp-content\/uploads\/2020\/12\/picto_douche-300x179.jpg 300w, https:\/\/www.cercleape.com\/wp-content\/uploads\/2020\/12\/picto_douche-768x457.jpg 768w\" sizes=\"auto, (max-width: 781px) 100vw, 781px\" \/><\/figure><\/div>\n\n\n\n<div class=\"wp-block-image\"><figure class=\"aligncenter\"><img loading=\"lazy\" decoding=\"async\" width=\"693\" height=\"565\" src=\"https:\/\/www.cercleape.com\/wp-content\/uploads\/2020\/12\/picto_couple.jpg\" alt=\"\" class=\"wp-image-5188\" srcset=\"https:\/\/www.cercleape.com\/wp-content\/uploads\/2020\/12\/picto_couple.jpg 693w, https:\/\/www.cercleape.com\/wp-content\/uploads\/2020\/12\/picto_couple-300x245.jpg 300w\" sizes=\"auto, (max-width: 693px) 100vw, 693px\" \/><\/figure><\/div>\n\n\n\n<div class=\"wp-block-image\"><figure class=\"aligncenter\"><img loading=\"lazy\" decoding=\"async\" width=\"653\" height=\"433\" src=\"https:\/\/www.cercleape.com\/wp-content\/uploads\/2020\/12\/picto_chiennum.jpg\" alt=\"\" class=\"wp-image-5186\" srcset=\"https:\/\/www.cercleape.com\/wp-content\/uploads\/2020\/12\/picto_chiennum.jpg 653w, https:\/\/www.cercleape.com\/wp-content\/uploads\/2020\/12\/picto_chiennum-300x199.jpg 300w\" sizes=\"auto, (max-width: 653px) 100vw, 653px\" \/><\/figure><\/div>\n\n\n\n<div class=\"wp-block-image\"><figure class=\"aligncenter\"><img loading=\"lazy\" decoding=\"async\" width=\"693\" height=\"485\" src=\"https:\/\/www.cercleape.com\/wp-content\/uploads\/2020\/12\/picto_bouquetcables.jpg\" alt=\"\" class=\"wp-image-5185\" srcset=\"https:\/\/www.cercleape.com\/wp-content\/uploads\/2020\/12\/picto_bouquetcables.jpg 693w, https:\/\/www.cercleape.com\/wp-content\/uploads\/2020\/12\/picto_bouquetcables-300x210.jpg 300w\" sizes=\"auto, (max-width: 693px) 100vw, 693px\" \/><\/figure><\/div>\n\n\n\n<div class=\"wp-block-image\"><figure class=\"aligncenter\"><img loading=\"lazy\" decoding=\"async\" width=\"683\" height=\"581\" src=\"https:\/\/www.cercleape.com\/wp-content\/uploads\/2020\/12\/picto_banc.jpg\" alt=\"\" class=\"wp-image-5184\" srcset=\"https:\/\/www.cercleape.com\/wp-content\/uploads\/2020\/12\/picto_banc.jpg 683w, https:\/\/www.cercleape.com\/wp-content\/uploads\/2020\/12\/picto_banc-300x255.jpg 300w\" sizes=\"auto, (max-width: 683px) 100vw, 683px\" \/><\/figure><\/div>\n\n\n\n<div class=\"wp-block-image\"><figure class=\"aligncenter\"><img loading=\"lazy\" decoding=\"async\" width=\"625\" height=\"629\" src=\"https:\/\/www.cercleape.com\/wp-content\/uploads\/2020\/12\/picto_balado.jpg\" alt=\"\" class=\"wp-image-5182\" srcset=\"https:\/\/www.cercleape.com\/wp-content\/uploads\/2020\/12\/picto_balado.jpg 625w, https:\/\/www.cercleape.com\/wp-content\/uploads\/2020\/12\/picto_balado-298x300.jpg 298w, https:\/\/www.cercleape.com\/wp-content\/uploads\/2020\/12\/picto_balado-150x150.jpg 150w\" sizes=\"auto, (max-width: 625px) 100vw, 625px\" \/><\/figure><\/div>\n\n\n\n<p><\/p>\n\n\n\n<p><\/p>\n\n\n\n<p><\/p>\n\n\n\n<p><\/p>\n\n\n\n<p><\/p>\n\n\n\n<h2 class=\"alignfull has-text-align-left wp-block-heading\"><strong>POUR COMMUNIQUER SUR LES RESEAUX SOCIAUX <\/strong><\/h2>\n\n\n\n<h3 class=\"wp-block-heading\"><span class=\"has-inline-color has-cyan-bluish-gray-color\"><strong>#festivaldelapprendre<\/strong><\/span><\/h3>\n\n\n\n<h3 class=\"wp-block-heading\"><span class=\"has-inline-color has-cyan-bluish-gray-color\"><strong>#voyageapprenant <\/strong><\/span><\/h3>\n\n\n\n<h3 class=\"wp-block-heading\"><span class=\"has-inline-color has-cyan-bluish-gray-color\"><strong>#learningplanet<\/strong> <\/span><\/h3>\n\n\n\n<h2 class=\"alignfull wp-block-heading\">Et nous rejoindre<a href=\"https:\/\/www.linkedin.com\/company\/cercle-ape-apprendre-ensemble\/?miniCompanyUrn=urn%3Ali%3Afs_miniCompany%3A18282152&amp;lipi=urn%3Ali%3Apage%3Ad_flagship3_company%3BhUMQqU9mQae9ZWN9fldr3w%3D%3D&amp;licu=urn%3Ali%3Acontrol%3Ad_flagship3_company-actor_container&amp;lici=bhoSCJyDAMq6TDEoS%2FTPwA%3D%3D\"> :<\/a><\/h2>\n\n\n\n<h3 class=\"wp-block-heading\"><a href=\"https:\/\/www.linkedin.com\/company\/cercle-ape-apprendre-ensemble\/?miniCompanyUrn=urn%3Ali%3Afs_miniCompany%3A18282152&amp;lipi=urn%3Ali%3Apage%3Ad_flagship3_company%3BhUMQqU9mQae9ZWN9fldr3w%3D%3D&amp;licu=urn%3Ali%3Acontrol%3Ad_flagship3_company-actor_container&amp;lici=bhoSCJyDAMq6TDEoS%2FTPwA%3D%3D\"> LA COMMUNAUTE DU CERCLE APE SUR linkedin<\/a><\/h3>\n\n\n\n<p><\/p>\n","protected":false},"excerpt":{"rendered":"<p>Vous souhaitez organiser un festival ? Inscrivez ici votre evenement: https:\/\/urlz.fr\/e2xH Et communiquez \u00e0 l&rsquo;aide des \u00e9l\u00e9ments ci dessous! LE &hellip; <\/p>\n","protected":false},"author":6,"featured_media":0,"parent":0,"menu_order":0,"comment_status":"closed","ping_status":"closed","template":"","meta":{"footnotes":""},"class_list":["post-5164","page","type-page","status-publish","hentry"],"_links":{"self":[{"href":"https:\/\/www.cercleape.com\/index.php?rest_route=\/wp\/v2\/pages\/5164","targetHints":{"allow":["GET"]}}],"collection":[{"href":"https:\/\/www.cercleape.com\/index.php?rest_route=\/wp\/v2\/pages"}],"about":[{"href":"https:\/\/www.cercleape.com\/index.php?rest_route=\/wp\/v2\/types\/page"}],"author":[{"embeddable":true,"href":"https:\/\/www.cercleape.com\/index.php?rest_route=\/wp\/v2\/users\/6"}],"replies":[{"embeddable":true,"href":"https:\/\/www.cercleape.com\/index.php?rest_route=%2Fwp%2Fv2%2Fcomments&post=5164"}],"version-history":[{"count":1,"href":"https:\/\/www.cercleape.com\/index.php?rest_route=\/wp\/v2\/pages\/5164\/revisions"}],"predecessor-version":[{"id":5752,"href":"https:\/\/www.cercleape.com\/index.php?rest_route=\/wp\/v2\/pages\/5164\/revisions\/5752"}],"wp:attachment":[{"href":"https:\/\/www.cercleape.com\/index.php?rest_route=%2Fwp%2Fv2%2Fmedia&parent=5164"}],"curies":[{"name":"wp","href":"https:\/\/api.w.org\/{rel}","templated":true}]}}