{"id":5460,"date":"2021-01-04T11:59:27","date_gmt":"2021-01-04T10:59:27","guid":{"rendered":"http:\/\/cercleape.com\/?page_id=5460"},"modified":"2024-05-08T20:41:29","modified_gmt":"2024-05-08T18:41:29","slug":"badge-je-pars-en-voyage-apprenant","status":"publish","type":"page","link":"https:\/\/www.cercleape.com\/?page_id=5460","title":{"rendered":"Badge \u00ab Je pars en voyage apprenant \u00bb"},"content":{"rendered":"\n<p id=\"block-61bf1bf3-50e8-4089-92a8-0ece63f35ffa\">Futurs en Stock et le Cercle APE ont cr\u00e9\u00e9 pour vous un dispositif de badges qui vous permet de valoriser les apprentissages r\u00e9alis\u00e9s au cours de votre <strong>#voyageapprenant<\/strong>.<\/p>\n\n\n\n<blockquote class=\"wp-block-quote is-layout-flow wp-block-quote-is-layout-flow\">\n<p class=\"has-text-align-center\">Nous <em>appelons ces apprentissages des <strong>escales apprenantes<\/strong>.<\/em><\/p>\n<\/blockquote>\n\n\n\n<p>D\u00e8s que vous avez demand\u00e9 votre premier badge d\u2019escale, celui-ci vient prendre place dans le badge-cl\u00e9 <strong>Je pars en voyage apprenant<\/strong> automatiquement g\u00e9n\u00e9r\u00e9 \u00e0 cette occasion. Le badge-cl\u00e9 fonctionne comme une collection qui vous permet d\u2019afficher l\u2019ensemble de vos badges d\u2019escales apprenantes associ\u00e9s au #voyageapprenant. Nous avons cr\u00e9\u00e9 diff\u00e9rentes couleurs pour les badges d\u2019escale, nous vous proposons de demander vous-m\u00eames sur Open Badge Passport le ou les badges d\u2019escale qui viendront enrichir votre badge de voyageur et de voyageuse apprenante. Le badge d\u2019escale violet est \u00e0 votre disposition si vous voulez faire la d\u00e9marche de cr\u00e9er votre propre badge.<\/p>\n\n\n<div class=\"wp-block-image\">\n<figure class=\"aligncenter size-large\"><img loading=\"lazy\" decoding=\"async\" width=\"541\" height=\"349\" src=\"https:\/\/www.cercleape.com\/wp-content\/uploads\/2021\/01\/schemabadgevoyage-2.png?w=541\" alt=\"\" class=\"wp-image-5462\" srcset=\"https:\/\/www.cercleape.com\/wp-content\/uploads\/2021\/01\/schemabadgevoyage-2.png 541w, https:\/\/www.cercleape.com\/wp-content\/uploads\/2021\/01\/schemabadgevoyage-2-300x194.png 300w\" sizes=\"auto, (max-width: 541px) 100vw, 541px\" \/><figcaption class=\"wp-element-caption\"><em>Sch\u00e9ma du badge-cl\u00e9 et des badges escale<\/em><\/figcaption><\/figure>\n<\/div>\n\n\n<blockquote class=\"wp-block-quote has-text-align-center is-layout-flow wp-block-quote-is-layout-flow\">\n<p>Tous les visuels des badges ont \u00e9t\u00e9 cr\u00e9\u00e9s par Fr\u00e9d\u00e9ric Duriez pour le Cercle APE (merci Fr\u00e9d\u00e9ric !)<\/p>\n<\/blockquote>\n\n\n\n<h2 class=\"wp-block-heading\">Comment obtenir votre badge&nbsp;?<\/h2>\n\n\n\n<p><strong>\u00c9tape 1&nbsp;: Pr\u00e9parez vos r\u00e9ponses et traces&nbsp;!<\/strong><\/p>\n\n\n\n<p>Cr\u00e9ez votre compte sur Open Badge Passport <strong>(cliquez <a rel=\"noreferrer noopener\" href=\"https:\/\/openbadgepassport.com\/1accueil\/\" data-type=\"URL\" data-id=\"https:\/\/openbadgepassport.com\/1accueil\/\" target=\"_blank\">ici<\/a>, acceptez les conditions et cr\u00e9ez votre mot de passe)<\/strong>, \u00e0 votre nom et e-mail. Open Badge Passport (OBP) vous permettra d\u2019afficher votre badge, tout en prot\u00e9geant vos donn\u00e9es personnelles.<\/p>\n\n\n\n<p><strong>Recommandations&nbsp;<\/strong><\/p>\n\n\n\n<ul class=\"wp-block-list\">\n<li>OBP vous demandera de bien vouloir v\u00e9rifier votre adresse mail, cherchez bien dans les spams le message de v\u00e9rification.<\/li>\n\n\n\n<li><span style=\"color: initial;\">Utilisez le m\u00eame nom et la m\u00eame adresse de courriel pour cr\u00e9er votre compte et demander vos badges.<\/span><\/li>\n\n\n\n<li><span style=\"color: initial;\">Pour partager votre profil et voir vos badges, n\u2019oubliez pas d\u2019accepter de les rendre publics (ils sont priv\u00e9s par d\u00e9faut).<\/span><\/li>\n\n\n\n<li><\/li>\n\n\n\n<li>Il existe aussi une Appli d\u2019OBP que vous pouvez t\u00e9l\u00e9charger, toutes les informations se trouvent sur le site d\u2019OBP<\/li>\n<\/ul>\n\n\n\n<p><strong>\u00c9tape 2&nbsp;: Pr\u00e9parez vos r\u00e9ponses et traces&nbsp;pour le badge escale !<\/strong><\/p>\n\n\n\n<p>Chaque badge d\u2019escale vous propose de r\u00e9pondre aux questions suivantes&nbsp;(sont obligatoires celles suivies d\u2019un *) :<\/p>\n\n\n\n<ul class=\"wp-block-list\">\n<li>Quelle est l\u2019id\u00e9e initiale de cette escale et de ce voyage&nbsp;?<\/li>\n\n\n\n<li>Quels sont vos compagnons de voyage&nbsp;?<\/li>\n\n\n\n<li>Votre escale (votre apprentissage)&nbsp;:<\/li>\n<\/ul>\n\n\n\n<ul class=\"wp-block-list\">\n<li>Qu\u2019avez-vous appris*&nbsp;?\n<ul class=\"wp-block-list\">\n<li>Avec qui&nbsp;?<\/li>\n\n\n\n<li>De qui&nbsp;?<\/li>\n\n\n\n<li>Avec qui avez-vous partag\u00e9 ce savoir&nbsp;?<\/li>\n<\/ul>\n<\/li>\n<\/ul>\n\n\n\n<ul class=\"wp-block-list\">\n<li>Vos traces (documents associ\u00e9s)*&nbsp;: d\u00e9crivez en quelques mots votre trace d\u2019apprentissage, avez-vous une url \u00e0 coller et\/ou fichier \u00e0 t\u00e9l\u00e9verser&nbsp;?<\/li>\n<\/ul>\n\n\n\n<ul class=\"wp-block-list\">\n<li>La d\u00e9couverte inattendue&nbsp;: qu\u2019est-ce qui n\u2019\u00e9tait pas forc\u00e9ment votre intention de d\u00e9part, mais qui vous a \u00e9merveill\u00e9.e&nbsp;?<\/li>\n<\/ul>\n\n\n\n<p><strong>\u00c9tape 3 : <\/strong>Choisissez votre badge d\u2019escale&nbsp;: ils sont tous identiques, seule la couleur change&nbsp;! Nous avons choisi de vous proposer le m\u00eame badge avec des variations de couleurs qui vous permettent de cumuler les escales sans qu\u2019elles se ressemblent toutes\u2026<\/p>\n\n\n\n<p><strong>Cliquez sur l&rsquo;image qui vous pla\u00eet ci-dessous ou scannez le QR code avec votre t\u00e9l\u00e9phone, vous acc\u00e9derez directement au formulaire de demande du badge qu\u2019il vous faut renseigner avec les \u00e9l\u00e9ments de l\u2019\u00e9tape 1.<\/strong><\/p>\n\n\n<div class=\"wp-block-image\">\n<figure class=\"aligncenter\"><a href=\"https:\/\/openbadgefactory.com\/c\/earnablebadge\/ROJ8LFaAZOa9X2\/apply\" target=\"_blank\" rel=\"noopener\" data-wplink-edit=\"true\"><img loading=\"lazy\" decoding=\"async\" width=\"674\" height=\"674\" class=\"wp-image-5525 aligncenter\" src=\"https:\/\/www.cercleape.com\/wp-content\/uploads\/2021\/01\/badge_voyage_apprenant_bleu.png\" alt=\"\" srcset=\"https:\/\/www.cercleape.com\/wp-content\/uploads\/2021\/01\/badge_voyage_apprenant_bleu.png 674w, https:\/\/www.cercleape.com\/wp-content\/uploads\/2021\/01\/badge_voyage_apprenant_bleu-300x300.png 300w, https:\/\/www.cercleape.com\/wp-content\/uploads\/2021\/01\/badge_voyage_apprenant_bleu-150x150.png 150w\" sizes=\"auto, (max-width: 674px) 100vw, 674px\" \/><\/a><\/figure>\n<\/div>\n\n<div class=\"wp-block-image\">\n<figure class=\"aligncenter size-full\"><img loading=\"lazy\" decoding=\"async\" width=\"370\" height=\"370\" src=\"https:\/\/www.cercleape.com\/wp-content\/uploads\/2023\/01\/qrcodebadgebleu.png\" alt=\"QRCode du badge bleu\" class=\"wp-image-6232\" srcset=\"https:\/\/www.cercleape.com\/wp-content\/uploads\/2023\/01\/qrcodebadgebleu.png 370w, https:\/\/www.cercleape.com\/wp-content\/uploads\/2023\/01\/qrcodebadgebleu-300x300.png 300w, https:\/\/www.cercleape.com\/wp-content\/uploads\/2023\/01\/qrcodebadgebleu-150x150.png 150w, https:\/\/www.cercleape.com\/wp-content\/uploads\/2023\/01\/qrcodebadgebleu-70x70.png 70w, https:\/\/www.cercleape.com\/wp-content\/uploads\/2023\/01\/qrcodebadgebleu-246x246.png 246w, https:\/\/www.cercleape.com\/wp-content\/uploads\/2023\/01\/qrcodebadgebleu-276x276.png 276w, https:\/\/www.cercleape.com\/wp-content\/uploads\/2023\/01\/qrcodebadgebleu-125x125.png 125w\" sizes=\"auto, (max-width: 370px) 100vw, 370px\" \/><figcaption class=\"wp-element-caption\">Code QR badge bleu<\/figcaption><\/figure>\n<\/div>\n\n\n<p><\/p>\n\n\n<div class=\"wp-block-image\">\n<figure class=\"aligncenter size-full\"><a href=\"https:\/\/openbadgefactory.com\/c\/earnablebadge\/RO6M97aAZOa2T9\/apply\" target=\"_blank\" rel=\"noreferrer noopener\"><img loading=\"lazy\" decoding=\"async\" width=\"624\" height=\"624\" src=\"https:\/\/www.cercleape.com\/wp-content\/uploads\/2023\/01\/BadgeJaune.png\" alt=\"\" class=\"wp-image-6233\" srcset=\"https:\/\/www.cercleape.com\/wp-content\/uploads\/2023\/01\/BadgeJaune.png 624w, https:\/\/www.cercleape.com\/wp-content\/uploads\/2023\/01\/BadgeJaune-300x300.png 300w, https:\/\/www.cercleape.com\/wp-content\/uploads\/2023\/01\/BadgeJaune-150x150.png 150w, https:\/\/www.cercleape.com\/wp-content\/uploads\/2023\/01\/BadgeJaune-70x70.png 70w, https:\/\/www.cercleape.com\/wp-content\/uploads\/2023\/01\/BadgeJaune-246x246.png 246w, https:\/\/www.cercleape.com\/wp-content\/uploads\/2023\/01\/BadgeJaune-276x276.png 276w, https:\/\/www.cercleape.com\/wp-content\/uploads\/2023\/01\/BadgeJaune-125x125.png 125w\" sizes=\"auto, (max-width: 624px) 100vw, 624px\" \/><\/a><\/figure>\n<\/div>\n\n<div class=\"wp-block-image\">\n<figure class=\"aligncenter size-full\"><img loading=\"lazy\" decoding=\"async\" width=\"370\" height=\"370\" src=\"https:\/\/www.cercleape.com\/wp-content\/uploads\/2023\/01\/qrcodebadgejaune.png\" alt=\"\" class=\"wp-image-6234\" srcset=\"https:\/\/www.cercleape.com\/wp-content\/uploads\/2023\/01\/qrcodebadgejaune.png 370w, https:\/\/www.cercleape.com\/wp-content\/uploads\/2023\/01\/qrcodebadgejaune-300x300.png 300w, https:\/\/www.cercleape.com\/wp-content\/uploads\/2023\/01\/qrcodebadgejaune-150x150.png 150w, https:\/\/www.cercleape.com\/wp-content\/uploads\/2023\/01\/qrcodebadgejaune-70x70.png 70w, https:\/\/www.cercleape.com\/wp-content\/uploads\/2023\/01\/qrcodebadgejaune-246x246.png 246w, https:\/\/www.cercleape.com\/wp-content\/uploads\/2023\/01\/qrcodebadgejaune-276x276.png 276w, https:\/\/www.cercleape.com\/wp-content\/uploads\/2023\/01\/qrcodebadgejaune-125x125.png 125w\" sizes=\"auto, (max-width: 370px) 100vw, 370px\" \/><figcaption class=\"wp-element-caption\">Code QR badge jaune<\/figcaption><\/figure>\n<\/div>\n\n<div class=\"wp-block-image\">\n<figure class=\"aligncenter size-full is-resized\"><a href=\"https:\/\/openbadgefactory.com\/c\/earnablebadge\/ROJ82AaB03a5CK\/apply\" target=\"_blank\" rel=\"noreferrer noopener\"><img loading=\"lazy\" decoding=\"async\" width=\"624\" height=\"624\" src=\"https:\/\/www.cercleape.com\/wp-content\/uploads\/2023\/01\/BadgeRose.png\" alt=\"\" class=\"wp-image-6235\" style=\"width:624px;height:624px\" srcset=\"https:\/\/www.cercleape.com\/wp-content\/uploads\/2023\/01\/BadgeRose.png 624w, https:\/\/www.cercleape.com\/wp-content\/uploads\/2023\/01\/BadgeRose-300x300.png 300w, https:\/\/www.cercleape.com\/wp-content\/uploads\/2023\/01\/BadgeRose-150x150.png 150w, https:\/\/www.cercleape.com\/wp-content\/uploads\/2023\/01\/BadgeRose-70x70.png 70w, https:\/\/www.cercleape.com\/wp-content\/uploads\/2023\/01\/BadgeRose-246x246.png 246w, https:\/\/www.cercleape.com\/wp-content\/uploads\/2023\/01\/BadgeRose-276x276.png 276w, https:\/\/www.cercleape.com\/wp-content\/uploads\/2023\/01\/BadgeRose-125x125.png 125w\" sizes=\"auto, (max-width: 624px) 100vw, 624px\" \/><\/a><\/figure>\n<\/div>\n\n<div class=\"wp-block-image\">\n<figure class=\"aligncenter size-full\"><img loading=\"lazy\" decoding=\"async\" width=\"370\" height=\"370\" src=\"https:\/\/www.cercleape.com\/wp-content\/uploads\/2023\/01\/qrcodebadgerose.png\" alt=\"\" class=\"wp-image-6236\" srcset=\"https:\/\/www.cercleape.com\/wp-content\/uploads\/2023\/01\/qrcodebadgerose.png 370w, https:\/\/www.cercleape.com\/wp-content\/uploads\/2023\/01\/qrcodebadgerose-300x300.png 300w, https:\/\/www.cercleape.com\/wp-content\/uploads\/2023\/01\/qrcodebadgerose-150x150.png 150w, https:\/\/www.cercleape.com\/wp-content\/uploads\/2023\/01\/qrcodebadgerose-70x70.png 70w, https:\/\/www.cercleape.com\/wp-content\/uploads\/2023\/01\/qrcodebadgerose-246x246.png 246w, https:\/\/www.cercleape.com\/wp-content\/uploads\/2023\/01\/qrcodebadgerose-276x276.png 276w, https:\/\/www.cercleape.com\/wp-content\/uploads\/2023\/01\/qrcodebadgerose-125x125.png 125w\" sizes=\"auto, (max-width: 370px) 100vw, 370px\" \/><figcaption class=\"wp-element-caption\">Code QR badge rose<\/figcaption><\/figure>\n<\/div>\n\n\n<div class=\"wp-block-image\"><figure class=\"aligncenter\"><a href=\"https:\/\/openbadgefactory.com\/c\/earnablebadge\/ROJ8HLaB03a5CU\/apply\" target=\"_blank\" rel=\"noopener\"><img loading=\"lazy\" decoding=\"async\" width=\"674\" height=\"674\" src=\"https:\/\/www.cercleape.com\/wp-content\/uploads\/2021\/01\/badge_voyage_apprenant_vert.png\" alt=\"\" class=\"wp-image-5529\" srcset=\"https:\/\/www.cercleape.com\/wp-content\/uploads\/2021\/01\/badge_voyage_apprenant_vert.png 674w, https:\/\/www.cercleape.com\/wp-content\/uploads\/2021\/01\/badge_voyage_apprenant_vert-300x300.png 300w, https:\/\/www.cercleape.com\/wp-content\/uploads\/2021\/01\/badge_voyage_apprenant_vert-150x150.png 150w\" sizes=\"auto, (max-width: 674px) 100vw, 674px\" \/><\/a><\/figure><\/div>\n\n\n<div class=\"wp-block-image\">\n<figure class=\"aligncenter is-resized\"><img loading=\"lazy\" decoding=\"async\" width=\"208\" height=\"198\" src=\"https:\/\/www.cercleape.com\/wp-content\/uploads\/2024\/05\/Vert-QR.png\" alt=\"\" class=\"wp-image-6809\" style=\"width:322px;height:auto\" srcset=\"https:\/\/www.cercleape.com\/wp-content\/uploads\/2024\/05\/Vert-QR.png 208w, https:\/\/www.cercleape.com\/wp-content\/uploads\/2024\/05\/Vert-QR-150x143.png 150w\" sizes=\"auto, (max-width: 208px) 100vw, 208px\" \/><figcaption class=\"wp-element-caption\">Code QR badge vert<\/figcaption><\/figure>\n<\/div>\n\n\n<p><strong>La demande transmise, <\/strong>votre badge arrive automatiquement sur Openbadge Passport et il ne vous restera qu\u2019\u00e0 <strong>l\u2019accepter et \u00e0 le rendre \u00ab&nbsp;public&nbsp;\u00bb pour que tout le monde y ait acc\u00e8s.<\/strong><\/p>\n\n\n\n<h2 class=\"wp-block-heading\"><strong>Vous voulez aller plus loin ?<\/strong><\/h2>\n\n\n\n<p><strong>Si vous \u00eates lanc\u00e9 \u00e0 la fois dans la d\u00e9marche du voyage apprenant et des open badges, vous voulez peut-\u00eatre aller plus loin&nbsp;?<\/strong> <strong>Le Cercle APE et Futurs en Stock vous proposent 3 pistes.<\/strong><\/p>\n\n\n\n<h3 class=\"wp-block-heading\">1. <strong>Rattachez vos badges d\u2019escale \u00e0 votre badge \u00ab&nbsp;Je pars en voyage apprenant&nbsp;\u00bb<\/strong><\/h3>\n\n\n\n<p>Une fois votre premier badge d\u2019escale et de voyage apprenant accept\u00e9s, vous pouvez lier les badges d\u2019escale successifs que vous allez obtenir \u00e0 votre badge de voyage apprenant et cr\u00e9er votre profil de Voyageur apprenant ou de Voyageuse apprenante&nbsp;!<\/p>\n\n\n\n<p><strong>\u00c9tape 1&nbsp;: S\u00e9lectionnez un badge d\u2019escale<\/strong>, cliquez dessus, choisissez l\u2019onglet \u00ab&nbsp;Partager&nbsp;\u00bb puis copiez l\u2019URL (votre badge doit \u00eatre public).<\/p>\n\n\n\n<p><strong>\u00c9tape 2&nbsp;: Retournez choisir votre badge \u00ab&nbsp;Je pars en voyage apprenant&nbsp;\u00bb<\/strong>, cliquez dessus, allez sur l\u2019onglet \u00ab&nbsp;Enrichir&nbsp;\u00bb et cliquez sur \u00ab&nbsp;<a href=\"https:\/\/openbadgepassport.com\/app\/badge?id=519110\"><strong>Enrichir ce badge d&rsquo;une preuve ou d&rsquo;une information suppl\u00e9mentaire<\/strong><\/a>&nbsp;\u00bb. Collez l\u2019URL de votre badge d\u2019escale.<\/p>\n\n\n\n<p>Voil\u00e0 votre badge de Voyage apprenant commence \u00e0 rassembler toutes vos exp\u00e9riences d\u2019apprentissage.<\/p>\n\n\n\n<h3 class=\"wp-block-heading\">2. Cr\u00e9ez votre profil de voyageur apprenant<\/h3>\n\n\n\n<p><strong>\u00c9tape 1&nbsp;: Cr\u00e9ez votre profil sur Open Badge Passport<\/strong> en cliquant sur \u00ab&nbsp;Profil&nbsp;\u00bb (en haut de la page) puis \u00ab&nbsp;Modifiez votre profil&nbsp;\u00bb. Le site vous propose de t\u00e9l\u00e9verser une photo, vos badges pr\u00e9f\u00e9r\u00e9s et de partager votre position.<\/p>\n\n\n\n<p><strong><em>N\u2019oubliez pas&nbsp;<\/em><\/strong>: par d\u00e9faut personne ne peut vous voir, c\u2019est \u00e0 vous de <strong>rendre publiques<\/strong> les informations et de les partager soit avec les utilisateurs d\u2019OBP, soit plus largement avec tout le monde sur internat.<\/p>\n\n\n\n<p><strong>\u00c9tape 2&nbsp;: Cr\u00e9ez une page \u00ab&nbsp;Voyageur apprenant&nbsp;\u00bb<\/strong>&nbsp;: cliquez sur \u00ab&nbsp;Pages&nbsp;\u00bb (\u00e0 gauche), puis \u00ab&nbsp;Ajouter une page&nbsp;\u00bb et cr\u00e9ez le contenu. Sauvegardez.<\/p>\n\n\n\n<p><strong>\u00c9tape 3&nbsp;: Retournez dans \u00ab&nbsp;Profil&nbsp;\u00bb<\/strong> et cliquez sur \u00ab&nbsp;Modifier le profil&nbsp;\u00bb. Un \u00ab&nbsp;+&nbsp;\u00bb appara\u00eet en haut de votre profil, cliquez et choisissez \u00ab&nbsp;ajouter une page existante&nbsp;\u00bb. Ajoutez votre page du voyage et le tour est jou\u00e9&nbsp;!<\/p>\n\n\n\n<h3 class=\"wp-block-heading\">3. Cr\u00e9ez votre propre badge d&rsquo;escale<\/h3>\n\n\n\n<p>Nous vous encourageons aussi \u00e0 aller plus loin dans les badges en cr\u00e9ant votre propre badge d\u2019escale, que vous pourrez int\u00e9grer dans le badge-cl\u00e9 <strong>Je pars en voyage apprenant. <\/strong>Pour enrichir votre badge-cl\u00e9, nous mettons \u00e0 votre disposition un visuel que vous pouvez t\u00e9l\u00e9charger et utiliser pour cr\u00e9er votre badge et un un pas-\u00e0-pas ci-dessous qui vous donne la marche \u00e0 suivre.<\/p>\n\n\n\n<p><\/p>\n\n\n<div class=\"wp-block-image\">\n<figure class=\"aligncenter size-large\"><a href=\"https:\/\/cercleape.com\/badge_voyage_apprenant_violet\/\" target=\"_blank\" rel=\"noopener\"><img loading=\"lazy\" decoding=\"async\" width=\"674\" height=\"674\" src=\"https:\/\/www.cercleape.com\/wp-content\/uploads\/2021\/01\/badge_voyage_apprenant_violet.png?w=674\" alt=\"\" class=\"wp-image-5547\" srcset=\"https:\/\/www.cercleape.com\/wp-content\/uploads\/2021\/01\/badge_voyage_apprenant_violet.png 674w, https:\/\/www.cercleape.com\/wp-content\/uploads\/2021\/01\/badge_voyage_apprenant_violet-300x300.png 300w, https:\/\/www.cercleape.com\/wp-content\/uploads\/2021\/01\/badge_voyage_apprenant_violet-150x150.png 150w\" sizes=\"auto, (max-width: 674px) 100vw, 674px\" \/><\/a><figcaption class=\"wp-element-caption\">\u00c0 t\u00e9l\u00e9charger<\/figcaption><\/figure>\n<\/div>\n\n\n<p class=\"youtube\" id=\"youtube\"><\/p>\n\n\n\n<p><strong>\u00c9tape 1&nbsp;: Dans Open Badge passport, cliquez sur \u00ab&nbsp;Badges&nbsp;\u00bb<\/strong> (en haut) puis \u00ab&nbsp;Emettre des badges&nbsp;\u00bb (\u00e0 gauche) et enfin \u00ab&nbsp;\u2018cr\u00e9er un badge&nbsp;\u00bb.<\/p>\n\n\n\n<p><strong>\u00c9tape 2<\/strong>&nbsp;: T\u00e9l\u00e9chargez l\u2019image du badge d\u2019\u00e9tape violet, et en utilisant le formulaire de demande du Cercle APE (voir plus haut<strong> \u00ab&nbsp;\u00c9tape 2&nbsp;: Pr\u00e9parez vos r\u00e9ponses et traces&nbsp;pour le badge d\u2019escale !&nbsp;\u00bb<\/strong>, cr\u00e9ez le contenu de votre propre badge d\u2019escale) et \u00e9mettez-le, vous serez le ou la seule \u00e0 l\u2019avoir mais pourrez l\u2019ajouter \u00e0 votre badge de voyage ou le faire endosser.<\/p>\n\n\n\n<hr class=\"wp-block-separator has-alpha-channel-opacity\"\/>\n\n\n\n<p><a id=\"_msocom_1\"><\/a><\/p>\n\n\n\n<p>&nbsp;<\/p>\n","protected":false},"excerpt":{"rendered":"<p>Futurs en Stock et le Cercle APE ont cr\u00e9\u00e9 pour vous un dispositif de badges qui vous permet de valoriser &hellip; <\/p>\n","protected":false},"author":3,"featured_media":5462,"parent":0,"menu_order":0,"comment_status":"closed","ping_status":"closed","template":"","meta":{"footnotes":""},"class_list":["post-5460","page","type-page","status-publish","has-post-thumbnail","hentry"],"_links":{"self":[{"href":"https:\/\/www.cercleape.com\/index.php?rest_route=\/wp\/v2\/pages\/5460","targetHints":{"allow":["GET"]}}],"collection":[{"href":"https:\/\/www.cercleape.com\/index.php?rest_route=\/wp\/v2\/pages"}],"about":[{"href":"https:\/\/www.cercleape.com\/index.php?rest_route=\/wp\/v2\/types\/page"}],"author":[{"embeddable":true,"href":"https:\/\/www.cercleape.com\/index.php?rest_route=\/wp\/v2\/users\/3"}],"replies":[{"embeddable":true,"href":"https:\/\/www.cercleape.com\/index.php?rest_route=%2Fwp%2Fv2%2Fcomments&post=5460"}],"version-history":[{"count":20,"href":"https:\/\/www.cercleape.com\/index.php?rest_route=\/wp\/v2\/pages\/5460\/revisions"}],"predecessor-version":[{"id":6814,"href":"https:\/\/www.cercleape.com\/index.php?rest_route=\/wp\/v2\/pages\/5460\/revisions\/6814"}],"wp:featuredmedia":[{"embeddable":true,"href":"https:\/\/www.cercleape.com\/index.php?rest_route=\/wp\/v2\/media\/5462"}],"wp:attachment":[{"href":"https:\/\/www.cercleape.com\/index.php?rest_route=%2Fwp%2Fv2%2Fmedia&parent=5460"}],"curies":[{"name":"wp","href":"https:\/\/api.w.org\/{rel}","templated":true}]}}