{"id":5483,"date":"2021-01-09T15:22:03","date_gmt":"2021-01-09T14:22:03","guid":{"rendered":"http:\/\/cercleape.com\/?page_id=5483"},"modified":"2021-01-09T15:22:03","modified_gmt":"2021-01-09T14:22:03","slug":"les-festivals-de-lapprendre-en-2021","status":"publish","type":"page","link":"https:\/\/www.cercleape.com\/?page_id=5483","title":{"rendered":"Les festivals de l&rsquo;apprendre en 2021"},"content":{"rendered":"\n<div class=\"wp-block-columns is-layout-flex wp-container-core-columns-is-layout-9d6595d7 wp-block-columns-is-layout-flex\">\n<div class=\"wp-block-column is-layout-flow wp-block-column-is-layout-flow\" style=\"flex-basis:100%;\">\n<figure class=\"wp-block-table is-style-stripes\"><table><tbody><tr><td><strong>N\u00b0<\/strong><\/td><td><strong>O\u00f9 ?<\/strong><\/td><td><strong>Dates<\/strong><\/td><td><strong>S&rsquo;inscrire<\/strong><\/td><td>Mots-cl\u00e9s<\/td><\/tr><tr><td><br>1<\/td><td>Rouen (en ligne)<\/td><td>21\/01\/2021 Deux s\u00e9ances : 13h\/14h &amp; 18h\/19h<\/td><td><strong><a rel=\"noreferrer noopener\" href=\"https:\/\/urlz.fr\/eDEA\" target=\"_blank\">https:<\/a><\/strong><a rel=\"noreferrer noopener\" href=\"https:\/\/urlz.fr\/eDEA\" target=\"_blank\">\/\/urlz.fr\/eDEA<\/a><\/td><td>Le jeu, Le stress et La science fiction pour apprendre<\/td><\/tr><tr><td>2<\/td><td>Chaville (R\u00e9g Parisienne)<\/td><td>25 janvier de 17h \u00e0 18h30<\/td><td><a href=\"https:\/\/us02web.zoom.us\/meeting\/register\/tZwkceGprTwrG9E8PBg7Ztsr2xisbzMsyrSv\" target=\"_blank\" rel=\"noreferrer noopener\">https:\/\/us02web.zoom.us\/meeting\/register\/tZwkceGprTwrG9E8PBg7Ztsr2xisbzMsyrSv<\/a><\/td><td>Apprendre \u00e0 Apprendre &#8211; Transition \u00e9cologique<\/td><\/tr><tr><td>3<\/td><td>Annonay \/ Bourgoin-Jallieu<\/td><td>28 et 29 janvier 2021<\/td><td><a rel=\"noreferrer noopener\" href=\"https:\/\/www.envoletsens.org\/\" target=\"_blank\">https:\/\/www.envoletsens.org\/<\/a><\/td><td>Num\u00e9rique, apprentissage, cr\u00e9ativit\u00e9, psychologie positive, \u00e9ducation positive, neuromythes, neurones, intelligence collective<\/td><\/tr><tr><td>4<\/td><td>Mulhouse<\/td><td>20, 25 et 26 janvier 2021 en ligne<\/td><td>interne au r\u00e9seau des APP<\/td><td>Pens\u00e9e visuelle, cr\u00e9ativit\u00e9, activit\u00e9s interactives, astuces<\/td><\/tr><tr><td>5<\/td><td>Montrouge (en ligne)<\/td><td>\u00e0 compter du 25 janvier<\/td><td>Expo d\u00e8s le 25\/01 : <a href=\"https:\/\/ifcam-showroom.fr\/\" target=\"_blank\" rel=\"noreferrer noopener\">https:\/\/ifcam-showroom.fr\/<\/a> et vernissage en ligne le 26\/01 \u00e0 12h : <a href=\"https:\/\/ifcam-showroom.fr\/vernissage-exposition-apprendre-la-force-de-la-nature\/\" target=\"_blank\" rel=\"noreferrer noopener\">https:\/\/ifcam-showroom.fr\/vernissage-exposition-apprendre-la-force-de-la-nature\/<\/a><\/td><td>\u00ab\u00a0Apprendre, la force de la nature\u00a0\u00bb<\/td><\/tr><tr><td>6<\/td><td>Toulouse (en ligne)<\/td><td>21\/01\/21 : 12h-13h et 28\/01\/21 : 12h-13h<\/td><td><a href=\"https:\/\/www.ago-formation.fr\/festival-de-lapprendre-partagez-un-kif-d-appren\" target=\"_blank\" rel=\"noreferrer noopener\">https:\/\/www.ago-formation.fr\/festival-de-lapprendre-partagez-un-kif-d-appren<\/a>tissage\/<\/td><td>Kiff d&rsquo;apprentissage<\/td><\/tr><tr><td>7<\/td><td>Poitiers &amp; Limoges (en ligne)<\/td><td>du 24 au 31 janvier 2021<\/td><td><a href=\"https:\/\/bconnexion.fr\/festivalapprendre\/\" target=\"_blank\" rel=\"noreferrer noopener\">https:\/\/bconnexion.fr\/festivalapprendre\/<\/a><\/td><td>Apprendre \u00e0 \/ et agir, partager, valoriser &amp; communiquer<\/td><\/tr><tr><td>8<\/td><td>Rez\u00e9 (Nantes) en ligne<\/td><td>29 janvier<\/td><td><a href=\"https:\/\/www.helloasso.com\/associations\/cofoli\" target=\"_blank\" rel=\"noreferrer noopener\">https:\/\/www.helloasso.com\/associations\/cofoli<\/a><\/td><td>Bien-\u00eatre apprentissage Ikiga\u00ef Cerveau commeonfaitsonlitensecouchant<\/td><\/tr><tr><td>9<\/td><td>B\u00e8gles Bordeaux<\/td><td>23 janvier 2021<\/td><td><a href=\"https:\/\/www.pedagoform.com\/event-details\/festival-de-lapprendre-2021\" target=\"_blank\" rel=\"noreferrer noopener\">https:\/\/www.pedagoform.com\/event-details\/festival-de-lapprendre-2021<\/a><\/td><td>Concours de pitch \u00ab\u00a0C&rsquo;est quoi l&rsquo;apprendre ?\u00a0\u00bb<\/td><\/tr><tr><td>10<\/td><td>Cergy-Pontoise<\/td><td>Mercredi 27 janvier 2021 de 14h \u00e0 17h<\/td><td><a href=\"https:\/\/www.cyu.fr\/festival-de-lapprendre-atelier-gamifier-pour-engager\" target=\"_blank\" rel=\"noreferrer noopener\">https:\/\/www.cyu.fr\/festival-de-lapprendre-atelier-gamifier-pour-engager<\/a><\/td><td>Gamifier pour engager<\/td><\/tr><tr><td>11<\/td><td>Caen<\/td><td>25, 28 janvier &amp; 2 f\u00e9vrier 2021<\/td><td><a href=\"https:\/\/hackathon-apprendre-autrement-en-normandie.bemyapp.com\/\" target=\"_blank\" rel=\"noreferrer noopener\">https:\/\/hackathon-apprendre-autrement-en-normandie.bemyapp.com\/<\/a><\/td><td>Hackathon \u00ab\u00a0apprendre autrement en Normandie\u00a0\u00bb<\/td><\/tr><tr><td>12<\/td><td>La Rochelle<\/td><td>26 janvier 15 heures<\/td><td><\/td><td>Compostage (tuto ou facebook live)<\/td><\/tr><tr><td>13<\/td><td>Marseille<\/td><td>27 janvier 2021<\/td><td><a href=\"http:\/\/illettrisme.org\" target=\"_blank\" rel=\"noreferrer noopener\">http:\/\/illettrisme.org<\/a><\/td><td>Atelier d&rsquo;\u00e9criture<\/td><\/tr><tr><td>14<\/td><td>Rennes<\/td><td>22 janvier 2021<\/td><td><a rel=\"noreferrer noopener\" href=\"https:\/\/latelierduformateur.fr\/\" target=\"_blank\">https:\/\/docs.google.com\/forms\/d\/e\/1FAIpQLSc-s2QKYx3yrHasDwe5_1KQIAnzjl2unUES0xyNDdh9-6HH5w\/viewform<\/a><\/td><td>Ludification, escape games, jeux<\/td><\/tr><tr><td>15<\/td><td>Paris (en ligne)<\/td><td>23 janv 2021<\/td><td><a href=\"https:\/\/us02web.zoom.us\/j\/85063784439\" target=\"_blank\" rel=\"noreferrer noopener\">https:\/\/us02web.zoom.us\/j\/85063784439<\/a><\/td><td>Digitaliser et animer vos activit\u00e9s Ludop\u00e9dagogiques \u00e0 distance<\/td><\/tr><tr><td>16<\/td><td>Chablis<\/td><td>du 21 au 27 janvier<\/td><td>https:\/\/twitter.com\/SalleChytelman<br>Tiers-Lieu Salle Chytelman, lieu d&rsquo;avenir<\/td><td>24 ateliers<\/td><\/tr><tr><td><\/td><td><\/td><td><\/td><td><\/td><td><\/td><\/tr><tr><td>17<\/td><td>Rennes<\/td><td>20 janvier<\/td><td><a href=\"https:\/\/edtechgrandouest.fr\/2021\/01\/22\/une-fete-de-lapprendre-au-vert\/\" target=\"_blank\" rel=\"noreferrer noopener\">https:\/\/edtechgrandouest.fr\/2021\/01\/22\/une-fete-de-lapprendre-au-vert\/<\/a><\/td><td>Rencontre dans un jardin imaginaire<\/td><\/tr><tr><td><\/td><td><\/td><td><\/td><td><\/td><td><\/td><\/tr><tr><td><br><br><br><br><br><\/td><td><\/td><td><\/td><td><\/td><td><\/td><\/tr><\/tbody><\/table><figcaption>Liste des festivals de l&rsquo;apprendre en 2021<\/figcaption><\/figure>\n<\/div>\n<\/div>\n\n\n\n<p><\/p>\n","protected":false},"excerpt":{"rendered":"<p>N\u00b0 O\u00f9 ? Dates S&rsquo;inscrire Mots-cl\u00e9s 1 Rouen (en ligne) 21\/01\/2021 Deux s\u00e9ances : 13h\/14h &amp; 18h\/19h https:\/\/urlz.fr\/eDEA Le jeu, &hellip; <\/p>\n","protected":false},"author":3,"featured_media":0,"parent":0,"menu_order":0,"comment_status":"closed","ping_status":"closed","template":"","meta":{"footnotes":""},"class_list":["post-5483","page","type-page","status-publish","hentry"],"_links":{"self":[{"href":"https:\/\/www.cercleape.com\/index.php?rest_route=\/wp\/v2\/pages\/5483","targetHints":{"allow":["GET"]}}],"collection":[{"href":"https:\/\/www.cercleape.com\/index.php?rest_route=\/wp\/v2\/pages"}],"about":[{"href":"https:\/\/www.cercleape.com\/index.php?rest_route=\/wp\/v2\/types\/page"}],"author":[{"embeddable":true,"href":"https:\/\/www.cercleape.com\/index.php?rest_route=\/wp\/v2\/users\/3"}],"replies":[{"embeddable":true,"href":"https:\/\/www.cercleape.com\/index.php?rest_route=%2Fwp%2Fv2%2Fcomments&post=5483"}],"version-history":[{"count":0,"href":"https:\/\/www.cercleape.com\/index.php?rest_route=\/wp\/v2\/pages\/5483\/revisions"}],"wp:attachment":[{"href":"https:\/\/www.cercleape.com\/index.php?rest_route=%2Fwp%2Fv2%2Fmedia&parent=5483"}],"curies":[{"name":"wp","href":"https:\/\/api.w.org\/{rel}","templated":true}]}}