{"id":5676,"date":"2021-06-07T16:13:28","date_gmt":"2021-06-07T14:13:28","guid":{"rendered":"https:\/\/www.cercleape.com\/?page_id=5676"},"modified":"2026-03-20T16:58:48","modified_gmt":"2026-03-20T15:58:48","slug":"accueil","status":"publish","type":"page","link":"https:\/\/www.cercleape.com\/","title":{"rendered":"Accueil"},"content":{"rendered":"<h4 style=\"text-align: center;\"><a href=\"https:\/\/www.cercleape.com\/?page_id=7156\">le planning des festivals 2026 partout en France<\/a><\/h4>\n\n\n<figure class=\"wp-block-image size-full\"><img loading=\"lazy\" decoding=\"async\" width=\"200\" height=\"200\" src=\"https:\/\/www.cercleape.com\/wp-content\/uploads\/2021\/09\/logoCercleAPE.jpg\" alt=\"logo du cercle APE\" class=\"wp-image-5854\" srcset=\"https:\/\/www.cercleape.com\/wp-content\/uploads\/2021\/09\/logoCercleAPE.jpg 200w, https:\/\/www.cercleape.com\/wp-content\/uploads\/2021\/09\/logoCercleAPE-150x150.jpg 150w, https:\/\/www.cercleape.com\/wp-content\/uploads\/2021\/09\/logoCercleAPE-70x70.jpg 70w, https:\/\/www.cercleape.com\/wp-content\/uploads\/2021\/09\/logoCercleAPE-125x125.jpg 125w\" sizes=\"auto, (max-width: 200px) 100vw, 200px\" \/><\/figure>\n\n\n\n<p>Le <strong>cercle Apprendre ensemble<\/strong> est un collectif informel qui rassemble des personnes d\u00e9sireuses d&rsquo;exp\u00e9rimenter de nouvelles formes pour apprendre.<\/p>\n\n\n\n<figure class=\"wp-block-gallery aligncenter has-nested-images columns-default is-cropped wp-block-gallery-1 is-layout-flex wp-block-gallery-is-layout-flex\">\n<figure class=\"wp-block-image size-large\"><img loading=\"lazy\" decoding=\"async\" width=\"410\" height=\"1024\" data-id=\"6792\" src=\"https:\/\/www.cercleape.com\/wp-content\/uploads\/2024\/03\/BilanFestivalDeLapprendre_2024-410x1024.png\" alt=\"\" class=\"wp-image-6792\" srcset=\"https:\/\/www.cercleape.com\/wp-content\/uploads\/2024\/03\/BilanFestivalDeLapprendre_2024-410x1024.png 410w, https:\/\/www.cercleape.com\/wp-content\/uploads\/2024\/03\/BilanFestivalDeLapprendre_2024-120x300.png 120w, https:\/\/www.cercleape.com\/wp-content\/uploads\/2024\/03\/BilanFestivalDeLapprendre_2024-60x150.png 60w, https:\/\/www.cercleape.com\/wp-content\/uploads\/2024\/03\/BilanFestivalDeLapprendre_2024-768x1920.png 768w, https:\/\/www.cercleape.com\/wp-content\/uploads\/2024\/03\/BilanFestivalDeLapprendre_2024.png 800w\" sizes=\"auto, (max-width: 410px) 100vw, 410px\" \/><\/figure>\n\n\n\n<figure class=\"wp-block-image size-full\"><img loading=\"lazy\" decoding=\"async\" width=\"410\" height=\"1024\" data-id=\"7046\" src=\"https:\/\/www.cercleape.com\/wp-content\/uploads\/2025\/03\/Infographie-Festival-de-lapprendre-2025.png\" alt=\"Infographie Festival de l'Apprendre 2025\" class=\"wp-image-7046\" srcset=\"https:\/\/www.cercleape.com\/wp-content\/uploads\/2025\/03\/Infographie-Festival-de-lapprendre-2025.png 410w, https:\/\/www.cercleape.com\/wp-content\/uploads\/2025\/03\/Infographie-Festival-de-lapprendre-2025-120x300.png 120w, https:\/\/www.cercleape.com\/wp-content\/uploads\/2025\/03\/Infographie-Festival-de-lapprendre-2025-60x150.png 60w\" sizes=\"auto, (max-width: 410px) 100vw, 410px\" \/><\/figure>\n\n\n\n<figure class=\"wp-block-image size-large\"><img loading=\"lazy\" decoding=\"async\" width=\"410\" height=\"1024\" data-id=\"7219\" src=\"https:\/\/www.cercleape.com\/wp-content\/uploads\/2026\/03\/Infographie-Festival-de-lapprendre-2026.png\" alt=\"\" class=\"wp-image-7219\" srcset=\"https:\/\/www.cercleape.com\/wp-content\/uploads\/2026\/03\/Infographie-Festival-de-lapprendre-2026.png 410w, https:\/\/www.cercleape.com\/wp-content\/uploads\/2026\/03\/Infographie-Festival-de-lapprendre-2026-120x300.png 120w, https:\/\/www.cercleape.com\/wp-content\/uploads\/2026\/03\/Infographie-Festival-de-lapprendre-2026-60x150.png 60w\" sizes=\"auto, (max-width: 410px) 100vw, 410px\" \/><\/figure>\n<\/figure>\n\n\n\n<figure class=\"wp-block-embed is-type-video is-provider-youtube wp-block-embed-youtube wp-embed-aspect-16-9 wp-has-aspect-ratio\"><div class=\"wp-block-embed__wrapper\">\n<iframe loading=\"lazy\" title=\"CercleAPE festivaldelapprendre + learningPlanet 2021\" width=\"750\" height=\"422\" src=\"https:\/\/www.youtube.com\/embed\/6QuKknCb8qk?feature=oembed\" frameborder=\"0\" allow=\"accelerometer; autoplay; clipboard-write; encrypted-media; gyroscope; picture-in-picture; web-share\" referrerpolicy=\"strict-origin-when-cross-origin\" allowfullscreen><\/iframe>\n<\/div><figcaption class=\"wp-element-caption\">Pr\u00e9sentation des activit\u00e9s du Cercle APE<\/figcaption><\/figure>\n\n\n\n<figure class=\"wp-block-embed is-type-video is-provider-youtube wp-block-embed-youtube wp-embed-aspect-16-9 wp-has-aspect-ratio\"><div class=\"wp-block-embed__wrapper\">\n<iframe loading=\"lazy\" title=\"Cercle APE, qui sommes nous ?\" width=\"750\" height=\"422\" src=\"https:\/\/www.youtube.com\/embed\/0JN9NmdNxNs?feature=oembed\" frameborder=\"0\" allow=\"accelerometer; autoplay; clipboard-write; encrypted-media; gyroscope; picture-in-picture; web-share\" referrerpolicy=\"strict-origin-when-cross-origin\" allowfullscreen><\/iframe>\n<\/div><figcaption class=\"wp-element-caption\">Le cercle APE, qu&rsquo;est-ce que c&rsquo;est ?<\/figcaption><\/figure>\n\n\n\n<div class=\"wp-block-group\"><div class=\"wp-block-group__inner-container is-layout-flow wp-block-group-is-layout-flow\">\n<div class=\"wp-block-buttons is-horizontal is-content-justification-center is-layout-flex wp-container-core-buttons-is-layout-499968f5 wp-block-buttons-is-layout-flex\"><\/div>\n<\/div><\/div>\n\n\n\n<p>En 2021, le cercle Apprendre ensemble a r\u00e9uni et accompagn\u00e9 des organisateurs du <a href=\"#festivaldelapprendre\" target=\"_blank\" rel=\"noreferrer noopener\">#<\/a><a href=\"https:\/\/www.cercleape.com\/?page_id=5018\" target=\"_blank\" rel=\"noreferrer noopener\">festivaldelapprendre <\/a>et a lanc\u00e9 le <a href=\"https:\/\/www.cercleape.com\/?page_id=5033\" target=\"_blank\" rel=\"noreferrer noopener\">#voyageapprenant<\/a>.<\/p>\n\n\n\n<p>Nous relayons les informations sur ces \u00e9v\u00e9nements sur nos r\u00e9seaux sociaux (<a href=\"https:\/\/www.linkedin.com\/company\/cercle-ape-apprendre-ensemble\/\" target=\"_blank\" rel=\"noreferrer noopener\">LinkedIn <\/a>et <a href=\"https:\/\/twitter.com\/cercleAPE\" target=\"_blank\" rel=\"noreferrer noopener\" data-type=\"URL\" data-id=\"https:\/\/twitter.com\/cercleAPE\">Twitter<\/a>) avec les <strong>#festivaldelapprendre<\/strong> et <strong>#voyageapprenant<\/strong>.<\/p>\n\n\n\n<p>Cette ann\u00e9e, nous avons aussi mis \u00e0 jour notre site Internet : toutes nos activit\u00e9s sont class\u00e9es par ann\u00e9e et vous retrouverez les archives dans le menu <strong>Les activit\u00e9s du Cercle<\/strong>.<\/p>\n\n\n\n<h2 class=\"wp-block-heading\">Pour nous contacter : <strong><a href=\"mailto:cercleape.asso@gmail.com\">cercleape.asso@gmail.com<\/a><\/strong><\/h2>\n\n\n\n<p>&nbsp;<\/p>\n","protected":false},"excerpt":{"rendered":"<p>le planning des festivals 2026 partout en France Le cercle Apprendre ensemble est un collectif informel qui rassemble des personnes &hellip; <\/p>\n","protected":false},"author":12,"featured_media":0,"parent":0,"menu_order":0,"comment_status":"closed","ping_status":"closed","template":"template-home.php","meta":{"footnotes":""},"class_list":["post-5676","page","type-page","status-publish","hentry"],"_links":{"self":[{"href":"https:\/\/www.cercleape.com\/index.php?rest_route=\/wp\/v2\/pages\/5676","targetHints":{"allow":["GET"]}}],"collection":[{"href":"https:\/\/www.cercleape.com\/index.php?rest_route=\/wp\/v2\/pages"}],"about":[{"href":"https:\/\/www.cercleape.com\/index.php?rest_route=\/wp\/v2\/types\/page"}],"author":[{"embeddable":true,"href":"https:\/\/www.cercleape.com\/index.php?rest_route=\/wp\/v2\/users\/12"}],"replies":[{"embeddable":true,"href":"https:\/\/www.cercleape.com\/index.php?rest_route=%2Fwp%2Fv2%2Fcomments&post=5676"}],"version-history":[{"count":35,"href":"https:\/\/www.cercleape.com\/index.php?rest_route=\/wp\/v2\/pages\/5676\/revisions"}],"predecessor-version":[{"id":7224,"href":"https:\/\/www.cercleape.com\/index.php?rest_route=\/wp\/v2\/pages\/5676\/revisions\/7224"}],"wp:attachment":[{"href":"https:\/\/www.cercleape.com\/index.php?rest_route=%2Fwp%2Fv2%2Fmedia&parent=5676"}],"curies":[{"name":"wp","href":"https:\/\/api.w.org\/{rel}","templated":true}]}}