{"id":5727,"date":"2021-06-08T12:02:08","date_gmt":"2021-06-08T10:02:08","guid":{"rendered":"https:\/\/www.cercleape.com\/?page_id=5727"},"modified":"2021-06-08T12:02:08","modified_gmt":"2021-06-08T10:02:08","slug":"le-cercle-ape-2","status":"publish","type":"page","link":"https:\/\/www.cercleape.com\/?page_id=5727","title":{"rendered":"Le cercle APE"},"content":{"rendered":"\n<p id=\"block-b7ece832-dca7-4ec2-aafb-ce52a21991c9\"><br>Le Cercle APE est issu d&rsquo;une initiative n\u00e9e en 2015 suite \u00e0 une r\u00e9flexion venue du Canada : comment aborder l&rsquo;apprentissage avec cette modalit\u00e9&nbsp;: apprendre ensemble et librement ?<\/p>\n\n\n\n<div class=\"wp-block-media-text alignwide is-stacked-on-mobile is-vertically-aligned-top\"><figure class=\"wp-block-media-text__media\"><img loading=\"lazy\" decoding=\"async\" width=\"512\" height=\"512\" src=\"https:\/\/www.cercleape.com\/wp-content\/uploads\/2020\/12\/cropped-cropped-logo-cercleapetransparent-2-1.png\" alt=\"\" class=\"wp-image-5679 size-full\" srcset=\"https:\/\/www.cercleape.com\/wp-content\/uploads\/2020\/12\/cropped-cropped-logo-cercleapetransparent-2-1.png 512w, https:\/\/www.cercleape.com\/wp-content\/uploads\/2020\/12\/cropped-cropped-logo-cercleapetransparent-2-1-300x300.png 300w, https:\/\/www.cercleape.com\/wp-content\/uploads\/2020\/12\/cropped-cropped-logo-cercleapetransparent-2-1-150x150.png 150w, https:\/\/www.cercleape.com\/wp-content\/uploads\/2020\/12\/cropped-cropped-logo-cercleapetransparent-2-1-70x70.png 70w, https:\/\/www.cercleape.com\/wp-content\/uploads\/2020\/12\/cropped-cropped-logo-cercleapetransparent-2-1-246x246.png 246w, https:\/\/www.cercleape.com\/wp-content\/uploads\/2020\/12\/cropped-cropped-logo-cercleapetransparent-2-1-276x276.png 276w, https:\/\/www.cercleape.com\/wp-content\/uploads\/2020\/12\/cropped-cropped-logo-cercleapetransparent-2-1-125x125.png 125w, https:\/\/www.cercleape.com\/wp-content\/uploads\/2020\/12\/cropped-cropped-logo-cercleapetransparent-2-1-270x270.png 270w, https:\/\/www.cercleape.com\/wp-content\/uploads\/2020\/12\/cropped-cropped-logo-cercleapetransparent-2-1-192x192.png 192w, https:\/\/www.cercleape.com\/wp-content\/uploads\/2020\/12\/cropped-cropped-logo-cercleapetransparent-2-1-180x180.png 180w, https:\/\/www.cercleape.com\/wp-content\/uploads\/2020\/12\/cropped-cropped-logo-cercleapetransparent-2-1-32x32.png 32w\" sizes=\"auto, (max-width: 512px) 100vw, 512px\" \/><\/figure><div class=\"wp-block-media-text__content\">\n<p style=\"font-size:17px\">De l\u00e0, le choix du nom A.P.E. pour \u00ab\u00a0apprendre ensemble\u00a0\u00bb.<\/p>\n<\/div><\/div>\n\n\n\n<p id=\"block-639b8cd0-4301-4c25-86b3-399fe8f4342a\">Plus de 700 personnes se sont r\u00e9unies en 2016 dans 25 groupes de travail, en France, en Belgique, au Luxembourg et au Canada. Retrouvez toute cette aventure sur le <a href=\"http:\/\/apprendreensemble.weebly.com\/\">site<\/a> et plus d&rsquo;id\u00e9es encore sur le blog de Denis Cristol : <a rel=\"noreferrer noopener\" href=\"http:\/\/4cristol.over-blog.com\/apprendre-ensemble.html\" target=\"_blank\">apprendre autrement<\/a><\/p>\n\n\n\n<p id=\"block-c450e960-2180-4c63-a019-a8ab2e717dd9\">C&rsquo;est aujourd&rsquo;hui une association&nbsp;qui a pour objet de promouvoir et de faciliter l\u2019<strong>apprendre ensemble, &nbsp;de d\u00e9velopper l\u2019innovation p\u00e9dagogique collaborative et l\u2019\u00e9change de pratiques et de connaissances pour apprendre ensemble<\/strong>. Et ce, sous toutes ses formes, en incluant notamment du num\u00e9rique.<\/p>\n\n\n\n<figure class=\"wp-block-embed is-type-video is-provider-youtube wp-block-embed-youtube wp-embed-aspect-16-9 wp-has-aspect-ratio\"><div class=\"wp-block-embed__wrapper\">\n<iframe loading=\"lazy\" title=\"Cercle APE, qui sommes nous ?\" width=\"750\" height=\"422\" src=\"https:\/\/www.youtube.com\/embed\/0JN9NmdNxNs?feature=oembed\" frameborder=\"0\" allow=\"accelerometer; autoplay; clipboard-write; encrypted-media; gyroscope; picture-in-picture\" allowfullscreen><\/iframe>\n<\/div><\/figure>\n","protected":false},"excerpt":{"rendered":"<p>Le Cercle APE est issu d&rsquo;une initiative n\u00e9e en 2015 suite \u00e0 une r\u00e9flexion venue du Canada : comment aborder &hellip; <\/p>\n","protected":false},"author":12,"featured_media":0,"parent":0,"menu_order":0,"comment_status":"closed","ping_status":"closed","template":"","meta":{"footnotes":""},"class_list":["post-5727","page","type-page","status-publish","hentry"],"_links":{"self":[{"href":"https:\/\/www.cercleape.com\/index.php?rest_route=\/wp\/v2\/pages\/5727","targetHints":{"allow":["GET"]}}],"collection":[{"href":"https:\/\/www.cercleape.com\/index.php?rest_route=\/wp\/v2\/pages"}],"about":[{"href":"https:\/\/www.cercleape.com\/index.php?rest_route=\/wp\/v2\/types\/page"}],"author":[{"embeddable":true,"href":"https:\/\/www.cercleape.com\/index.php?rest_route=\/wp\/v2\/users\/12"}],"replies":[{"embeddable":true,"href":"https:\/\/www.cercleape.com\/index.php?rest_route=%2Fwp%2Fv2%2Fcomments&post=5727"}],"version-history":[{"count":1,"href":"https:\/\/www.cercleape.com\/index.php?rest_route=\/wp\/v2\/pages\/5727\/revisions"}],"predecessor-version":[{"id":5728,"href":"https:\/\/www.cercleape.com\/index.php?rest_route=\/wp\/v2\/pages\/5727\/revisions\/5728"}],"wp:attachment":[{"href":"https:\/\/www.cercleape.com\/index.php?rest_route=%2Fwp%2Fv2%2Fmedia&parent=5727"}],"curies":[{"name":"wp","href":"https:\/\/api.w.org\/{rel}","templated":true}]}}