{"id":5906,"date":"2021-12-07T22:16:40","date_gmt":"2021-12-07T21:16:40","guid":{"rendered":"https:\/\/www.cercleape.com\/?page_id=5906"},"modified":"2022-01-05T14:03:22","modified_gmt":"2022-01-05T13:03:22","slug":"festival-de-lapprendre-2022","status":"publish","type":"page","link":"https:\/\/www.cercleape.com\/?page_id=5906","title":{"rendered":"Festival de l&rsquo;apprendre 2022"},"content":{"rendered":"\n<div class=\"wp-block-media-text alignwide is-stacked-on-mobile\"><figure class=\"wp-block-media-text__media\"><img loading=\"lazy\" decoding=\"async\" width=\"458\" height=\"645\" src=\"https:\/\/www.cercleape.com\/wp-content\/uploads\/2021\/11\/2022-festival.jpg\" alt=\"\" class=\"wp-image-5882 size-full\" srcset=\"https:\/\/www.cercleape.com\/wp-content\/uploads\/2021\/11\/2022-festival.jpg 458w, https:\/\/www.cercleape.com\/wp-content\/uploads\/2021\/11\/2022-festival-213x300.jpg 213w\" sizes=\"auto, (max-width: 458px) 100vw, 458px\" \/><\/figure><div class=\"wp-block-media-text__content\">\n<p class=\"has-large-font-size\">A d\u00e9couvrir<\/p>\n\n\n\n<p><a href=\"http:\/\/Communiqu\u00e9 de Presse\">Le communiqu\u00e9 de presse<\/a><\/p>\n\n\n\n<p><a href=\"https:\/\/www.cercleape.com\/?page_id=5911\">Les \u00e9v\u00e9nements<\/a><\/p>\n\n\n\n<p><a href=\"https:\/\/www.cercleape.com\/?page_id=5908\">Nos interviews<\/a><\/p>\n\n\n\n<p><a href=\"https:\/\/www.cercleape.com\/?page_id=5931\">Le badge organisateur de Festival<\/a><\/p>\n<\/div><\/div>\n","protected":false},"excerpt":{"rendered":"<p>A d\u00e9couvrir Le communiqu\u00e9 de presse Les \u00e9v\u00e9nements Nos interviews Le badge organisateur de Festival<\/p>\n","protected":false},"author":12,"featured_media":0,"parent":0,"menu_order":0,"comment_status":"closed","ping_status":"closed","template":"","meta":{"footnotes":""},"class_list":["post-5906","page","type-page","status-publish","hentry"],"_links":{"self":[{"href":"https:\/\/www.cercleape.com\/index.php?rest_route=\/wp\/v2\/pages\/5906","targetHints":{"allow":["GET"]}}],"collection":[{"href":"https:\/\/www.cercleape.com\/index.php?rest_route=\/wp\/v2\/pages"}],"about":[{"href":"https:\/\/www.cercleape.com\/index.php?rest_route=\/wp\/v2\/types\/page"}],"author":[{"embeddable":true,"href":"https:\/\/www.cercleape.com\/index.php?rest_route=\/wp\/v2\/users\/12"}],"replies":[{"embeddable":true,"href":"https:\/\/www.cercleape.com\/index.php?rest_route=%2Fwp%2Fv2%2Fcomments&post=5906"}],"version-history":[{"count":3,"href":"https:\/\/www.cercleape.com\/index.php?rest_route=\/wp\/v2\/pages\/5906\/revisions"}],"predecessor-version":[{"id":5959,"href":"https:\/\/www.cercleape.com\/index.php?rest_route=\/wp\/v2\/pages\/5906\/revisions\/5959"}],"wp:attachment":[{"href":"https:\/\/www.cercleape.com\/index.php?rest_route=%2Fwp%2Fv2%2Fmedia&parent=5906"}],"curies":[{"name":"wp","href":"https:\/\/api.w.org\/{rel}","templated":true}]}}