{"id":6047,"date":"2022-09-04T21:56:44","date_gmt":"2022-09-04T19:56:44","guid":{"rendered":"https:\/\/www.cercleape.com\/?page_id=6047"},"modified":"2022-09-04T21:56:44","modified_gmt":"2022-09-04T19:56:44","slug":"lire-ensemble-7","status":"publish","type":"page","link":"https:\/\/www.cercleape.com\/?page_id=6047","title":{"rendered":"Lire Ensemble"},"content":{"rendered":"\n<p>le #cercleape propose un nouvel \u00e9v\u00e8nement sous la forme d&rsquo;un Worldcaf\u00e9 !<\/p>\n\n\n\n<p class=\"has-text-align-center\"><strong>Le 24 septembre 2022<\/strong><\/p>\n\n\n\n<p class=\"has-text-align-center\"><strong>Accueil \u00e0 13h30 \u2013 14h00\/17h00<\/strong><\/p>\n\n\n\n<p class=\"has-text-align-center\">Pour s\u2019inscrire gratuitement en ligne \u00e0 ce temps d&rsquo;\u00e9changes en pr\u00e9sentiel, \u00e0 Paris Est, sous la forme d&rsquo;un Worldcaf\u00e9 \u00ab\u00a0#Lireensemble\u00a0\u00bb autour de la valorisation de trois livres en r\u00e9sonance (plus un !) :<\/p>\n\n\n\n<p>&#8211; Innover en formation avec les multimodalit\u00e9s (<a href=\"https:\/\/www.esf-scienceshumaines.fr\/blog\/post\/innover-en-formation-avec-les-multimodalites-entretien-avec-marie-christine-llorca.html\">https:\/\/www.esf-scienceshumaines.fr\/blog\/post\/innover-en-formation-avec-les-multimodalites-entretien-avec-marie-christine-llorca.html<\/a>)<\/p>\n\n\n\n<p>&#8211; Apprendre \u00e0 apprendre ensemble (<a href=\"https:\/\/www.esf-scienceshumaines.fr\/vie-professionnelle\/397-apprendre-a-apprendre-ensemble.html\">https:\/\/www.esf-scienceshumaines.fr\/vie-professionnelle\/397-apprendre-a-apprendre-ensemble.html<\/a>)<\/p>\n\n\n\n<p>&#8211; Osons le Cercle d&rsquo;apprentissage ( achat sur place 15\u20ac, <a href=\"https:\/\/issuu.com\/cocooon3\/docs\/osons_le_cercle_d_apprentissage_1_11_2019_def\/1)\">https:\/\/issuu.com\/cocooon3\/docs\/osons_le_cercle_d_apprentissage_1_11_2019_def\/1)<\/a><\/p>\n\n\n\n<p>3 possibilit\u00e9s de billet s&rsquo;offrent \u00e0 vous:<\/p>\n\n\n\n<p>Le \u00ab\u00a0contributeur\u00a0\u00bb : vous avez particip\u00e9 \u00e0 la r\u00e9daction d&rsquo;un ou plusieurs des ouvrages (nous pr\u00e9ciser s&rsquo;il vous pla\u00eet)<\/p>\n\n\n\n<p>Le \u00ab\u00a0lecteur\u00a0\u00bb : vous avez lu l&rsquo;un ou les ouvrages (nous pr\u00e9ciser s&rsquo;il vous pla\u00eet)<\/p>\n\n\n\n<p>Le \u00ab\u00a0d\u00e9couverte\u00a0\u00bb : vous venez d\u00e9couvrir les ouvrages par le biais de l&rsquo;\u00e9v\u00e8nement<\/p>\n\n\n\n<p>Pour vous inscrire, rien de plus simple&#8230;cliquez <a href=\"https:\/\/www.eventbrite.fr\/e\/billets-lire-ensemble-400820784757?aff=ebdssbonlinesearch\">ici<\/a><\/p>\n\n\n\n<p><a href=\"https:\/\/www.eventbrite.fr\/e\/billets-lire-ensemble-400820784757?aff=ebdssbonlinesearch\">Lire Ensemble Billets, Le sam 24 sept. 2022 \u00e0 14:00 | Eventbrite<\/a><\/p>\n\n\n\n<div class=\"wp-block-media-text alignwide is-stacked-on-mobile\"><figure class=\"wp-block-media-text__media\"><img loading=\"lazy\" decoding=\"async\" width=\"1024\" height=\"575\" src=\"https:\/\/www.cercleape.com\/wp-content\/uploads\/2022\/09\/LIRE-ENSEMBLE-5-1024x575.png\" alt=\"\" class=\"wp-image-6054 size-full\" srcset=\"https:\/\/www.cercleape.com\/wp-content\/uploads\/2022\/09\/LIRE-ENSEMBLE-5-1024x575.png 1024w, https:\/\/www.cercleape.com\/wp-content\/uploads\/2022\/09\/LIRE-ENSEMBLE-5-300x169.png 300w, https:\/\/www.cercleape.com\/wp-content\/uploads\/2022\/09\/LIRE-ENSEMBLE-5-768x431.png 768w, https:\/\/www.cercleape.com\/wp-content\/uploads\/2022\/09\/LIRE-ENSEMBLE-5.png 1148w\" sizes=\"auto, (max-width: 1024px) 100vw, 1024px\" \/><\/figure><div class=\"wp-block-media-text__content\">\n<p> <\/p>\n\n\n\n<p>Lieu&nbsp;:&nbsp; OKONI : 111 rue de Stalingrad &#8211; 93100 Montreuil &nbsp;<a href=\"https:\/\/okoni.fr\/\">https:\/\/okoni.fr\/<\/a> <\/p>\n\n\n\n<p><strong>RER A<\/strong>&nbsp;: Acc\u00e8s Fontenay-sous-Bois<strong> <\/strong><\/p>\n\n\n\n<p><strong>M\u00e9tro ligne 1&nbsp;<\/strong>: Ch\u00e2teau de Vincennes &#8211; <strong>M\u00e9tro ligne 9 : <\/strong>Croix de Chavaux &#8211; <\/p>\n\n\n\n<p><strong>Bus<\/strong> 124 ou 127&nbsp;: \u00abLes Parapluies\u00bb &#8211; <\/p>\n<\/div><\/div>\n\n\n\n<p>Pr\u00e9voir un petit temps de correspondance ou de marche.<\/p>\n\n\n\n<p>En cas d\u2019annulation de votre inscription, merci de ne pas oublier de nous pr\u00e9venir : cercleape.asso@gmail.com<\/p>\n\n\n\n<p>A priori, la situation sanitaire devrait permettre ces retrouvailles en pr\u00e9sence le 24 septembre. Restons toutefois vigilants aux recommandations en vigueur \u00e0 cette date.<\/p>\n\n\n\n<p>En pr\u00e9sence de l\u2019\u00e9diteur ESF Sciences Humaines &#8211; Attention, places limit\u00e9es &#8211; Heureux de se retrouver enfin ensemble \u2013 le bureau du #cercleape !<\/p>\n","protected":false},"excerpt":{"rendered":"<p>le #cercleape propose un nouvel \u00e9v\u00e8nement sous la forme d&rsquo;un Worldcaf\u00e9 ! Le 24 septembre 2022 Accueil \u00e0 13h30 \u2013 &hellip; <\/p>\n","protected":false},"author":12,"featured_media":0,"parent":0,"menu_order":0,"comment_status":"closed","ping_status":"closed","template":"","meta":{"footnotes":""},"class_list":["post-6047","page","type-page","status-publish","hentry"],"_links":{"self":[{"href":"https:\/\/www.cercleape.com\/index.php?rest_route=\/wp\/v2\/pages\/6047","targetHints":{"allow":["GET"]}}],"collection":[{"href":"https:\/\/www.cercleape.com\/index.php?rest_route=\/wp\/v2\/pages"}],"about":[{"href":"https:\/\/www.cercleape.com\/index.php?rest_route=\/wp\/v2\/types\/page"}],"author":[{"embeddable":true,"href":"https:\/\/www.cercleape.com\/index.php?rest_route=\/wp\/v2\/users\/12"}],"replies":[{"embeddable":true,"href":"https:\/\/www.cercleape.com\/index.php?rest_route=%2Fwp%2Fv2%2Fcomments&post=6047"}],"version-history":[{"count":5,"href":"https:\/\/www.cercleape.com\/index.php?rest_route=\/wp\/v2\/pages\/6047\/revisions"}],"predecessor-version":[{"id":6063,"href":"https:\/\/www.cercleape.com\/index.php?rest_route=\/wp\/v2\/pages\/6047\/revisions\/6063"}],"wp:attachment":[{"href":"https:\/\/www.cercleape.com\/index.php?rest_route=%2Fwp%2Fv2%2Fmedia&parent=6047"}],"curies":[{"name":"wp","href":"https:\/\/api.w.org\/{rel}","templated":true}]}}