{"id":6121,"date":"2022-10-11T15:19:36","date_gmt":"2022-10-11T13:19:36","guid":{"rendered":"https:\/\/www.cercleape.com\/?page_id=6121"},"modified":"2023-02-26T20:53:44","modified_gmt":"2023-02-26T19:53:44","slug":"festival-de-lapprendre-2023","status":"publish","type":"page","link":"https:\/\/www.cercleape.com\/?page_id=6121","title":{"rendered":"Festival de l\u2019apprendre 2023"},"content":{"rendered":"\n<div class=\"wp-block-media-text alignwide is-stacked-on-mobile\" style=\"grid-template-columns:73% auto\"><figure class=\"wp-block-media-text__media\"><img loading=\"lazy\" decoding=\"async\" width=\"1024\" height=\"512\" src=\"https:\/\/www.cercleape.com\/wp-content\/uploads\/2022\/10\/Festivaldelapprendre2023_02.png\" alt=\"\" class=\"wp-image-6120 size-full\" srcset=\"https:\/\/www.cercleape.com\/wp-content\/uploads\/2022\/10\/Festivaldelapprendre2023_02.png 1024w, https:\/\/www.cercleape.com\/wp-content\/uploads\/2022\/10\/Festivaldelapprendre2023_02-300x150.png 300w, https:\/\/www.cercleape.com\/wp-content\/uploads\/2022\/10\/Festivaldelapprendre2023_02-768x384.png 768w\" sizes=\"auto, (max-width: 1024px) 100vw, 1024px\" \/><\/figure><div class=\"wp-block-media-text__content\">\n<p><a href=\"https:\/\/www.cercleape.com\/?p=6093\">Communiqu\u00e9 de Presse<\/a><\/p>\n\n\n\n<p><a href=\"https:\/\/www.cercleape.com\/?page_id=6124\">Les \u00e9v\u00e8nements<\/a><\/p>\n\n\n\n<p><a href=\"https:\/\/www.cercleape.com\/?page_id=6126\">Nos interviews<\/a><\/p>\n\n\n\n<p><a href=\"https:\/\/www.cercleape.com\/?page_id=6311\">Retour sur nos \u00e9v\u00e8nements<\/a><\/p>\n<\/div><\/div>\n","protected":false},"excerpt":{"rendered":"<p>Communiqu\u00e9 de Presse Les \u00e9v\u00e8nements Nos interviews Retour sur nos \u00e9v\u00e8nements<\/p>\n","protected":false},"author":12,"featured_media":0,"parent":0,"menu_order":0,"comment_status":"closed","ping_status":"closed","template":"","meta":{"footnotes":""},"class_list":["post-6121","page","type-page","status-publish","hentry"],"_links":{"self":[{"href":"https:\/\/www.cercleape.com\/index.php?rest_route=\/wp\/v2\/pages\/6121","targetHints":{"allow":["GET"]}}],"collection":[{"href":"https:\/\/www.cercleape.com\/index.php?rest_route=\/wp\/v2\/pages"}],"about":[{"href":"https:\/\/www.cercleape.com\/index.php?rest_route=\/wp\/v2\/types\/page"}],"author":[{"embeddable":true,"href":"https:\/\/www.cercleape.com\/index.php?rest_route=\/wp\/v2\/users\/12"}],"replies":[{"embeddable":true,"href":"https:\/\/www.cercleape.com\/index.php?rest_route=%2Fwp%2Fv2%2Fcomments&post=6121"}],"version-history":[{"count":4,"href":"https:\/\/www.cercleape.com\/index.php?rest_route=\/wp\/v2\/pages\/6121\/revisions"}],"predecessor-version":[{"id":6386,"href":"https:\/\/www.cercleape.com\/index.php?rest_route=\/wp\/v2\/pages\/6121\/revisions\/6386"}],"wp:attachment":[{"href":"https:\/\/www.cercleape.com\/index.php?rest_route=%2Fwp%2Fv2%2Fmedia&parent=6121"}],"curies":[{"name":"wp","href":"https:\/\/api.w.org\/{rel}","templated":true}]}}