{"id":6145,"date":"2022-10-11T15:52:03","date_gmt":"2022-10-11T13:52:03","guid":{"rendered":"https:\/\/www.cercleape.com\/?page_id=6145"},"modified":"2022-10-11T15:58:37","modified_gmt":"2022-10-11T13:58:37","slug":"les-rapporteuses","status":"publish","type":"page","link":"https:\/\/www.cercleape.com\/?page_id=6145","title":{"rendered":"Les rapporteuses"},"content":{"rendered":"\n<p>Durant l&rsquo;\u00e9v\u00e8nement, 3 participantes ce sont port\u00e9es volontaire pour rapporter les \u00e9changes de l&rsquo;apr\u00e8s midi.<\/p>\n\n\n\n<p>Il y avait 3 tables, l&rsquo;une anim\u00e9e par <a href=\"https:\/\/www.cercleape.com\/?p=6139\">Anna<\/a>, une autre par <a href=\"https:\/\/www.cercleape.com\/?p=6143\">Jean<\/a> et la 3\u00e8me en <a href=\"https:\/\/www.cercleape.com\/?p=6141\">auto g\u00e9rance<\/a>.<\/p>\n\n\n\n<figure class=\"wp-block-image size-large\"><img loading=\"lazy\" decoding=\"async\" width=\"1024\" height=\"768\" src=\"https:\/\/www.cercleape.com\/wp-content\/uploads\/2022\/10\/IMG_5338-1024x768.jpg\" alt=\"\" class=\"wp-image-6155\" srcset=\"https:\/\/www.cercleape.com\/wp-content\/uploads\/2022\/10\/IMG_5338-1024x768.jpg 1024w, https:\/\/www.cercleape.com\/wp-content\/uploads\/2022\/10\/IMG_5338-300x225.jpg 300w, https:\/\/www.cercleape.com\/wp-content\/uploads\/2022\/10\/IMG_5338-768x576.jpg 768w, https:\/\/www.cercleape.com\/wp-content\/uploads\/2022\/10\/IMG_5338-1536x1152.jpg 1536w, https:\/\/www.cercleape.com\/wp-content\/uploads\/2022\/10\/IMG_5338-2048x1536.jpg 2048w\" sizes=\"auto, (max-width: 1024px) 100vw, 1024px\" \/><\/figure>\n","protected":false},"excerpt":{"rendered":"<p>Durant l&rsquo;\u00e9v\u00e8nement, 3 participantes ce sont port\u00e9es volontaire pour rapporter les \u00e9changes de l&rsquo;apr\u00e8s midi. Il y avait 3 tables, &hellip; <\/p>\n","protected":false},"author":12,"featured_media":0,"parent":0,"menu_order":0,"comment_status":"closed","ping_status":"closed","template":"","meta":{"footnotes":""},"class_list":["post-6145","page","type-page","status-publish","hentry"],"_links":{"self":[{"href":"https:\/\/www.cercleape.com\/index.php?rest_route=\/wp\/v2\/pages\/6145","targetHints":{"allow":["GET"]}}],"collection":[{"href":"https:\/\/www.cercleape.com\/index.php?rest_route=\/wp\/v2\/pages"}],"about":[{"href":"https:\/\/www.cercleape.com\/index.php?rest_route=\/wp\/v2\/types\/page"}],"author":[{"embeddable":true,"href":"https:\/\/www.cercleape.com\/index.php?rest_route=\/wp\/v2\/users\/12"}],"replies":[{"embeddable":true,"href":"https:\/\/www.cercleape.com\/index.php?rest_route=%2Fwp%2Fv2%2Fcomments&post=6145"}],"version-history":[{"count":3,"href":"https:\/\/www.cercleape.com\/index.php?rest_route=\/wp\/v2\/pages\/6145\/revisions"}],"predecessor-version":[{"id":6156,"href":"https:\/\/www.cercleape.com\/index.php?rest_route=\/wp\/v2\/pages\/6145\/revisions\/6156"}],"wp:attachment":[{"href":"https:\/\/www.cercleape.com\/index.php?rest_route=%2Fwp%2Fv2%2Fmedia&parent=6145"}],"curies":[{"name":"wp","href":"https:\/\/api.w.org\/{rel}","templated":true}]}}