{"id":6311,"date":"2023-02-04T22:18:46","date_gmt":"2023-02-04T21:18:46","guid":{"rendered":"https:\/\/www.cercleape.com\/?page_id=6311"},"modified":"2023-02-26T21:12:39","modified_gmt":"2023-02-26T20:12:39","slug":"retour-sur-nos-evenements","status":"publish","type":"page","link":"https:\/\/www.cercleape.com\/?page_id=6311","title":{"rendered":"Retour sur nos \u00e9v\u00e8nements"},"content":{"rendered":"\n<h1 class=\"wp-block-heading\">#festivaldelapprendre 2023 du cercle APE<\/h1>\n\n\n\n<p>Depuis 2020, le cercle APE (APrendre Ensemble) a initi\u00e9 et participe \u00e0 la dynamique des festivals de l\u2019apprendre, en r\u00e9sonance de plus en plus forte avec le Learning Planet institute. De mani\u00e8re compl\u00e9mentaire aux multiples rencontres <a href=\"https:\/\/festival.learning-planet.org\/fr\/replay\/\">1<\/a> du LPi et ses partenaires, tourn\u00e9es essentiellement vers les<br>enseignants de la formation initiale ou universitaire, et les acteurs de l\u2019entrepreneuriat social, au plan national et international, le #cercleAPE mobilise plut\u00f4t des professionnels du champ de la formation des adultes francophones. Si le slogan de LPi est g\u00e9n\u00e9rique (\u201cPrendre soin de soi, des autres et de la plan\u00e8te\u201d), le cercle APE propose chaque ann\u00e9e une th\u00e9matique nouvelle en lien avec celle du LPi. <\/p>\n\n\n\n<p>En 2023, la th\u00e9matique de notre 4\u00e8me festival \u00e9tait \u201cBouger pour apprendre\u201d. Sur cette th\u00e9matique, nous avons rassembl\u00e9 et accompagn\u00e9 une dizaine de festivals <a href=\"https:\/\/www.cercleape.com\/?page_id=6121\">2<\/a> , tous diff\u00e9rents dans les structures porteuses, dans les activit\u00e9s propos\u00e9es et dans l\u2019organisation assur\u00e9e par des b\u00e9n\u00e9voles que nous saluons ! Ils ont eu lieu, autour du 24 janvier (Journ\u00e9e internationale de l\u2019\u00e9ducation d\u00e9cr\u00e9t\u00e9e par l\u2019UNESCO) \u00e0 Lod\u00e8ve, Luxembourg, Montrouge, Mont-Saint-Aignan, Mulhouse, Paris, Poitiers, Rennes, Rouen &amp; Saint Maixent l\u2019Ecole. <\/p>\n\n\n\n<p>Ils ont tous \u00e9clair\u00e9 le plaisir d\u2019apprendre autrement en int\u00e9grant de mani\u00e8res diverses le mouvement avec son corps et\/ou avec sa t\u00eate. Ces \u00e9v\u00e8nements \u00e9taient gratuits, participatifs et festifs, en pr\u00e9sentiel ou \u00e0 distance, sur le mod\u00e8le ouvert de la \u201cF\u00eate de la musique\u201d :  Version minimaliste (un tabouret et une guitare) jusqu\u2019\u00e0 la version enrichie (avec orchestre) ! <\/p>\n\n\n\n<div class=\"wp-block-media-text alignwide is-stacked-on-mobile\"><figure class=\"wp-block-media-text__media\"><img loading=\"lazy\" decoding=\"async\" width=\"1024\" height=\"724\" src=\"https:\/\/www.cercleape.com\/wp-content\/uploads\/2023\/01\/2022-11-Affiche-2023-Bouger-pour-apprendre-1024x724.png\" alt=\"\" class=\"wp-image-6177 size-full\" srcset=\"https:\/\/www.cercleape.com\/wp-content\/uploads\/2023\/01\/2022-11-Affiche-2023-Bouger-pour-apprendre-1024x724.png 1024w, https:\/\/www.cercleape.com\/wp-content\/uploads\/2023\/01\/2022-11-Affiche-2023-Bouger-pour-apprendre-300x212.png 300w, https:\/\/www.cercleape.com\/wp-content\/uploads\/2023\/01\/2022-11-Affiche-2023-Bouger-pour-apprendre-768x543.png 768w, https:\/\/www.cercleape.com\/wp-content\/uploads\/2023\/01\/2022-11-Affiche-2023-Bouger-pour-apprendre-1536x1086.png 1536w, https:\/\/www.cercleape.com\/wp-content\/uploads\/2023\/01\/2022-11-Affiche-2023-Bouger-pour-apprendre.png 2000w\" sizes=\"auto, (max-width: 1024px) 100vw, 1024px\" \/><\/figure><div class=\"wp-block-media-text__content\">\n<p><a href=\"https:\/\/www.cercleape.com\/?p=6313\">Zoom sur Rouen<\/a><\/p>\n\n\n\n<p><a href=\"https:\/\/www.cercleape.com\/?p=6339\">Zoom sur Montrouge<\/a><br><br><a rel=\"noreferrer noopener\" href=\"https:\/\/latelierduformateur.fr\/replay40-retour-sur-la-marche-pedagogique-du-festival-de-lapprendre-2023\/\" target=\"_blank\">Zoom sur Rennes<\/a><\/p>\n\n\n\n<p><a href=\"https:\/\/www.cercleape.com\/?p=6375\">Zoom sur Paris<\/a><\/p>\n\n\n\n<p><a href=\"https:\/\/www.cercleape.com\/?p=6388\">Zoom sur Mulhouse<\/a><\/p>\n\n\n\n<p><a href=\"https:\/\/www.cercleape.com\/?p=6393\">Zoom sur Lod\u00e8ve<\/a><\/p>\n<\/div><\/div>\n","protected":false},"excerpt":{"rendered":"<p>#festivaldelapprendre 2023 du cercle APE Depuis 2020, le cercle APE (APrendre Ensemble) a initi\u00e9 et participe \u00e0 la dynamique des &hellip; <\/p>\n","protected":false},"author":12,"featured_media":0,"parent":0,"menu_order":0,"comment_status":"closed","ping_status":"closed","template":"","meta":{"footnotes":""},"class_list":["post-6311","page","type-page","status-publish","hentry"],"_links":{"self":[{"href":"https:\/\/www.cercleape.com\/index.php?rest_route=\/wp\/v2\/pages\/6311","targetHints":{"allow":["GET"]}}],"collection":[{"href":"https:\/\/www.cercleape.com\/index.php?rest_route=\/wp\/v2\/pages"}],"about":[{"href":"https:\/\/www.cercleape.com\/index.php?rest_route=\/wp\/v2\/types\/page"}],"author":[{"embeddable":true,"href":"https:\/\/www.cercleape.com\/index.php?rest_route=\/wp\/v2\/users\/12"}],"replies":[{"embeddable":true,"href":"https:\/\/www.cercleape.com\/index.php?rest_route=%2Fwp%2Fv2%2Fcomments&post=6311"}],"version-history":[{"count":9,"href":"https:\/\/www.cercleape.com\/index.php?rest_route=\/wp\/v2\/pages\/6311\/revisions"}],"predecessor-version":[{"id":6399,"href":"https:\/\/www.cercleape.com\/index.php?rest_route=\/wp\/v2\/pages\/6311\/revisions\/6399"}],"wp:attachment":[{"href":"https:\/\/www.cercleape.com\/index.php?rest_route=%2Fwp%2Fv2%2Fmedia&parent=6311"}],"curies":[{"name":"wp","href":"https:\/\/api.w.org\/{rel}","templated":true}]}}