{"id":6354,"date":"2023-02-11T23:30:22","date_gmt":"2023-02-11T22:30:22","guid":{"rendered":"https:\/\/www.cercleape.com\/?page_id=6354"},"modified":"2023-03-22T21:37:25","modified_gmt":"2023-03-22T20:37:25","slug":"bonus-avec-la-mobilisation-de-lintelligence-artificielle","status":"publish","type":"page","link":"https:\/\/www.cercleape.com\/?page_id=6354","title":{"rendered":"Bonus avec la mobilisation de l\u2019Intelligence Artificielle"},"content":{"rendered":"\n<p><em>Chat GPT &#8211; 29\/01\/2023<\/em><\/p>\n\n\n\n<p>Au cercle APE on adore explorer tout ce qui influence, de pr\u00e8s ou de loin, nos modes d&rsquo;apprentissage. On a donc d\u00e9cid\u00e9 de tester Chat GPT. Comme on sortait tout juste du 4\u00e8me Festival de l&rsquo;apprendre, notre question pour titiller les algorithmes de la machine a \u00e9t\u00e9 la suivante : Quels sont les int\u00e9r\u00eats pour un organisme de formation d\u2019organiser un festival de l\u2019apprendre ?<\/p>\n\n\n\n<p>Voici le r\u00e9sultat.&nbsp;<\/p>\n\n\n\n<p>Quels sont les int\u00e9r\u00eats pour un organisme de formation d&rsquo;organiser un festival de l&rsquo;apprendre ?<\/p>\n\n\n\n<p>Un festival de l&rsquo;apprentissage peut offrir de nombreux avantages pour un organisme de formation, notamment :<\/p>\n\n\n\n<ul class=\"wp-block-list\">\n<li>Promotion de l&rsquo;organisme : Le festival peut servir de plateforme pour promouvoir l&rsquo;organisme de formation aupr\u00e8s d&rsquo;un public large et diversifi\u00e9.<\/li>\n\n\n\n<li>R\u00e9seautage : Le festival peut permettre aux professionnels de l&rsquo;apprentissage de se rencontrer et de<br>partager leurs exp\u00e9riences, ce qui peut mener \u00e0 de nouvelles collaborations et opportunit\u00e9s. Mise en avant de la qualit\u00e9 de formation : Le festival peut permettre \u00e0 l&rsquo;organisme de montrer les programmes de formation de qualit\u00e9 qu&rsquo;il propose. Attraction de nouveaux apprenants : Le festival peut attirer de nouveaux \u00e9tudiants en leur offrant l&rsquo;occasion de d\u00e9couvrir les diff\u00e9rentes options de formation disponibles. <\/li>\n\n\n\n<li>Renforcement de la communaut\u00e9 d&rsquo;apprentissage : Le festival peut contribuer \u00e0 renforcer la communaut\u00e9 d&rsquo;apprentissage en rassemblant les apprenants, les formateurs-trices et les professionnels de secteurs concern\u00e9s.<\/li>\n<\/ul>\n\n\n\n<h3 class=\"wp-block-heading\">Quelles activit\u00e9s peut-on organiser lors d&rsquo;un festival de l&rsquo;apprendre ?<\/h3>\n\n\n\n<ul class=\"wp-block-list\">\n<li>Il existe de nombreuses activit\u00e9s que l&rsquo;on peut organiser lors d&rsquo;un festival de l&rsquo;apprentissage, notamment :<\/li>\n\n\n\n<li>Des conf\u00e9rences et des ateliers sur des sujets d&rsquo;apprentissage, comme la p\u00e9dagogie, les techniques d&rsquo;apprentissage efficaces, la neuro\u00e9ducation, etc.<\/li>\n\n\n\n<li>Des d\u00e9monstrations et des pr\u00e9sentations de technologies d&rsquo;apprentissage innovantes, comme les jeux \u00e9ducatifs, les applications mobiles, les r\u00e9alit\u00e9s virtuelles, etc.<\/li>\n\n\n\n<li>Des expositions et des stands pour les organismes de formation et les entreprises du secteur de la formation.<\/li>\n\n\n\n<li>Des activit\u00e9s pour les apprenants, comme des ateliers cr\u00e9atifs, des jeux \u00e9ducatifs, des spectacles, etc.<\/li>\n\n\n\n<li>Des activit\u00e9s de r\u00e9seautage pour les formateurs-trices, les apprenants, les entrepreneurs, etc.<\/li>\n\n\n\n<li>Des activit\u00e9s de divertissement, comme des concerts, des spectacles de danse, des films, etc.<\/li>\n<\/ul>\n","protected":false},"excerpt":{"rendered":"<p>Chat GPT &#8211; 29\/01\/2023 Au cercle APE on adore explorer tout ce qui influence, de pr\u00e8s ou de loin, nos &hellip; <\/p>\n","protected":false},"author":12,"featured_media":0,"parent":0,"menu_order":0,"comment_status":"closed","ping_status":"closed","template":"","meta":{"footnotes":""},"class_list":["post-6354","page","type-page","status-publish","hentry"],"_links":{"self":[{"href":"https:\/\/www.cercleape.com\/index.php?rest_route=\/wp\/v2\/pages\/6354","targetHints":{"allow":["GET"]}}],"collection":[{"href":"https:\/\/www.cercleape.com\/index.php?rest_route=\/wp\/v2\/pages"}],"about":[{"href":"https:\/\/www.cercleape.com\/index.php?rest_route=\/wp\/v2\/types\/page"}],"author":[{"embeddable":true,"href":"https:\/\/www.cercleape.com\/index.php?rest_route=\/wp\/v2\/users\/12"}],"replies":[{"embeddable":true,"href":"https:\/\/www.cercleape.com\/index.php?rest_route=%2Fwp%2Fv2%2Fcomments&post=6354"}],"version-history":[{"count":4,"href":"https:\/\/www.cercleape.com\/index.php?rest_route=\/wp\/v2\/pages\/6354\/revisions"}],"predecessor-version":[{"id":6410,"href":"https:\/\/www.cercleape.com\/index.php?rest_route=\/wp\/v2\/pages\/6354\/revisions\/6410"}],"wp:attachment":[{"href":"https:\/\/www.cercleape.com\/index.php?rest_route=%2Fwp%2Fv2%2Fmedia&parent=6354"}],"curies":[{"name":"wp","href":"https:\/\/api.w.org\/{rel}","templated":true}]}}