{"id":6532,"date":"2023-09-25T17:13:43","date_gmt":"2023-09-25T15:13:43","guid":{"rendered":"https:\/\/www.cercleape.com\/?page_id=6532"},"modified":"2024-01-04T21:57:49","modified_gmt":"2024-01-04T20:57:49","slug":"festival-de-lapprendre-2024","status":"publish","type":"page","link":"https:\/\/www.cercleape.com\/?page_id=6532","title":{"rendered":"Festival de l\u2019apprendre 2024"},"content":{"rendered":"\n<div class=\"wp-block-media-text is-stacked-on-mobile\"><figure class=\"wp-block-media-text__media\"><img loading=\"lazy\" decoding=\"async\" width=\"1024\" height=\"724\" src=\"https:\/\/www.cercleape.com\/wp-content\/uploads\/2023\/09\/Festival-de-lapprendre-2024-_-espace-emotion-1024x724.png\" alt=\"\" class=\"wp-image-6541 size-full\" srcset=\"https:\/\/www.cercleape.com\/wp-content\/uploads\/2023\/09\/Festival-de-lapprendre-2024-_-espace-emotion-1024x724.png 1024w, https:\/\/www.cercleape.com\/wp-content\/uploads\/2023\/09\/Festival-de-lapprendre-2024-_-espace-emotion-300x212.png 300w, https:\/\/www.cercleape.com\/wp-content\/uploads\/2023\/09\/Festival-de-lapprendre-2024-_-espace-emotion-768x543.png 768w, https:\/\/www.cercleape.com\/wp-content\/uploads\/2023\/09\/Festival-de-lapprendre-2024-_-espace-emotion-1536x1086.png 1536w, https:\/\/www.cercleape.com\/wp-content\/uploads\/2023\/09\/Festival-de-lapprendre-2024-_-espace-emotion.png 2000w\" sizes=\"auto, (max-width: 1024px) 100vw, 1024px\" \/><\/figure><div class=\"wp-block-media-text__content\">\n<p><a href=\"https:\/\/www.cercleape.com\/?p=6551\">Communiqu\u00e9 de presse<\/a><\/p>\n\n\n\n<p><a href=\"https:\/\/www.cercleape.com\/?page_id=6590\">Les \u00e9v\u00e9nements<\/a><\/p>\n<\/div><\/div>\n\n\n\n<p><\/p>\n\n\n\n<p>Venez f\u00eater l\u2019apprendre ensemble vers l\u2019infini et au-del\u00e0, destination\u00a0: les \u00e9motions\u00a0!<\/p>\n\n\n\n<p>En 2024, le th\u00e8me se situera au c\u0153ur des espaces \u00e9motionnels\u2026 Joie, surprise, tristesse\u2026 Il y en aura pour tous les go\u00fbts au pays du partage de savoirs et du d\u00e9veloppement des personnes.<\/p>\n\n\n\n<p>R\u00e9jouissons-nous pour apprendre, du pr\u00e9sentiel au num\u00e9rique, \u00e0 travers les oc\u00e9ans et les continents, du r\u00eave \u00e0 la r\u00e9alit\u00e9&nbsp;!<\/p>\n\n\n\n<p>Les espaces pour apprendre nous inspirent pour vivre des exp\u00e9riences ouvertes \u00e0 tous.<\/p>\n\n\n\n<p>Partons en voyage dans le temps et la connaissance, autour du 24&nbsp;janvier 2024, Journ\u00e9e internationale de l\u2019\u00e9ducation.<\/p>\n","protected":false},"excerpt":{"rendered":"<p>Communiqu\u00e9 de presse Les \u00e9v\u00e9nements Venez f\u00eater l\u2019apprendre ensemble vers l\u2019infini et au-del\u00e0, destination\u00a0: les \u00e9motions\u00a0! En 2024, le th\u00e8me &hellip; <\/p>\n","protected":false},"author":12,"featured_media":0,"parent":0,"menu_order":0,"comment_status":"closed","ping_status":"closed","template":"","meta":{"footnotes":""},"class_list":["post-6532","page","type-page","status-publish","hentry"],"_links":{"self":[{"href":"https:\/\/www.cercleape.com\/index.php?rest_route=\/wp\/v2\/pages\/6532","targetHints":{"allow":["GET"]}}],"collection":[{"href":"https:\/\/www.cercleape.com\/index.php?rest_route=\/wp\/v2\/pages"}],"about":[{"href":"https:\/\/www.cercleape.com\/index.php?rest_route=\/wp\/v2\/types\/page"}],"author":[{"embeddable":true,"href":"https:\/\/www.cercleape.com\/index.php?rest_route=\/wp\/v2\/users\/12"}],"replies":[{"embeddable":true,"href":"https:\/\/www.cercleape.com\/index.php?rest_route=%2Fwp%2Fv2%2Fcomments&post=6532"}],"version-history":[{"count":9,"href":"https:\/\/www.cercleape.com\/index.php?rest_route=\/wp\/v2\/pages\/6532\/revisions"}],"predecessor-version":[{"id":6637,"href":"https:\/\/www.cercleape.com\/index.php?rest_route=\/wp\/v2\/pages\/6532\/revisions\/6637"}],"wp:attachment":[{"href":"https:\/\/www.cercleape.com\/index.php?rest_route=%2Fwp%2Fv2%2Fmedia&parent=6532"}],"curies":[{"name":"wp","href":"https:\/\/api.w.org\/{rel}","templated":true}]}}