{"id":6867,"date":"2024-12-19T13:59:52","date_gmt":"2024-12-19T12:59:52","guid":{"rendered":"https:\/\/www.cercleape.com\/?page_id=6867"},"modified":"2025-01-17T21:53:56","modified_gmt":"2025-01-17T20:53:56","slug":"nos-interviews-2","status":"publish","type":"page","link":"https:\/\/www.cercleape.com\/?page_id=6867","title":{"rendered":"Nos interviews"},"content":{"rendered":"\n<p><a href=\"https:\/\/www.cercleape.com\/?p=6868\" data-type=\"link\" data-id=\"https:\/\/www.cercleape.com\/wp-admin\/post.php?post=6868&amp;action=edit\" target=\"_blank\" rel=\"noreferrer noopener\">Donnons corps \u00e0 l&rsquo;apprentissage !<\/a><\/p>\n\n\n\n<p><a href=\"https:\/\/www.cercleape.com\/?p=6915\" data-type=\"link\" data-id=\"https:\/\/www.cercleape.com\/?p=6915\" target=\"_blank\" rel=\"noreferrer noopener\">Retour d&rsquo;exp\u00e9riences d&rsquo;itin\u00e9rances apprenantes avec trois \u00e2nes<\/a><\/p>\n\n\n\n<p><a href=\"https:\/\/www.cercleape.com\/?p=6930\" data-type=\"link\" data-id=\"https:\/\/www.cercleape.com\/?p=6930\" target=\"_blank\" rel=\"noreferrer noopener\">Se connecter au Vivant : L&rsquo;Art de la respiration<\/a><\/p>\n\n\n\n<p><a href=\"https:\/\/www.cercleape.com\/?p=6933\" data-type=\"link\" data-id=\"https:\/\/www.cercleape.com\/?p=6933\" target=\"_blank\" rel=\"noreferrer noopener\">Un webinaire surprise&#8230; peut-\u00eatre autour&nbsp;de la ludop\u00e9dagogie !<\/a><\/p>\n\n\n\n<p><a href=\"https:\/\/www.cercleape.com\/?p=6947\" data-type=\"link\" data-id=\"https:\/\/www.cercleape.com\/?p=6947\" target=\"_blank\" rel=\"noreferrer noopener\">Nature et savoir, un voyage d&rsquo;apprentissage vivant<\/a><\/p>\n\n\n\n<p><a href=\"https:\/\/www.cercleape.com\/?p=6966\" data-type=\"link\" data-id=\"https:\/\/www.cercleape.com\/?p=6966\" target=\"_blank\" rel=\"noreferrer noopener\">Peuples racines et sagesses ancestrales : quelles inspirations pour la formation aujourd&rsquo;hui ?<\/a><\/p>\n\n\n\n<p><a href=\"https:\/\/www.cercleape.com\/?p=6968\" data-type=\"link\" data-id=\"https:\/\/www.cercleape.com\/?p=6968\" target=\"_blank\" rel=\"noreferrer noopener\">\u00ab\u00a0\u00c0 la d\u00e9couverte de notre quartier : Chasse au tr\u00e9sor photographique\u00a0\u00bb au Luxembourg<\/a><\/p>\n\n\n\n<p><a href=\"https:\/\/www.cercleape.com\/?p=6976\" data-type=\"link\" data-id=\"https:\/\/www.cercleape.com\/?p=6976\" target=\"_blank\" rel=\"noreferrer noopener\">Prenez-en de la graine ! L&rsquo;abeille, la graine et la fourmi, une des fines \u00e9quipes de la nature<\/a><\/p>\n\n\n\n<p><a href=\"https:\/\/www.cercleape.com\/?p=6982\" data-type=\"link\" data-id=\"https:\/\/www.cercleape.com\/?p=6982\" target=\"_blank\" rel=\"noreferrer noopener\">\u00c0 Rouen, le 28\/01 ; au bon vivant apprenant ! Partageons nos billets&#8230;<\/a><\/p>\n","protected":false},"excerpt":{"rendered":"<p>Donnons corps \u00e0 l&rsquo;apprentissage ! Retour d&rsquo;exp\u00e9riences d&rsquo;itin\u00e9rances apprenantes avec trois \u00e2nes Se connecter au Vivant : L&rsquo;Art de la &hellip; <\/p>\n","protected":false},"author":12,"featured_media":0,"parent":0,"menu_order":0,"comment_status":"closed","ping_status":"closed","template":"","meta":{"footnotes":""},"class_list":["post-6867","page","type-page","status-publish","hentry"],"_links":{"self":[{"href":"https:\/\/www.cercleape.com\/index.php?rest_route=\/wp\/v2\/pages\/6867","targetHints":{"allow":["GET"]}}],"collection":[{"href":"https:\/\/www.cercleape.com\/index.php?rest_route=\/wp\/v2\/pages"}],"about":[{"href":"https:\/\/www.cercleape.com\/index.php?rest_route=\/wp\/v2\/types\/page"}],"author":[{"embeddable":true,"href":"https:\/\/www.cercleape.com\/index.php?rest_route=\/wp\/v2\/users\/12"}],"replies":[{"embeddable":true,"href":"https:\/\/www.cercleape.com\/index.php?rest_route=%2Fwp%2Fv2%2Fcomments&post=6867"}],"version-history":[{"count":10,"href":"https:\/\/www.cercleape.com\/index.php?rest_route=\/wp\/v2\/pages\/6867\/revisions"}],"predecessor-version":[{"id":6987,"href":"https:\/\/www.cercleape.com\/index.php?rest_route=\/wp\/v2\/pages\/6867\/revisions\/6987"}],"wp:attachment":[{"href":"https:\/\/www.cercleape.com\/index.php?rest_route=%2Fwp%2Fv2%2Fmedia&parent=6867"}],"curies":[{"name":"wp","href":"https:\/\/api.w.org\/{rel}","templated":true}]}}