{"id":7142,"date":"2025-10-21T07:48:30","date_gmt":"2025-10-21T05:48:30","guid":{"rendered":"https:\/\/www.cercleape.com\/?page_id=7142"},"modified":"2026-01-14T15:38:00","modified_gmt":"2026-01-14T14:38:00","slug":"festival-de-lapprendre-2026","status":"publish","type":"page","link":"https:\/\/www.cercleape.com\/?page_id=7142","title":{"rendered":"Les festivals de l&rsquo;Apprendre 2026"},"content":{"rendered":"<h2 style=\"text-align: center;\">Communiqu\u00e9 de Presse<\/h2>\n<h2 style=\"text-align: center;\">7\u00e8me festival de l\u2019apprendre \u2013 Janvier 2026 Apprendre avec l\u2019art ou l\u2019art d\u2019apprendre !<\/h2>\n<h4 style=\"text-align: center;\"><a href=\"https:\/\/www.cercleape.com\/?page_id=7156\">le planning des festivals partout en France<\/a><\/h4>\n<p style=\"text-align: left;\">\u00ab\u00a0Apprendre avec l&rsquo;art ou l&rsquo;art d&rsquo;apprendre !\u00a0\u00bb, telle est la th\u00e9matique retenue par le Cercle APE pour le prochain septi\u00e8me #festivaldelapprendre national autour du 24 janvier 2026, en r\u00e9sonance avec le <strong>L<\/strong>earning <strong>P<\/strong>lanet <strong>I<\/strong>nstitute. L\u2019art est une promesse de d\u00e9couverte, de cr\u00e9ativit\u00e9, de rencontre, de diversit\u00e9, d\u2019exigence, de d\u00e9passement et d\u2019\u00e9motions ; autant de rep\u00e8res fertiles pour apprendre ensemble.<\/p>\n<p style=\"text-align: left;\">Avec l\u2019art, comme artiste ou amateur, on peut saisir, ou non, les opportunit\u00e9s pour apprendre \u00e0 s\u2019\u00e9merveiller, apprendre \u00e0 concevoir, apprendre \u00e0 s\u2019exprimer, apprendre \u00e0 mettre en perspective, apprendre \u00e0 avoir un regard ouvert et critique, apprendre \u00e0 partager, apprendre l\u2019histoire, la g\u00e9ographie, les sciences, les techniques, \u00e0 mieux conna\u00eetre les civilisations, le monde et l\u2019\u00e2me humaine ; soit apprendre \u00e0 vivre ensemble.<\/p>\n<p style=\"text-align: left;\"><em>L&rsquo;architecture, la musique, la peinture, le dessin, la sculpture, la danse, le th\u00e9\u00e2tre, l\u2019\u00e9criture, la photographie, le cin\u00e9ma, la BD, le num\u00e9rique, la gastronomie<\/em> constituent autant de portes d\u2019entr\u00e9e dans des univers qui (re)donnent sens \u00e0 nos existences, tout au long de nos vies.<\/p>\n<p style=\"text-align: left;\">Bienvenue aux d\u00e9tours cr\u00e9atifs, aux d\u00e9tours artistiques pour pigmenter et pimenter nos parcours de formation ! \u00ab\u00a0Apprendre de l&rsquo;art, l&rsquo;Art d&rsquo;Apprendre, Apprendre pour l&rsquo;art d&rsquo;Apprendre, Apprendre avec Art\u00a0\u00bb\u2026<\/p>\n<h3 style=\"text-align: center;\">\u00ab\u00a0Vivent l&rsquo;art, l&rsquo;apprentissage et la f\u00eate !\u00a0\u00bb<\/h3>\n<p><img loading=\"lazy\" decoding=\"async\" class=\"wp-image-7143 aligncenter\" src=\"https:\/\/www.cercleape.com\/wp-content\/uploads\/2025\/10\/Festival-de-lapprendre-2026-1024x1024.png\" alt=\"\" width=\"516\" height=\"516\" srcset=\"https:\/\/www.cercleape.com\/wp-content\/uploads\/2025\/10\/Festival-de-lapprendre-2026-1024x1024.png 1024w, https:\/\/www.cercleape.com\/wp-content\/uploads\/2025\/10\/Festival-de-lapprendre-2026-300x300.png 300w, https:\/\/www.cercleape.com\/wp-content\/uploads\/2025\/10\/Festival-de-lapprendre-2026-150x150.png 150w, https:\/\/www.cercleape.com\/wp-content\/uploads\/2025\/10\/Festival-de-lapprendre-2026-768x768.png 768w, https:\/\/www.cercleape.com\/wp-content\/uploads\/2025\/10\/Festival-de-lapprendre-2026-1536x1536.png 1536w, https:\/\/www.cercleape.com\/wp-content\/uploads\/2025\/10\/Festival-de-lapprendre-2026-70x70.png 70w, https:\/\/www.cercleape.com\/wp-content\/uploads\/2025\/10\/Festival-de-lapprendre-2026-246x246.png 246w, https:\/\/www.cercleape.com\/wp-content\/uploads\/2025\/10\/Festival-de-lapprendre-2026-276x276.png 276w, https:\/\/www.cercleape.com\/wp-content\/uploads\/2025\/10\/Festival-de-lapprendre-2026-125x125.png 125w, https:\/\/www.cercleape.com\/wp-content\/uploads\/2025\/10\/Festival-de-lapprendre-2026.png 1800w\" sizes=\"auto, (max-width: 516px) 100vw, 516px\" \/><\/p>\n<p><em>Chacun peut organiser localement son propre \u00e9v\u00e9nement festif, gratuit et participatif, sur le mod\u00e8le de la F\u00eate de la musique pour partager le plaisir de l\u2019art d\u2019apprendre ensemble sous toutes ses formes : ateliers ouverts, conf\u00e9rences ou visites participatives, jeux, \u00e9changes de savoirs, marche cr\u00e9ative \u2026 et autres\u2026.<\/em><\/p>\n<p>Le cercleAPE propose une s\u00e9rie de r\u00e9unions en ligne pour \u00e9changer sur la pr\u00e9paration des diff\u00e9rents projets de festival 2026. Si vous souhaitez y participer, merci d\u2019envoyer un message \u00e0 <a href=\"mailto:cercleape.asso@gmail.com\">cercleape.asso@gmail.com<\/a><\/p>\n<p>Voici les dates de ces r\u00e9unions mensuelles en ligne :<\/p>\n<ul>\n<li>le mercredi 15 octobre 12h30<\/li>\n<li>le mercredi 19 novembre 12h30<\/li>\n<li>le mercredi 10 d\u00e9cembre 12h30<\/li>\n<li>le mercredi 14 janvier 2026 12h30.<\/li>\n<\/ul>\n<p>T\u00e9l\u00e9charger Communiqu\u00e9 de presse (PDF) : <a href=\"https:\/\/www.cercleape.com\/wp-content\/uploads\/2025\/10\/20251021_Communique_Presse_7eme_Festival_APE_2026.pdf\" target=\"_blank\" rel=\"noopener\">20251021_Communique_Presse_7\u00e8me_Festival_APE_2026<\/a><\/p>\n","protected":false},"excerpt":{"rendered":"<p>Communiqu\u00e9 de Presse 7\u00e8me festival de l\u2019apprendre \u2013 Janvier 2026 Apprendre avec l\u2019art ou l\u2019art d\u2019apprendre ! le planning des &hellip; <\/p>\n","protected":false},"author":12,"featured_media":0,"parent":0,"menu_order":0,"comment_status":"closed","ping_status":"closed","template":"","meta":{"footnotes":""},"class_list":["post-7142","page","type-page","status-publish","hentry"],"_links":{"self":[{"href":"https:\/\/www.cercleape.com\/index.php?rest_route=\/wp\/v2\/pages\/7142","targetHints":{"allow":["GET"]}}],"collection":[{"href":"https:\/\/www.cercleape.com\/index.php?rest_route=\/wp\/v2\/pages"}],"about":[{"href":"https:\/\/www.cercleape.com\/index.php?rest_route=\/wp\/v2\/types\/page"}],"author":[{"embeddable":true,"href":"https:\/\/www.cercleape.com\/index.php?rest_route=\/wp\/v2\/users\/12"}],"replies":[{"embeddable":true,"href":"https:\/\/www.cercleape.com\/index.php?rest_route=%2Fwp%2Fv2%2Fcomments&post=7142"}],"version-history":[{"count":6,"href":"https:\/\/www.cercleape.com\/index.php?rest_route=\/wp\/v2\/pages\/7142\/revisions"}],"predecessor-version":[{"id":7194,"href":"https:\/\/www.cercleape.com\/index.php?rest_route=\/wp\/v2\/pages\/7142\/revisions\/7194"}],"wp:attachment":[{"href":"https:\/\/www.cercleape.com\/index.php?rest_route=%2Fwp%2Fv2%2Fmedia&parent=7142"}],"curies":[{"name":"wp","href":"https:\/\/api.w.org\/{rel}","templated":true}]}}