{"id":7156,"date":"2025-12-07T11:30:20","date_gmt":"2025-12-07T10:30:20","guid":{"rendered":"https:\/\/www.cercleape.com\/?page_id=7156"},"modified":"2026-02-09T09:53:41","modified_gmt":"2026-02-09T08:53:41","slug":"planning-infos-interviews","status":"publish","type":"page","link":"https:\/\/www.cercleape.com\/?page_id=7156","title":{"rendered":"Planning, infos &#038; interviews"},"content":{"rendered":"<h2>Planning &#8211; Date de mise \u00e0 jour : 09\/02\/2026<\/h2>\n<table style=\"height: 248px;\" width=\"725\">\n<tbody>\n<tr>\n<td width=\"123\"><strong>Dates<\/strong><\/td>\n<td width=\"123\"><strong>Lieu<\/strong><\/td>\n<td width=\"100\"><strong>Modalit\u00e9<\/strong><\/td>\n<td width=\"217\"><strong>Informations<\/strong><\/td>\n<\/tr>\n<tr>\n<td width=\"123\">15\/01\/26\u00a0 18h00<\/td>\n<td width=\"123\">Rouen<\/td>\n<td width=\"100\">Pr\u00e9sentiel<\/td>\n<td width=\"217\">Entre les lignes ; projection d&rsquo;un film + d\u00e9bat <a href=\"https:\/\/www.cercleape.com\/wp-content\/uploads\/2025\/12\/2026-01-15-Invitation-Entre-les-lignes.pdf\" target=\"_blank\" rel=\"noopener\">Invitation PDF<\/a><\/td>\n<\/tr>\n<tr>\n<td width=\"123\">22\/01\/26<\/td>\n<td width=\"123\">Paris (20h)<br \/>\nQu\u00e9bec (14h)<\/td>\n<td width=\"100\">En ligne<\/td>\n<td width=\"217\">\u00ab\u00a0<em>Terre &amp; symbole am\u00e9rindiens par le dessin<\/em>\u00a0\u00bb &#8211; <a href=\"https:\/\/urlz.fr\/v1ud\" target=\"_blank\" rel=\"noopener\">lien d&rsquo;inscription<\/a><\/td>\n<\/tr>\n<tr>\n<td width=\"123\">23\/01\/26 13h00<\/td>\n<td width=\"123\">Toulouse<\/td>\n<td width=\"100\">Pr\u00e9sentiel<\/td>\n<td width=\"217\">\u00ab\u00a0<em>Ateliers pour exp\u00e9rimenter et se rencontrer<\/em>\u00a0\u00bb &#8211; <a href=\"https:\/\/urlz.fr\/uZAl\" target=\"_blank\" rel=\"noopener\">lien d&rsquo;inscription<\/a><\/td>\n<\/tr>\n<tr>\n<td width=\"123\">23\/01\/26 18h00<\/td>\n<td width=\"123\">Rouen<\/td>\n<td width=\"100\">Pr\u00e9sentiel<\/td>\n<td width=\"217\">\u00ab\u00a0<em>L&rsquo;art pour mieux se conna\u00eetre<\/em>\u00a0\u00bb &#8211; <a href=\"https:\/\/urlz.fr\/uZAK\" target=\"_blank\" rel=\"noopener\">lien<\/a><\/td>\n<\/tr>\n<tr>\n<td width=\"123\">23\/01\/26 18h30<\/td>\n<td width=\"123\">Toulouse<\/td>\n<td width=\"100\">Pr\u00e9sentiel<\/td>\n<td width=\"217\">\u00ab\u00a0<em>Ateliers pour exp\u00e9rimenter et se rencontrer<\/em>\u00a0\u00bb &#8211; <a href=\"https:\/\/urlz.fr\/uZAl\" target=\"_blank\" rel=\"noopener\">lien d&rsquo;inscription<\/a><\/td>\n<\/tr>\n<tr>\n<td width=\"123\">23\/01\/26 18h30<\/td>\n<td width=\"123\">Toulouse<\/td>\n<td width=\"100\">Pr\u00e9sentiel<\/td>\n<td width=\"217\">\u00ab\u00a0<em>Apprendre \u00e0 apprendre avec le th\u00e9\u00e2tre<\/em>\u00a0\u00bb &#8211; <a href=\"https:\/\/urlz.fr\/v1Dk\" target=\"_blank\" rel=\"noopener\">lien d&rsquo;inscription<\/a><\/td>\n<\/tr>\n<tr>\n<td width=\"123\">24\/01\/26\u00a0 \u00a014h30<\/td>\n<td width=\"123\">Paris<\/td>\n<td width=\"100\">Pr\u00e9sentiel<\/td>\n<td width=\"217\">\u00ab\u00a0<em>D\u00e9ambulation dans un mus\u00e9e d&rsquo;art moderne<\/em>\u00a0\u00bb &#8211; <a href=\"https:\/\/www.helloasso.com\/associations\/cercleape-apprendre-ensemble\/evenements\/festival-de-l-apprendre-2026-paris\" target=\"_blank\" rel=\"noopener\">lien d&rsquo;inscription<\/a><\/td>\n<\/tr>\n<tr>\n<td width=\"123\">26\/01\/26 14h00<\/td>\n<td width=\"123\">Rouen<\/td>\n<td width=\"100\">Pr\u00e9sentiel<\/td>\n<td width=\"217\">\u00ab\u00a0<em>Visite comment\u00e9e de la cath\u00e9drale<\/em>\u00a0\u00bb &#8211; Inscription ferm\u00e9e<\/td>\n<\/tr>\n<tr>\n<td width=\"123\">27\/01\/26 13h00<\/td>\n<td width=\"123\">Montrouge<\/td>\n<td width=\"100\">en ligne<\/td>\n<td width=\"217\">\u00ab\u00a0<em>Dessiner et cr\u00e9er \u00e0 l&rsquo;\u00e8re de IA<\/em>\u00a0\u00bb &#8211; <a href=\"https:\/\/app.mylivesession.com\/weblink\/ifcam\/31233\/\" target=\"_blank\" rel=\"noopener\">lien d&rsquo;inscription<\/a><\/td>\n<\/tr>\n<tr>\n<td width=\"123\">27\/01\/26<\/td>\n<td width=\"123\">Rennes<\/td>\n<td width=\"100\">en ligne<\/td>\n<td width=\"217\"><i>\u00ab\u00a0Au plus pr\u00e8s de la culture Bretonne\u00a0\u00bb &#8211;<\/i> <a href=\"https:\/\/urlz.fr\/v1sH\" target=\"_blank\" rel=\"noopener\">lien d&rsquo;inscription<\/a><\/td>\n<\/tr>\n<tr>\n<td width=\"123\">29\/01\/26<\/td>\n<td width=\"123\">Caudebec en Caux<\/td>\n<td width=\"100\">Pr\u00e9sentiel<\/td>\n<td width=\"217\">\u00ab\u00a0<em>Ateliers cr\u00e9atifs<\/em>\u00a0\u00bb &#8211; Pas d&rsquo;inscription &#8211; entr\u00e9e libre<\/td>\n<\/tr>\n<tr>\n<td width=\"123\">31\/01\/26<\/td>\n<td width=\"123\">Chaville<\/td>\n<td width=\"100\">Pr\u00e9sentiel<\/td>\n<td width=\"217\">Plume de savoir &#8211; \u00ab\u00a0<em>L&rsquo;art d&rsquo;apprendre, dans et avec la nature<\/em>\u00ab\u00a0<a href=\"mailto:contact@superegg.fr\" target=\"_blank\" rel=\"noopener\"> contact@superegg.fr<\/a><\/td>\n<\/tr>\n<tr>\n<td width=\"123\">05\/02\/26<\/td>\n<td width=\"123\">Paris (20h)<\/td>\n<td width=\"100\">en ligne<\/td>\n<td width=\"217\">\u00ab\u00a0<em>Comprendre le b\u00e9n\u00e9fice de ses addictions avec une marionnette<\/em>\u00a0\u00bb &#8211; <a href=\"https:\/\/forms.gle\/gyhKKyjiC3mJLyvP7\" target=\"_blank\" rel=\"noopener\">lien d&rsquo;inscription<\/a><\/td>\n<\/tr>\n<tr>\n<td width=\"123\">06\/02\/26<\/td>\n<td width=\"123\">Nantes<\/td>\n<td width=\"100\">Pr\u00e9sentiel<\/td>\n<td width=\"217\">\u00ab\u00a0<em>Slame-toi et apprends de toi-m\u00eame !<\/em>\u00a0\u00bb &#8211; Atelier de d\u00e9couverte du slam &#8211; <a href=\"https:\/\/www.helloasso.com\/associations\/cofoli\/evenements\/festival-de-l-apprendre-2026-atelier-slam\" target=\"_blank\" rel=\"noopener\">lien d&rsquo;inscription<\/a><\/td>\n<\/tr>\n<tr>\n<td width=\"123\">21\/03\/26<\/td>\n<td width=\"123\">N\u00eemes<\/td>\n<td width=\"100\"><\/td>\n<td width=\"217\">infos \u00e0 venir<\/td>\n<\/tr>\n<tr>\n<td width=\"123\"><\/td>\n<td width=\"123\"><\/td>\n<td width=\"100\"><\/td>\n<td width=\"217\"><\/td>\n<\/tr>\n<\/tbody>\n<\/table>\n<p>Vous organisez un festival, ou vous participez ? N&rsquo;h\u00e9sitez pas \u00e0 cr\u00e9er votre badge et \u00e0 le valoriser sur vos RS (R\u00e9seaux Sociaux) : <a href=\"https:\/\/openbadgefactory.com\/c\/earnablebadge\/SO0OYGa2D9Da1TB\/apply\" target=\"_blank\" rel=\"noopener\">cliquer ici pour cr\u00e9er un badge<\/a><\/p>\n<h2>Interview<\/h2>\n<p>15\/01\/2026 &#8211; Rouen &#8211; d\u2019Anne-Sophie Charpy &#8211; Normandie Images :\u00a0 <a href=\"https:\/\/www.cercleape.com\/wp-content\/uploads\/2025\/12\/2015-12-ITW-v2-Normandie-Image.pdf\" target=\"_blank\" rel=\"noopener\">T\u00e9l\u00e9charger &#8211; PDF<\/a><br \/>\n22\/01\/2026 &#8211; En ligne &#8211; de Emilie Caillon &#8211; EDGAR POW WOW Productions et Formations : <a href=\"https:\/\/www.cercleape.com\/wp-content\/uploads\/2026\/01\/2026_01_ITW_E_Caillon_Paris_002.pdf\" target=\"_blank\" rel=\"noopener\">T\u00e9l\u00e9charger &#8211; PDF<\/a><br \/>\n23\/01\/2026 &#8211; Rouen &#8211; de Xavi\u00e8re Makouche &#8211; Pro-Agora : <a href=\"https:\/\/www.cercleape.com\/wp-content\/uploads\/2025\/12\/20251219_ITW_v2_ProAgora_X_Makouche.pdf\" target=\"_blank\" rel=\"noopener\">T\u00e9l\u00e9charger &#8211; PDF<\/a><br \/>\n23\/01\/2026 &#8211; Toulouse &#8211; de Valentina Romano &#8211; Les imaginations fertiles : <a href=\"https:\/\/www.cercleape.com\/wp-content\/uploads\/2026\/01\/2026_01_ITW_Valentina_Romano_Toulouse.pdf\" target=\"_blank\" rel=\"noopener\">T\u00e9l\u00e9charger &#8211; PDF<\/a><br \/>\n23\/01\/2026 &#8211; Toulouse &#8211; de Christelle Vignaux &#8211; EKTA Coaching : <a href=\"https:\/\/www.cercleape.com\/wp-content\/uploads\/2026\/01\/2026_01_ITW_C_Vignaux_Toulouse.pdf\">T\u00e9l\u00e9charger &#8211; PDF<\/a><br \/>\n24\/01\/2026 &#8211; Paris &#8211; de Mathilde Pruvot &#8211; Cercle APE &#8211; Mus\u00e9e MAM Paris : <a href=\"https:\/\/www.cercleape.com\/wp-content\/uploads\/2026\/01\/2026_01_ITW_M_Pruvot_Paris_MAM.pdf\" target=\"_blank\" rel=\"noopener\">T\u00e9l\u00e9charger &#8211; PDF<\/a><br \/>\n27\/01\/2026 &#8211; Rennes &#8211; d&rsquo;Isabelle Dremeau &#8211; Atelier du formateur : <a href=\"https:\/\/www.cercleape.com\/wp-content\/uploads\/2026\/01\/202601_ITW_Isabelle_Dremeau_Rennes.pdf\" target=\"_blank\" rel=\"noopener\">T\u00e9l\u00e9charger &#8211; PDF<\/a><br \/>\n27\/01\/2026 &#8211; Montrouge &#8211; de Maud Delevaux &#8211; IFCAM : <a href=\"https:\/\/www.cercleape.com\/wp-content\/uploads\/2026\/01\/2026_01_ITW_M_Delevaux_IFCAM_Montrouge.pdf\">T\u00e9l\u00e9charger &#8211; PDF<\/a><br \/>\n29\/01\/2026 &#8211; Caudebec en Caux &#8211; de Natacha Derubay &#8211; CLIPS Lillebonne : <a href=\"https:\/\/www.cercleape.com\/wp-content\/uploads\/2026\/01\/2026_01_ITW_N_Derubay_CLIPS_Caudebec_en_caux.pdf\" target=\"_blank\" rel=\"noopener\">T\u00e9l\u00e9charger &#8211; PDF<\/a><br \/>\n31\/01\/2026 &#8211; Chaville &#8211; de Lina Hamed &#8211; Plume de savoir : <a href=\"https:\/\/www.cercleape.com\/wp-content\/uploads\/2026\/02\/2026_02_ITW_L_Hamed_Chaville.pdf\">T\u00e9l\u00e9charger &#8211; PDF<\/a><br \/>\n05\/02\/2026 &#8211; En ligne (20h) &#8211; de Emilie Caillon &#8211; EDGAR POW WOW Productions et Formations : <a href=\"https:\/\/www.cercleape.com\/wp-content\/uploads\/2026\/01\/2026_01_ITW_E_Caillon_Paris_002bis.pdf\" target=\"_blank\" rel=\"noopener\">T\u00e9l\u00e9charger &#8211; PDF<\/a><\/p>\n<p>Tous les festivals d\u00e9clar\u00e9s sur la plate-forme du LPi (Learning Planet) :<br \/>\n<a href=\"https:\/\/www.learning-planet.org\/fr\/calendar\/\" target=\"_blank\" rel=\"noopener\">https:\/\/www.learning-planet.org\/fr\/calendar\/<\/a><br \/>\ndont &gt; <a href=\"https:\/\/www.learning-planet.org\/event\/apprendre-avec-lart-ou-lart-dapprendre\/\" target=\"_blank\" rel=\"noopener\">https:\/\/www.learning-planet.org\/event\/apprendre-avec-lart-ou-lart-dapprendre\/<\/a><\/p>\n","protected":false},"excerpt":{"rendered":"<p>Planning &#8211; Date de mise \u00e0 jour : 09\/02\/2026 Dates Lieu Modalit\u00e9 Informations 15\/01\/26\u00a0 18h00 Rouen Pr\u00e9sentiel Entre les lignes &hellip; <\/p>\n","protected":false},"author":12,"featured_media":0,"parent":0,"menu_order":0,"comment_status":"closed","ping_status":"closed","template":"","meta":{"footnotes":""},"class_list":["post-7156","page","type-page","status-publish","hentry"],"_links":{"self":[{"href":"https:\/\/www.cercleape.com\/index.php?rest_route=\/wp\/v2\/pages\/7156","targetHints":{"allow":["GET"]}}],"collection":[{"href":"https:\/\/www.cercleape.com\/index.php?rest_route=\/wp\/v2\/pages"}],"about":[{"href":"https:\/\/www.cercleape.com\/index.php?rest_route=\/wp\/v2\/types\/page"}],"author":[{"embeddable":true,"href":"https:\/\/www.cercleape.com\/index.php?rest_route=\/wp\/v2\/users\/12"}],"replies":[{"embeddable":true,"href":"https:\/\/www.cercleape.com\/index.php?rest_route=%2Fwp%2Fv2%2Fcomments&post=7156"}],"version-history":[{"count":38,"href":"https:\/\/www.cercleape.com\/index.php?rest_route=\/wp\/v2\/pages\/7156\/revisions"}],"predecessor-version":[{"id":7216,"href":"https:\/\/www.cercleape.com\/index.php?rest_route=\/wp\/v2\/pages\/7156\/revisions\/7216"}],"wp:attachment":[{"href":"https:\/\/www.cercleape.com\/index.php?rest_route=%2Fwp%2Fv2%2Fmedia&parent=7156"}],"curies":[{"name":"wp","href":"https:\/\/api.w.org\/{rel}","templated":true}]}}