{"id":738,"date":"2017-07-03T17:18:03","date_gmt":"2017-07-03T16:18:03","guid":{"rendered":"https:\/\/cercleape.wordpress.com\/?page_id=738"},"modified":"2017-07-03T17:18:03","modified_gmt":"2017-07-03T16:18:03","slug":"les-sponsors","status":"publish","type":"page","link":"https:\/\/www.cercleape.com\/?page_id=738","title":{"rendered":"Les partenaires"},"content":{"rendered":"<p>Les partenaires du Hackathon du Cercle APE\u00a0\u00a0?<\/p>\n<p style=\"text-align:left;\"><em>Des profils vari\u00e9s&#8230;<\/em><em>Parmi eux, des sponsors : apporteurs financiers, des partenaires : qui contribuent au hackathon \u00e0 travers des apports technologiques, d&rsquo;id\u00e9es, de visibilit\u00e9. <\/em><em><strong>Leur point commun ?<\/strong> l&rsquo;envie d&rsquo;associer leur image \u00e0 un projet innovant et hors les murs.<\/em><\/p>\n<div id='gallery-1' class='gallery galleryid-738 gallery-columns-3 gallery-size-thumbnail'><figure class='gallery-item'>\n\t\t\t<div class='gallery-icon landscape'>\n\t\t\t\t<a href='https:\/\/www.cercleape.com\/?attachment_id=1082'><img loading=\"lazy\" decoding=\"async\" width=\"150\" height=\"150\" src=\"https:\/\/www.cercleape.com\/wp-content\/uploads\/2017\/07\/3-150x150.jpg\" class=\"attachment-thumbnail size-thumbnail\" alt=\"\" srcset=\"https:\/\/www.cercleape.com\/wp-content\/uploads\/2017\/07\/3-150x150.jpg 150w, https:\/\/www.cercleape.com\/wp-content\/uploads\/2017\/07\/3-300x300.jpg 300w, https:\/\/www.cercleape.com\/wp-content\/uploads\/2017\/07\/3-768x768.jpg 768w, https:\/\/www.cercleape.com\/wp-content\/uploads\/2017\/07\/3.jpg 800w\" sizes=\"auto, (max-width: 150px) 100vw, 150px\" \/><\/a>\n\t\t\t<\/div><\/figure><figure class='gallery-item'>\n\t\t\t<div class='gallery-icon landscape'>\n\t\t\t\t<a href='https:\/\/www.cercleape.com\/?attachment_id=1083'><img loading=\"lazy\" decoding=\"async\" width=\"150\" height=\"150\" src=\"https:\/\/www.cercleape.com\/wp-content\/uploads\/2017\/07\/4-150x150.jpg\" class=\"attachment-thumbnail size-thumbnail\" alt=\"\" srcset=\"https:\/\/www.cercleape.com\/wp-content\/uploads\/2017\/07\/4-150x150.jpg 150w, https:\/\/www.cercleape.com\/wp-content\/uploads\/2017\/07\/4-300x300.jpg 300w, https:\/\/www.cercleape.com\/wp-content\/uploads\/2017\/07\/4-768x768.jpg 768w, https:\/\/www.cercleape.com\/wp-content\/uploads\/2017\/07\/4.jpg 800w\" sizes=\"auto, (max-width: 150px) 100vw, 150px\" \/><\/a>\n\t\t\t<\/div><\/figure><figure class='gallery-item'>\n\t\t\t<div class='gallery-icon landscape'>\n\t\t\t\t<a href='https:\/\/www.cercleape.com\/?attachment_id=1084'><img loading=\"lazy\" decoding=\"async\" width=\"150\" height=\"150\" src=\"https:\/\/www.cercleape.com\/wp-content\/uploads\/2017\/07\/5-150x150.jpg\" class=\"attachment-thumbnail size-thumbnail\" alt=\"\" srcset=\"https:\/\/www.cercleape.com\/wp-content\/uploads\/2017\/07\/5-150x150.jpg 150w, https:\/\/www.cercleape.com\/wp-content\/uploads\/2017\/07\/5-300x300.jpg 300w, https:\/\/www.cercleape.com\/wp-content\/uploads\/2017\/07\/5-768x768.jpg 768w, https:\/\/www.cercleape.com\/wp-content\/uploads\/2017\/07\/5.jpg 800w\" sizes=\"auto, (max-width: 150px) 100vw, 150px\" \/><\/a>\n\t\t\t<\/div><\/figure><figure class='gallery-item'>\n\t\t\t<div class='gallery-icon landscape'>\n\t\t\t\t<a href='https:\/\/www.cercleape.com\/?attachment_id=1085'><img loading=\"lazy\" decoding=\"async\" width=\"150\" height=\"150\" src=\"https:\/\/www.cercleape.com\/wp-content\/uploads\/2017\/07\/6-150x150.jpg\" class=\"attachment-thumbnail size-thumbnail\" alt=\"\" srcset=\"https:\/\/www.cercleape.com\/wp-content\/uploads\/2017\/07\/6-150x150.jpg 150w, https:\/\/www.cercleape.com\/wp-content\/uploads\/2017\/07\/6-300x300.jpg 300w, https:\/\/www.cercleape.com\/wp-content\/uploads\/2017\/07\/6-768x768.jpg 768w, https:\/\/www.cercleape.com\/wp-content\/uploads\/2017\/07\/6.jpg 800w\" sizes=\"auto, (max-width: 150px) 100vw, 150px\" \/><\/a>\n\t\t\t<\/div><\/figure><figure class='gallery-item'>\n\t\t\t<div class='gallery-icon landscape'>\n\t\t\t\t<a href='https:\/\/www.cercleape.com\/?attachment_id=1086'><img loading=\"lazy\" decoding=\"async\" width=\"150\" height=\"150\" src=\"https:\/\/www.cercleape.com\/wp-content\/uploads\/2017\/07\/1-150x150.jpg\" class=\"attachment-thumbnail size-thumbnail\" alt=\"\" srcset=\"https:\/\/www.cercleape.com\/wp-content\/uploads\/2017\/07\/1-150x150.jpg 150w, https:\/\/www.cercleape.com\/wp-content\/uploads\/2017\/07\/1-300x300.jpg 300w, https:\/\/www.cercleape.com\/wp-content\/uploads\/2017\/07\/1-768x768.jpg 768w, https:\/\/www.cercleape.com\/wp-content\/uploads\/2017\/07\/1.jpg 800w\" sizes=\"auto, (max-width: 150px) 100vw, 150px\" \/><\/a>\n\t\t\t<\/div><\/figure>\n\t\t<\/div>\n\n<hr \/>\n<p>Aujourd&rsquo;hui nos partenaires sont :<\/p>\n<p>&nbsp;<\/p>\n<table border=\"\u00bb1\u2033\" width=\"\u00bb450\u2033\" cellspacing=\"\u00bb0\u2033\" cellpadding=\"\u00bb0\u2033\">\n<tbody>\n<tr>\n<td><a href=\"http:\/\/www.agence-erasmus.fr\" target=\"_blank\" rel=\"noopener\"><img loading=\"lazy\" decoding=\"async\" class=\" size-full wp-image-1125 aligncenter\" src=\"https:\/\/cercleape.files.wordpress.com\/2017\/07\/41.jpg\" alt=\"Erasmus\" width=\"940\" height=\"788\" srcset=\"https:\/\/www.cercleape.com\/wp-content\/uploads\/2017\/07\/41.jpg 940w, https:\/\/www.cercleape.com\/wp-content\/uploads\/2017\/07\/41-300x251.jpg 300w, https:\/\/www.cercleape.com\/wp-content\/uploads\/2017\/07\/41-768x644.jpg 768w\" sizes=\"auto, (max-width: 940px) 100vw, 940px\" \/><\/a><\/td>\n<td><a href=\"http:\/\/apprenance-ipfa.net\/\" target=\"_blank\" rel=\"noopener\"><img loading=\"lazy\" decoding=\"async\" class=\"  wp-image-1787 aligncenter\" src=\"https:\/\/www.cercleape.com\/wp-content\/uploads\/2017\/09\/apprenance_logo.png\" alt=\"apprenance_logo.png\" width=\"106\" height=\"107\" srcset=\"https:\/\/www.cercleape.com\/wp-content\/uploads\/2017\/09\/apprenance_logo.png 939w, https:\/\/www.cercleape.com\/wp-content\/uploads\/2017\/09\/apprenance_logo-297x300.png 297w, https:\/\/www.cercleape.com\/wp-content\/uploads\/2017\/09\/apprenance_logo-150x150.png 150w, https:\/\/www.cercleape.com\/wp-content\/uploads\/2017\/09\/apprenance_logo-768x776.png 768w\" sizes=\"auto, (max-width: 106px) 100vw, 106px\" \/><\/a><\/td>\n<td><a href=\"http:\/\/www.cegos.fr\" target=\"_blank\" rel=\"noopener\"><img loading=\"lazy\" decoding=\"async\" class=\"  wp-image-1123 aligncenter\" src=\"https:\/\/cercleape.files.wordpress.com\/2017\/07\/21.jpg\" alt=\"Cegos\" width=\"179\" height=\"150\" srcset=\"https:\/\/www.cercleape.com\/wp-content\/uploads\/2017\/07\/21.jpg 940w, https:\/\/www.cercleape.com\/wp-content\/uploads\/2017\/07\/21-300x251.jpg 300w, https:\/\/www.cercleape.com\/wp-content\/uploads\/2017\/07\/21-768x644.jpg 768w\" sizes=\"auto, (max-width: 179px) 100vw, 179px\" \/><\/a><\/td>\n<\/tr>\n<tr>\n<td><a href=\"http:\/\/www.ciffco.com\/fr\/accueil\/\" target=\"_blank\" rel=\"noopener\"><img loading=\"lazy\" decoding=\"async\" class=\"alignnone size-full wp-image-1120\" src=\"https:\/\/cercleape.files.wordpress.com\/2017\/07\/8.jpg\" alt=\"Ciffco\" width=\"940\" height=\"788\" srcset=\"https:\/\/www.cercleape.com\/wp-content\/uploads\/2017\/07\/8.jpg 940w, https:\/\/www.cercleape.com\/wp-content\/uploads\/2017\/07\/8-300x251.jpg 300w, https:\/\/www.cercleape.com\/wp-content\/uploads\/2017\/07\/8-768x644.jpg 768w\" sizes=\"auto, (max-width: 940px) 100vw, 940px\" \/><\/a><\/td>\n<td><a href=\"http:\/\/www.clg-picasso-montesson.com\" target=\"_blank\" rel=\"noopener\"><img loading=\"lazy\" decoding=\"async\" class=\"  wp-image-1834 aligncenter\" src=\"https:\/\/www.cercleape.com\/wp-content\/uploads\/2017\/09\/collc3a8ge-pablo-picasso_ok.png\" alt=\"Colle\u0300ge Pablo Picasso_ok.png\" width=\"109\" height=\"109\" srcset=\"https:\/\/www.cercleape.com\/wp-content\/uploads\/2017\/09\/collc3a8ge-pablo-picasso_ok.png 239w, https:\/\/www.cercleape.com\/wp-content\/uploads\/2017\/09\/collc3a8ge-pablo-picasso_ok-150x150.png 150w\" sizes=\"auto, (max-width: 109px) 100vw, 109px\" \/><\/a><\/td>\n<td><a href=\"https:\/\/www.cyranomega.com\" target=\"_blank\" rel=\"noopener\"><img loading=\"lazy\" decoding=\"async\" class=\"alignnone size-full wp-image-1122\" src=\"https:\/\/cercleape.files.wordpress.com\/2017\/07\/11.jpg\" alt=\"Cyranomega\" width=\"940\" height=\"788\" srcset=\"https:\/\/www.cercleape.com\/wp-content\/uploads\/2017\/07\/11.jpg 940w, https:\/\/www.cercleape.com\/wp-content\/uploads\/2017\/07\/11-300x251.jpg 300w, https:\/\/www.cercleape.com\/wp-content\/uploads\/2017\/07\/11-768x644.jpg 768w\" sizes=\"auto, (max-width: 940px) 100vw, 940px\" \/><\/a><\/td>\n<\/tr>\n<tr>\n<td><a href=\"https:\/\/www.3ds.com\/fr\/\" target=\"_blank\" rel=\"noopener\"><img loading=\"lazy\" decoding=\"async\" class=\"alignnone size-full wp-image-1230\" src=\"https:\/\/cercleape.files.wordpress.com\/2017\/07\/dassault-systemes.png\" alt=\"DASSAULT SYSTEMES\" width=\"177\" height=\"50\" \/><\/a><\/td>\n<td><a href=\"http:\/\/www.digitalandhuman.fr\" target=\"_blank\" rel=\"noopener\"><img loading=\"lazy\" decoding=\"async\" class=\"alignnone size-full wp-image-1681\" src=\"https:\/\/www.cercleape.com\/wp-content\/uploads\/2017\/09\/digital_human.png\" alt=\"Digital_human\" width=\"266\" height=\"41\" \/><\/a><\/td>\n<td><a href=\"https:\/\/digital-learning-academy.com\" target=\"_blank\" rel=\"noopener\"><img loading=\"lazy\" decoding=\"async\" class=\"  wp-image-1225 aligncenter\" src=\"https:\/\/cercleape.files.wordpress.com\/2017\/07\/digital-learning-acadc3a9my.jpeg\" alt=\"Digital Learning Acad\u00e9my\" width=\"169\" height=\"169\" srcset=\"https:\/\/www.cercleape.com\/wp-content\/uploads\/2017\/07\/digital-learning-acadc3a9my.jpeg 204w, https:\/\/www.cercleape.com\/wp-content\/uploads\/2017\/07\/digital-learning-acadc3a9my-150x150.jpeg 150w\" sizes=\"auto, (max-width: 169px) 100vw, 169px\" \/><\/a><\/td>\n<\/tr>\n<tr>\n<td><a href=\"http:\/\/www.enza-conseil.fr\/\" target=\"_blank\" rel=\"noopener\"><img loading=\"lazy\" decoding=\"async\" class=\"alignnone size-full wp-image-1232\" src=\"https:\/\/cercleape.files.wordpress.com\/2017\/07\/enza-conseil.jpeg\" alt=\"Enza Conseil\" width=\"300\" height=\"90\" \/><\/a><\/td>\n<td><a href=\"http:\/\/www.agence-erasmus.fr\/page\/EPALE\" target=\"_blank\" rel=\"noopener\"><img loading=\"lazy\" decoding=\"async\" class=\"alignnone size-full wp-image-1896\" src=\"https:\/\/www.cercleape.com\/wp-content\/uploads\/2017\/10\/epale_logo.png\" alt=\"EPALE_Logo\" width=\"520\" height=\"521\" srcset=\"https:\/\/www.cercleape.com\/wp-content\/uploads\/2017\/10\/epale_logo.png 520w, https:\/\/www.cercleape.com\/wp-content\/uploads\/2017\/10\/epale_logo-300x300.png 300w, https:\/\/www.cercleape.com\/wp-content\/uploads\/2017\/10\/epale_logo-150x150.png 150w\" sizes=\"auto, (max-width: 520px) 100vw, 520px\" \/><\/a><\/td>\n<td><a href=\"http:\/\/www.fromont-briens.com\/fr\/metiers\/4-formation\" target=\"_blank\" rel=\"noopener\"><img loading=\"lazy\" decoding=\"async\" class=\"alignnone size-full wp-image-1233\" src=\"https:\/\/cercleape.files.wordpress.com\/2017\/07\/fromont-briens.jpeg\" alt=\"FROMONT-BRIENS\" width=\"483\" height=\"104\" srcset=\"https:\/\/www.cercleape.com\/wp-content\/uploads\/2017\/07\/fromont-briens.jpeg 483w, https:\/\/www.cercleape.com\/wp-content\/uploads\/2017\/07\/fromont-briens-300x65.jpeg 300w\" sizes=\"auto, (max-width: 483px) 100vw, 483px\" \/><\/a><\/td>\n<\/tr>\n<tr>\n<td><a href=\"https:\/\/www.generixgroup.com\" target=\"_blank\" rel=\"noopener\"><img loading=\"lazy\" decoding=\"async\" class=\" size-full wp-image-1234 aligncenter\" src=\"https:\/\/cercleape.files.wordpress.com\/2017\/07\/generix.jpeg\" alt=\"GENERIX\" width=\"224\" height=\"104\" \/><\/a><\/td>\n<td><a href=\"http:\/\/groupe-interface.fr\" target=\"_blank\" rel=\"noopener\"><img loading=\"lazy\" decoding=\"async\" class=\" size-full wp-image-1119 alignnone\" src=\"https:\/\/cercleape.files.wordpress.com\/2017\/07\/7.jpg\" alt=\"Interface\" width=\"940\" height=\"788\" srcset=\"https:\/\/www.cercleape.com\/wp-content\/uploads\/2017\/07\/7.jpg 940w, https:\/\/www.cercleape.com\/wp-content\/uploads\/2017\/07\/7-300x251.jpg 300w, https:\/\/www.cercleape.com\/wp-content\/uploads\/2017\/07\/7-768x644.jpg 768w\" sizes=\"auto, (max-width: 940px) 100vw, 940px\" \/><\/a><\/td>\n<td><a href=\"http:\/\/www.ca-ifcam.fr\/\" target=\"_blank\" rel=\"noopener\"><img loading=\"lazy\" decoding=\"async\" class=\"  wp-image-1129 aligncenter\" src=\"https:\/\/cercleape.files.wordpress.com\/2017\/07\/13.png\" alt=\"Ifcam\" width=\"216\" height=\"180\" srcset=\"https:\/\/www.cercleape.com\/wp-content\/uploads\/2017\/07\/13.png 940w, https:\/\/www.cercleape.com\/wp-content\/uploads\/2017\/07\/13-300x251.png 300w, https:\/\/www.cercleape.com\/wp-content\/uploads\/2017\/07\/13-768x644.png 768w\" sizes=\"auto, (max-width: 216px) 100vw, 216px\" \/><\/a><\/td>\n<\/tr>\n<tr>\n<td><a href=\"https:\/\/il-di.com\" target=\"_blank\" rel=\"noopener\"><img loading=\"lazy\" decoding=\"async\" class=\"alignnone size-full wp-image-1124\" src=\"https:\/\/cercleape.files.wordpress.com\/2017\/07\/31.jpg\" alt=\"Il&amp;di\" width=\"940\" height=\"788\" srcset=\"https:\/\/www.cercleape.com\/wp-content\/uploads\/2017\/07\/31.jpg 940w, https:\/\/www.cercleape.com\/wp-content\/uploads\/2017\/07\/31-300x251.jpg 300w, https:\/\/www.cercleape.com\/wp-content\/uploads\/2017\/07\/31-768x644.jpg 768w\" sizes=\"auto, (max-width: 940px) 100vw, 940px\" \/><\/a><\/td>\n<td><a href=\"http:\/\/www.leading.fr\" target=\"_blank\" rel=\"noopener\"><img loading=\"lazy\" decoding=\"async\" class=\"alignnone size-full wp-image-1244\" src=\"https:\/\/cercleape.files.wordpress.com\/2017\/07\/leading-logo.png\" alt=\"leading-logo\" width=\"244\" height=\"164\" \/><\/a><\/td>\n<td style=\"text-align:center;\"><a href=\"http:\/\/www.learnassembly.com\" target=\"_blank\" rel=\"noopener\"><img loading=\"lazy\" decoding=\"async\" class=\"alignnone size-full wp-image-1143\" src=\"https:\/\/cercleape.files.wordpress.com\/2017\/07\/learn-assembly.png\" alt=\"Learn Assembly\" width=\"368\" height=\"137\" srcset=\"https:\/\/www.cercleape.com\/wp-content\/uploads\/2017\/07\/learn-assembly.png 368w, https:\/\/www.cercleape.com\/wp-content\/uploads\/2017\/07\/learn-assembly-300x112.png 300w\" sizes=\"auto, (max-width: 368px) 100vw, 368px\" \/><\/a><\/td>\n<\/tr>\n<tr>\n<td><a href=\"http:\/\/www.medecinsdumonde.org\/fr\" target=\"_blank\" rel=\"noopener\"><img loading=\"lazy\" decoding=\"async\" class=\" size-full wp-image-1127 aligncenter\" src=\"https:\/\/cercleape.files.wordpress.com\/2017\/07\/111.png\" alt=\"M\u00e9decins du monde\" width=\"940\" height=\"788\" srcset=\"https:\/\/www.cercleape.com\/wp-content\/uploads\/2017\/07\/111.png 940w, https:\/\/www.cercleape.com\/wp-content\/uploads\/2017\/07\/111-300x251.png 300w, https:\/\/www.cercleape.com\/wp-content\/uploads\/2017\/07\/111-768x644.png 768w\" sizes=\"auto, (max-width: 940px) 100vw, 940px\" \/><\/a><\/td>\n<td><a href=\"https:\/\/www.minedesavoirs.com\" target=\"_blank\" rel=\"noopener\"><img loading=\"lazy\" decoding=\"async\" class=\"alignnone size-full wp-image-1116\" src=\"https:\/\/cercleape.files.wordpress.com\/2017\/07\/10.jpg\" alt=\"Mines de savoir\" width=\"940\" height=\"788\" srcset=\"https:\/\/www.cercleape.com\/wp-content\/uploads\/2017\/07\/10.jpg 940w, https:\/\/www.cercleape.com\/wp-content\/uploads\/2017\/07\/10-300x251.jpg 300w, https:\/\/www.cercleape.com\/wp-content\/uploads\/2017\/07\/10-768x644.jpg 768w\" sizes=\"auto, (max-width: 940px) 100vw, 940px\" \/><\/a><\/td>\n<td><a href=\"https:\/\/okoni.fr\/fr\" target=\"_blank\" rel=\"noopener\"><img loading=\"lazy\" decoding=\"async\" class=\"alignnone size-full wp-image-1126\" src=\"https:\/\/cercleape.files.wordpress.com\/2017\/07\/14.png\" alt=\"Okoni\" width=\"940\" height=\"788\" srcset=\"https:\/\/www.cercleape.com\/wp-content\/uploads\/2017\/07\/14.png 940w, https:\/\/www.cercleape.com\/wp-content\/uploads\/2017\/07\/14-300x251.png 300w, https:\/\/www.cercleape.com\/wp-content\/uploads\/2017\/07\/14-768x644.png 768w\" sizes=\"auto, (max-width: 940px) 100vw, 940px\" \/><\/a><\/td>\n<\/tr>\n<tr>\n<td><a href=\"http:\/\/Rapidmooc.com\" target=\"_blank\" rel=\"noopener\"><img loading=\"lazy\" decoding=\"async\" class=\"alignnone size-full wp-image-1784\" src=\"https:\/\/www.cercleape.com\/wp-content\/uploads\/2017\/09\/rapidmooc_logo.png\" alt=\"RapidMooc_logo\" width=\"924\" height=\"557\" srcset=\"https:\/\/www.cercleape.com\/wp-content\/uploads\/2017\/09\/rapidmooc_logo.png 924w, https:\/\/www.cercleape.com\/wp-content\/uploads\/2017\/09\/rapidmooc_logo-300x181.png 300w, https:\/\/www.cercleape.com\/wp-content\/uploads\/2017\/09\/rapidmooc_logo-768x463.png 768w\" sizes=\"auto, (max-width: 924px) 100vw, 924px\" \/><\/a><\/td>\n<td>\n<p><figure id=\"attachment_1900\" aria-describedby=\"caption-attachment-1900\" style=\"width: 181px\" class=\"wp-caption alignnone\"><img loading=\"lazy\" decoding=\"async\" class=\"alignnone size-full wp-image-1900\" src=\"https:\/\/www.cercleape.com\/wp-content\/uploads\/2017\/10\/image.png\" alt=\"Roche'Fort en Bulles\" width=\"181\" height=\"181\" srcset=\"https:\/\/www.cercleape.com\/wp-content\/uploads\/2017\/10\/image.png 181w, https:\/\/www.cercleape.com\/wp-content\/uploads\/2017\/10\/image-150x150.png 150w\" sizes=\"auto, (max-width: 181px) 100vw, 181px\" \/><figcaption id=\"caption-attachment-1900\" class=\"wp-caption-text\">Roche&rsquo;Fort en Bulles<\/figcaption><\/figure><\/td>\n<td>\u00a0<a href=\"https:\/\/www.rers-asso.org\" target=\"_blank\" rel=\"noopener\"><img loading=\"lazy\" decoding=\"async\" class=\"alignnone size-full wp-image-1144\" src=\"https:\/\/cercleape.files.wordpress.com\/2017\/07\/savoirs.jpg\" alt=\"SAVOIRS\" width=\"196\" height=\"295\" \/><\/a><\/td>\n<\/tr>\n<tr>\n<td><a href=\"http:\/\/www.speedernet.fr\" target=\"_blank\" rel=\"noopener\"><img loading=\"lazy\" decoding=\"async\" class=\"alignnone size-full wp-image-1128\" src=\"https:\/\/cercleape.files.wordpress.com\/2017\/07\/12.png\" alt=\"12\" width=\"940\" height=\"788\" srcset=\"https:\/\/www.cercleape.com\/wp-content\/uploads\/2017\/07\/12.png 940w, https:\/\/www.cercleape.com\/wp-content\/uploads\/2017\/07\/12-300x251.png 300w, https:\/\/www.cercleape.com\/wp-content\/uploads\/2017\/07\/12-768x644.png 768w\" sizes=\"auto, (max-width: 940px) 100vw, 940px\" \/><\/a><\/td>\n<td>\u00a0<a href=\"http:\/\/teamfactory.fr\/\" target=\"_blank\" rel=\"noopener\"><img loading=\"lazy\" decoding=\"async\" class=\"alignnone size-full wp-image-1704\" src=\"https:\/\/www.cercleape.com\/wp-content\/uploads\/2017\/09\/logo-tf.png\" alt=\"Logo TF\" width=\"642\" height=\"226\" srcset=\"https:\/\/www.cercleape.com\/wp-content\/uploads\/2017\/09\/logo-tf.png 642w, https:\/\/www.cercleape.com\/wp-content\/uploads\/2017\/09\/logo-tf-300x106.png 300w\" sizes=\"auto, (max-width: 642px) 100vw, 642px\" \/><\/a><\/td>\n<td>\u00a0<a href=\"http:\/\/info.theia.fr\/\" target=\"_blank\" rel=\"noopener\"><img loading=\"lazy\" decoding=\"async\" class=\"alignnone size-full wp-image-1702\" src=\"https:\/\/www.cercleape.com\/wp-content\/uploads\/2017\/09\/logo_theia.jpg\" alt=\"logo_theia\" width=\"2953\" height=\"1772\" \/><\/a><\/td>\n<\/tr>\n<tr>\n<td><a href=\"https:\/\/www.totalearn.com\" target=\"_blank\" rel=\"noopener\"><img loading=\"lazy\" decoding=\"async\" class=\"alignnone size-full wp-image-1657\" src=\"https:\/\/www.cercleape.com\/wp-content\/uploads\/2017\/09\/total.png\" alt=\"total\" width=\"356\" height=\"142\" srcset=\"https:\/\/www.cercleape.com\/wp-content\/uploads\/2017\/09\/total.png 356w, https:\/\/www.cercleape.com\/wp-content\/uploads\/2017\/09\/total-300x120.png 300w\" sizes=\"auto, (max-width: 356px) 100vw, 356px\" \/><\/a><\/td>\n<td>\u00a0<a href=\"https:\/\/www.uptale.io\" target=\"_blank\" rel=\"noopener\"><img loading=\"lazy\" decoding=\"async\" class=\"alignnone size-full wp-image-1701\" src=\"https:\/\/www.cercleape.com\/wp-content\/uploads\/2017\/09\/uptale.png\" alt=\"Uptale\" width=\"300\" height=\"118\" \/><\/a><\/td>\n<td><\/td>\n<\/tr>\n<\/tbody>\n<\/table>\n<p><strong>Vos b\u00e9n\u00e9fices d&rsquo;\u00eatre partenaires ?<\/strong><\/p>\n<figure id=\"attachment_1109\" aria-describedby=\"caption-attachment-1109\" style=\"width: 1533px\" class=\"wp-caption alignnone\"><img loading=\"lazy\" decoding=\"async\" class=\"alignnone size-full wp-image-1109\" src=\"https:\/\/cercleape.files.wordpress.com\/2017\/06\/etre-sponsor.jpg\" alt=\"Etre sponsor\" width=\"1533\" height=\"2048\" \/><figcaption id=\"caption-attachment-1109\" class=\"wp-caption-text\">Pourquoi \u00eatre sponsor ?Vous aussi, vous souhaitez devenir partenaire ? <a href=\"http:\/\/cercleape.com\/contact\/\" target=\"_blank\" rel=\"noopener\">Contactez-nous<\/a> !<\/figcaption><\/figure>\n","protected":false},"excerpt":{"rendered":"<p>Les partenaires du Hackathon du Cercle APE\u00a0\u00a0? Des profils vari\u00e9s&#8230;Parmi eux, des sponsors : apporteurs financiers, des partenaires : qui &hellip; <\/p>\n","protected":false},"author":1,"featured_media":0,"parent":173,"menu_order":0,"comment_status":"closed","ping_status":"closed","template":"","meta":{"footnotes":""},"class_list":["post-738","page","type-page","status-publish","hentry"],"_links":{"self":[{"href":"https:\/\/www.cercleape.com\/index.php?rest_route=\/wp\/v2\/pages\/738","targetHints":{"allow":["GET"]}}],"collection":[{"href":"https:\/\/www.cercleape.com\/index.php?rest_route=\/wp\/v2\/pages"}],"about":[{"href":"https:\/\/www.cercleape.com\/index.php?rest_route=\/wp\/v2\/types\/page"}],"author":[{"embeddable":true,"href":"https:\/\/www.cercleape.com\/index.php?rest_route=\/wp\/v2\/users\/1"}],"replies":[{"embeddable":true,"href":"https:\/\/www.cercleape.com\/index.php?rest_route=%2Fwp%2Fv2%2Fcomments&post=738"}],"version-history":[{"count":0,"href":"https:\/\/www.cercleape.com\/index.php?rest_route=\/wp\/v2\/pages\/738\/revisions"}],"up":[{"embeddable":true,"href":"https:\/\/www.cercleape.com\/index.php?rest_route=\/wp\/v2\/pages\/173"}],"wp:attachment":[{"href":"https:\/\/www.cercleape.com\/index.php?rest_route=%2Fwp%2Fv2%2Fmedia&parent=738"}],"curies":[{"name":"wp","href":"https:\/\/api.w.org\/{rel}","templated":true}]}}